{"id":318,"date":"2010-10-20T16:06:16","date_gmt":"2010-10-20T20:06:16","guid":{"rendered":"http:\/\/umaine.edu\/teachingcanada\/"},"modified":"2010-10-20T16:06:16","modified_gmt":"2010-10-20T20:06:16","slug":"la-colonisation-de-lacadie-1604-1607","status":"publish","type":"page","link":"https:\/\/umaine.edu\/teachingcanada\/la-colonisation-de-lacadie-1604-1607\/","title":{"rendered":"La Colonisation de l\u2019Acadie, 1604-1607"},"content":{"rendered":"<p style=\"text-align: center\">Pour voir la version PDF, il est n\u00e9cessaire d&#8217;avoir Adobe Acrobat Reader.<br \/>\n<a href=\"http:\/\/www.adobe.fr\/products\/acrobat\/readstep2.html\" target=\"Blank\">T\u00e9l\u00e9chargez Acrobat Reader ici.<\/a><\/p>\n<p>Cette page comm\u00e9more le 400\u00e8me anniversaire de l\u2019\u00e9tablissement de la colonie fran\u00e7aise sur l\u2019\u00eele Ste-Croix (dans le Maine) en 1604 et \u00e0 Port Royal (aujourd\u2019hui Annapolis Royal en Nouvelle-\u00c9cosse) en 1605. Quoique ni l\u2019une ni l\u2019autre de ces colonies n\u2019a dur\u00e9 tr\u00e8s longtemps, elles marquent les d\u00e9buts d\u2019une pr\u00e9sence fran\u00e7aise dans une r\u00e9gion qui s\u2019appelle depuis l\u2019Acadie et qui comprend ce qui est aujourd\u2019hui l\u2019est de l\u2019\u00e9tat du Maine (Etats-Unis) et les provinces canadiennes du Nouveau-Brunswick, de la Nouvelle-\u00c9cosse et de l\u2019\u00cele-du-Prince-\u00c9douard.<\/p>\n<p>Au d\u00e9but du XVII\u00e8me si\u00e8cle, la France et l\u2019Angleterre, profitant d\u2019une diminution de l\u2019influence espagnole le long de la c\u00f4te de l\u2019Am\u00e9rique du Nord, ont affirm\u00e9 leur contr\u00f4le de cette r\u00e9gion. Dans le nord-est les pr\u00e9tentions \u00e0 la terre se d\u00e9passent\u00a0: ce qui est aujourd\u2019hui le golfe du Maine est t\u00f4t divis\u00e9 entre les int\u00e9r\u00eats anglais de la baie Blanche (la baie du Massachusetts) et les entreprises fran\u00e7aises de la baie Fran\u00e7aise (la baie de Fundy).<\/p>\n<p>En 1604 une exp\u00e9dition fran\u00e7aise men\u00e9e par Pierre Du Gua, Sieur De Monts a mouill\u00e9 l\u2019ancre sur la c\u00f4te du sud-est de ce qui est maintenant la Nouvelle-\u00c9cosse. Le g\u00e9ographe et cartographe, Samuel de Champlain faisait partie de l\u2019\u00e9quipage. Apr\u00e8s avoir fait l\u2019exploration de la baie Fran\u00e7aise, le sieur De Monts a \u00e9tabli une colonie sur l\u2019\u00eele Ste-Croix. Pendant l\u2019\u00e9t\u00e9 et l\u2019automne de 1604, Champlain s\u2019est aventur\u00e9 le long de la c\u00f4te du Maine jusqu\u2019\u00e0 la rivi\u00e8re Penobscot. C\u2019est lui qui a nomm\u00e9 l\u2019\u00eele du Mont D\u00e9sert et l\u2019\u00eele au Haut, qui deviendront deux points de rep\u00e8re importants \u00e0 la navigation de la c\u00f4te. Il a en plus fait la reconnaissance de la rivi\u00e8re Penobscot pour y trouver la ville mythique de Norumbega.<\/p>\n<figure class=\"wp-caption aligncenter\"><a href=\"\/teachingcanada\/wp-content\/uploads\/sites\/176\/2010\/10\/champlain-1604-route.jpg\"><img loading=\"lazy\" decoding=\"async\" class=\"   \" src=\"\/canam\/files\/2009\/10\/champlain-1604-route.jpg\" alt=\"a map of Champlain's explorations of the coastal regions of Maine and the Maritime Provinces\" width=\"462\" height=\"354\" \/><\/a><figcaption class=\"wp-caption-text\">Pour une version PDF plus d\u00e9taill\u00e9e de cette image, cliquez ici.<\/figcaption><\/figure>\n<hr \/>\n<p>Les explorateurs fran\u00e7ais on choisi l\u2019\u00eele Ste-Croix \u00e0 cause de son emplacement qui offrait un ancrage s\u00fbr et un site d\u00e9fendable. L\u2019\u00e9quipage y construit une fortification, des maisons, un entrep\u00f4t et une chapelle et d\u00e9friche l\u2019\u00eele et la c\u00f4te de la rivi\u00e8re. Un hiver rude et la cong\u00e9lation de la rivi\u00e8re isolent la colonie sur l\u2019\u00eele et m\u00e8nent au manque d\u2019eau et de vivres, \u00e0 une \u00e9pid\u00e9mie de scorbut et \u00e0 la mort de 35 hommes, la moiti\u00e9 de la compagnie.<\/p>\n<div style=\"width: 100%;clear: both;height: 300px\">\n<div style=\"width: 50%;clear: left;float: left;text-align: center\">\n<figure class=\"wp-caption alignnone\"><img loading=\"lazy\" decoding=\"async\" class=\" \" src=\"\/canam\/files\/2009\/10\/St-Croix-isle-map-v3.jpg\" alt=\"Champlain\u2019s map of the French settlement on Saint Croix Island, 1604-05. \" width=\"230\" height=\"139\" \/><figcaption class=\"wp-caption-text\">Voici la carte que dessina Champlain de la colonie fran\u00e7aise \u00e0 l&#039;\u00eele Sainte-Croix entre 1604-05. Un vaisseau qui aurait servi aux voyages transatlantiques appara\u00eet \u00e0 gauche; une chaloupe servant \u00e0 l&#039;exploration de la c\u00f4te nord-am\u00e9ricaine appara\u00eet \u00e0 droite. <\/figcaption><\/figure>\n<\/div>\n<div style=\"width: 50%;clear: right;float: left;text-align: center\">\n<figure class=\"wp-caption alignnone\"><img loading=\"lazy\" decoding=\"async\" class=\" \" src=\"\/canam\/files\/2009\/10\/St-Croix-Settle-v2.jpg\" alt=\"Champlain\u2019s plan of the French settlement on Saint Croix Island, 1604-05.\" width=\"202\" height=\"154\" \/><figcaption class=\"wp-caption-text\">Voici le plan de la colonie fran\u00e7aise \u00e0 l&#039;\u00eele Sainte-Croix. Il semble peu probable que de telles structures et de tels jardins y aient \u00e9t\u00e9 construits. <\/figcaption><\/figure>\n<\/div>\n<\/div>\n<p style=\"text-align: center\"><img loading=\"lazy\" decoding=\"async\" class=\"aligncenter\" src=\"\/canam\/files\/2009\/10\/st-croix-photov2-copy.jpg\" alt=\"St. Croix Island from the air\" width=\"480\" height=\"167\" \/><\/p>\n<p>Les fran\u00e7ais se sont d&#8217;abord \u00e9tablis \u00e0 l&#8217;\u00eele Sainte-Croix situ\u00e9e au milieu de la rivi\u00e8re Sainte-Croix. Dans son journal, Samuel de Champlain fait remarquer les difficult\u00e9s de reconna\u00eetre ce pays sans y avoir hivern\u00e9, car y arrivant en \u00e9t\u00e9 tout y est fort agr\u00e9able \u00e0 cause des bois, beaux pays &amp; bonnes p\u00eacheries de poissons de plusieurs sortes que nous y trouv\u00e2mes. Il y a six mois d&#8217;hiver dans ce pays.<\/p>\n<hr \/>\n<figure class=\"wp-caption alignright\"><img loading=\"lazy\" decoding=\"async\" src=\"\/canam\/files\/2009\/10\/Port-Royal-Habitation4.jpg\" alt=\"Reconstruction of the settlement of Port-Royal.\" width=\"168\" height=\"195\" \/><figcaption class=\"wp-caption-text\">Reconstruction de la colonie de Port-Royal<\/figcaption><\/figure>\n<p>L\u2019\u00e9t\u00e9 suivant De Monts et Champlain ont men\u00e9 une exp\u00e9dition le long de la c\u00f4te de ce qui est actuellement le Maine et le Massachusetts. Ils ont explor\u00e9 les rivi\u00e8res Kennebec et Androscoggin et ont atteint le cap Blanc (Cape Cod). D\u00e8s leur retour, ils ont abandonn\u00e9 l\u2019emplacement de l\u2019\u00eele Ste-Croix et ils ont travers\u00e9 la baie Fran\u00e7aise pour reconstruire une habitation \u00e0 Port Royal. Celle-ci, convenable \u00e0 abriter des colons, leurs vivres et leurs ateliers, a servi de mod\u00e8le pour la construction de postes de traite un peu partout sur le continent nord-am\u00e9ricain aux XVII\u00e8me et au XVIII\u00e8me si\u00e8cles. Pendant l\u2019hiver de 1605\/6 le scorbut a r\u00e9clam\u00e9 douze nouvelles victimes parmi l\u2019\u00e9quipage.<\/p>\n<figure class=\"wp-caption alignright\"><img loading=\"lazy\" decoding=\"async\" src=\"\/canam\/files\/2009\/10\/Port-Royal-house-v2.jpg\" alt=\"Champlain's view of the settlement of Port-Royal.\" width=\"216\" height=\"153\" \/><figcaption class=\"wp-caption-text\">Illustration de Champlain de la colonie de Port-Royal<\/figcaption><\/figure>\n<p>L\u2019\u00e9t\u00e9 de 1606 Champlain a travaill\u00e9 \u00e0 une \u00e9bauche de sa carte de la r\u00e9gion et a men\u00e9 une nouvelle reconnaissance du cap Blanc. L\u2019hiver cette ann\u00e9e-l\u00e0 a \u00e9t\u00e9 plus facile et la colonie en a profit\u00e9 pour am\u00e9liorer sa situation. La colonie apprend que le roi a r\u00e9voqu\u00e9 le monopole du sieur De Monts et tous les colons, sauf un gardien, sont rentr\u00e9s en France l\u2019\u00e9t\u00e9 m\u00eame. Pour faire le bilan de ces premi\u00e8res ann\u00e9es, les fran\u00e7ais avaient beaucoup d\u00e9couvert de la g\u00e9ographie de la r\u00e9gion\u00a0;\u00a0 ils avaient appris \u00e0 faire le commerce avec les am\u00e9rindiens\u00a0; et ils avaient d\u00e9montr\u00e9 que la terre y \u00e9tait fertile et arable.<\/p>\n<p>Au XX\u00e8me si\u00e8cle, le Maine et la Nouvelle-\u00c9cosse ont c\u00e9l\u00e9br\u00e9 les explorations fran\u00e7aises et la colonisation de l\u2019Acadie. Dans le Maine, une partie de l\u2019\u00eele du Mont D\u00e9sert a \u00e9t\u00e9 d\u00e9sign\u00e9e terrain f\u00e9d\u00e9ral prot\u00e9g\u00e9. D\u2019abord nomm\u00e9e Sieur De Monts National Monument, ensuite Lafayette National Park (pour le h\u00e9ro fran\u00e7ais de la guerre de l\u2019ind\u00e9pendance am\u00e9ricaine), elle a fini par \u00eatre d\u00e9sign\u00e9e Acadia National Park. Une des montagnes du parc s\u2019appelle Champlain et une des sources porte le nom du sieur de Monts. En Nouvelle-\u00c9cosse, l\u2019habitation \u00e0 Port Royal a \u00e9t\u00e9 reconstruite en 1930\u00a0; elle fait partie du r\u00e9seau national canadien des parcs historiques. Acadia National Park et l\u2019Habitation \u00e0 Port Royal sont importants comme reconnaissance de l\u2019importance du pass\u00e9 colonial de la r\u00e9gion.<\/p>\n<hr \/>\n<p style=\"text-align: center\"><img loading=\"lazy\" decoding=\"async\" class=\"aligncenter\" src=\"\/canam\/files\/2009\/10\/champlain-1607-v2.jpg\" alt=\"Champlain's Descr[i]psion des costes - (1607)\" width=\"462\" height=\"307\" \/><\/p>\n<p>La Desri[i]ption des costes \u2013 1607 (ci-dessus) de Champlain est la premi\u00e8re carte d\u00e9taill\u00e9e de ce qui s\u2019appelle aujourd\u2019hui le golfe du Maine. Sa cr\u00e9ation a commenc\u00e9 \u00e0 Port Royal. Elle indique les caps, les baies, les \u00eeles, les bancs de sable et les rivi\u00e8res le long de la c\u00f4te. Elle marque les hauteurs de la terre, ce qui est utile \u00e0 la navigation, et les principales r\u00e9gions am\u00e9rindiennes. Champlain s\u2019\u00e9tait fi\u00e9 \u00e0 des guides am\u00e9rindiens en explorant la c\u00f4te et pour mieux s\u2019informer des caract\u00e9ristiques de l\u2019int\u00e9rieur. De tous les noms fran\u00e7ais qu\u2019il a dot\u00e9 la r\u00e9gion, il ne reste aujourd\u2019hui que l\u2019\u00eele du Mont D\u00e9sert et l\u2019\u00eele au Haut.<\/p>\n<p><a href=\"http:\/\/memory.loc.gov\/cgi-bin\/map_item.pl?data=\/home\/www\/data\/gmd\/gmd3\/g3321\/g3321p\/np000002.sid&amp;style=gmd&amp;itemLink=D?gmd:3:.\/temp\/%7Eammem_YXlj::@@@mdb=aaodyssey,gmd,fmuever,mmorse,upboverbib&amp;title=Map%20of%20the%20northeast%20coast%20of%20North%20America,%201607,%20drawn%20by%20Samuel%20de%20Champlain%20%3a%20a%20facsimile%20from%20the%20Library%20of%20Congress.\" target=\"Blank\">Pour une version plus d\u00e9taill\u00e9e de cette image, cliquez ici.<\/a><\/p>\n<hr \/>\n<p>CREDITS:<\/p>\n<p>Editor: Stephen J. Hornsby<br \/>\nCartographers: Michael J. Hermann, Matthew Cote<br \/>\nResearch Assistants: Hans Carlson, Elizabeth Hedler<br \/>\nTranslator: Raymond J. Pelletier<br \/>\nOutreach Coordinator: Betsy Arntzen<br \/>\nPhotographs: Stephen J. Hornsby, Claude DeGr\u00e2ce<\/p>\n<p>SOURCES:<\/p>\n<ul>\n<li>Acadian population taken from the 2001 Canadian Census. Figures and distribution represent Statistics Canada\u2019s weighted aggregate of those people who entered Acadian as one of their ethnic identities on census form 2B.<\/li>\n<li>H.P. Biggar (ed.), The Works of Samuel de Champlain Volume I 1599-1607. Toronto: Champlain Society, 1922.<\/li>\n<li>Jean Daigle, Robert LeBlanc, \u201cAcadian Deportation and Return\u201d in Historical Atlas of Canada, Volume I, From the Beginning to 1800, edited by R. Cole Harris, plate 30. Toronto: University of Toronto Press, 1987.<\/li>\n<li>C.E. Heidenreich, Explorations and Mapping of Samuel de Champlain, 1601-1632. Toronto: University of Toronto Press, 1976.<\/li>\n<li>Robert G. LeBlanc, \u201cThe Acadian Migration\u201d, Canadian Geographic Journal; 81, no. 1 (1970): 10-19.<\/li>\n<\/ul>\n<p>Funded in part by the U.S. Department of Education\u2019s Title VI National Resource Center program.<\/p>\n<p>Produced by the Canadian-American Center Cartography Studio, University of Maine. All rights reserved \u00a92004<\/p>\n","protected":false},"excerpt":{"rendered":"<p>Pour voir la version PDF, il est n\u00e9cessaire d&#8217;avoir Adobe Acrobat Reader. T\u00e9l\u00e9chargez Acrobat Reader ici. Cette page comm\u00e9more le 400\u00e8me anniversaire de l\u2019\u00e9tablissement de la colonie fran\u00e7aise sur l\u2019\u00eele Ste-Croix (dans le Maine) en 1604 et \u00e0 Port Royal (aujourd\u2019hui Annapolis Royal en Nouvelle-\u00c9cosse) en 1605. Quoique ni l\u2019une ni l\u2019autre de ces colonies [&hellip;]<\/p>\n","protected":false},"author":365,"featured_media":0,"parent":0,"menu_order":4,"comment_status":"closed","ping_status":"closed","template":"page.php","meta":{"_seopress_robots_primary_cat":"","_seopress_titles_title":"","_seopress_titles_desc":"","_seopress_robots_index":"","_kad_blocks_custom_css":"","_kad_blocks_head_custom_js":"","_kad_blocks_body_custom_js":"","_kad_blocks_footer_custom_js":"","_monsterinsights_skip_tracking":false,"_monsterinsights_sitenote_active":false,"_monsterinsights_sitenote_note":"","_monsterinsights_sitenote_category":0,"footnotes":""},"class_list":["post-318","page","type-page","status-publish","hentry"],"taxonomy_info":[],"featured_image_src_large":false,"author_info":{"display_name":"","author_link":"https:\/\/umaine.edu\/teachingcanada\/author\/"},"comment_info":0,"_links":{"self":[{"href":"https:\/\/umaine.edu\/teachingcanada\/wp-json\/wp\/v2\/pages\/318","targetHints":{"allow":["GET"]}}],"collection":[{"href":"https:\/\/umaine.edu\/teachingcanada\/wp-json\/wp\/v2\/pages"}],"about":[{"href":"https:\/\/umaine.edu\/teachingcanada\/wp-json\/wp\/v2\/types\/page"}],"author":[{"embeddable":true,"href":"https:\/\/umaine.edu\/teachingcanada\/wp-json\/wp\/v2\/users\/365"}],"replies":[{"embeddable":true,"href":"https:\/\/umaine.edu\/teachingcanada\/wp-json\/wp\/v2\/comments?post=318"}],"version-history":[{"count":0,"href":"https:\/\/umaine.edu\/teachingcanada\/wp-json\/wp\/v2\/pages\/318\/revisions"}],"wp:attachment":[{"href":"https:\/\/umaine.edu\/teachingcanada\/wp-json\/wp\/v2\/media?parent=318"}],"curies":[{"name":"wp","href":"https:\/\/api.w.org\/{rel}","templated":true}]}}