{"id":37,"date":"2015-12-31T14:04:48","date_gmt":"2015-12-31T19:04:48","guid":{"rendered":"https:\/\/umaine.edu\/levesquelab\/?page_id=37"},"modified":"2023-12-20T13:59:33","modified_gmt":"2023-12-20T18:59:33","slug":"publications","status":"publish","type":"page","link":"https:\/\/umaine.edu\/levesquelab\/publications\/","title":{"rendered":"Publications"},"content":{"rendered":"<h2 class=\"wsite-content-title\"><strong><span style=\"font-size: x-large\">Peer-Reviewed Publications\u00a0<\/span><\/strong><\/h2>\n<div class=\"paragraph\">\n<div class=\"paragraph\">\n<p>30. <strong>Breit, A.M<\/strong>., <strong>T. Kleinhaus-Goldman Gedalyahou<\/strong>*, A.K. Ikhwan*, M. Isaac*, A.A. Tuen, and <strong>D.L. Levesque<\/strong>. 2023. Muted responses to heat in a nocturnal tropical rodent. <em>Biotropica. <\/em><a href=\"https:\/\/doi.org\/10.1111\/btp.13267\">DOI: 10.1111\/btp.13267<\/a><\/p>\n<p>29.<strong>\u00a0Levesque, D. L.<\/strong>, <strong>Breit, A. M.<\/strong>*, <strong>Brown, E.<\/strong>*, Nowack, J., &amp; S. Welman. 2023. Non-torpid heterothermy in mammals: Another point along the homeothermy-hibernation continuum. <em>Integrative and Comparative Biology. <\/em><a href=\"https:\/\/doi.org\/10.1093\/icb\/icad094\">DOI: 10.1093\/icb\/icad094<\/a><\/p>\n<p>28. Nowack, J., C. Stawski, F. Geiser, <strong>D.L. Levesque.<\/strong> 2023. Rare and opportunistic use of torpor in mammals \u2013 an echo from the past? <em>Integrative and Comparative Biology. <\/em><a href=\"https:\/\/doi.org\/10.1093\/icb\/icad067\">DOI: 10.1093\/icb\/icad067<\/a><\/p>\n<p>27. Shankar, A., K.C. Welch Jr., E.R. Eberts, F. Geiser, S. Halter, L. Keicher,<strong> D.L. Levesque<\/strong>, J. Nowack, B.O. Wolf, S.W. Wolfe. 2023. Daily torpor in birds and mammals: past, present, and future of the field. <em>Integrative and Comparative Biology.<\/em> <a href=\"https:\/\/doi.org\/10.1093\/icb\/icad095\">DOI: 10.1093\/icb\/icad095<\/a><\/p>\n<p>26. Christmas, M.J. [et al., including A.M. Breit* and <strong>D.L. Levesque<\/strong>] 2023. Evolutionary constraint and innovation across hundreds of placental mammals. <em>Science<\/em> 380:<a href=\"https:\/\/www.science.org\/doi\/10.1126\/science.abn3943\">abn3943<\/a><\/p>\n<p>25. Fanter, C., C. Madelaire, D. P. Genereux, F. van Breukelen, <strong>D. L. Levesque<\/strong>, and A. Hindle. 2022. Epigenomics as a paradigm to understand the nuances of phenotypes. <em>Journal of Experimental Biology<\/em> 225, jeb243411 <a href=\"https:\/\/doi.org\/10.1242\/jeb.243411\">DOI:10.1242\/jeb.243411<\/a><\/p>\n<p>24. Volk, M.R., C.B. Lubelczyk, J.C. Johnston, <strong>D.L. Levesque<\/strong>, and A.M. Gardner. 2022. Microclimate conditions alter <em>Ixodes scapularis<\/em> (Acari: Ixodidae) overwintering survival across climate gradients in Maine. <em>Ticks and Tick-Borne Diseases<\/em>. 13:101872 <a href=\"https:\/\/www.sciencedirect.com\/science\/article\/abs\/pii\/S1877959X21002259?via%3Dihub\">DOI: 10.1016\/j.ttbdis.2021.101872<\/a><\/p>\n<p>23. <strong>Levesque, D.L<\/strong>., J. Nowack, and J.G. Boyles. 2021. Body temperature frequency distributions: a tool for assessing thermal performance in endotherms? <em>Frontiers in Physiology<\/em>. 12:760797 <a href=\"https:\/\/www.frontiersin.org\/articles\/10.3389\/fphys.2021.760797\/full\">DOI: 10.3389\/fphys.2021.760797<\/a><\/p>\n<p>22. McEntire, K.D., M. Gage, R. Gawne, M.G. Hadfield, C. Hulshof, M.A. Johnson, <strong>D.L. Levesque<\/strong>, J. Segura, N. Pinter-Wollman. 2021. Understanding drivers of variation and predicting variability across levels of biological organization. <em>Integrative and Comparative Biology<\/em>. 2021, icab160 <a href=\"https:\/\/academic.oup.com\/icb\/article-abstract\/61\/6\/2119\/6321167\">DOI: 10.1093\/icb\/icab160<\/a><\/p>\n<p>21. <strong>Levesque, D.L.<\/strong> and K.E. Marshall. 2021. Do endotherms have thermal performance curves Journal of Experimental Biology 224, jeb141309. <a href=\"https:\/\/journals.biologists.com\/jeb\/article-abstract\/224\/3\/jeb141309\/237176\/Do-endotherms-have-thermal-performance-curves\">DOI:10.1242\/jeb.141309 <\/a><\/p>\n<p>20. <strong>Levesque, D.L.<\/strong>, J. Boyles, C. Downs, <strong>A. Breit<\/strong>. 2021. High body temperature is not the cause of high viral load in bats. Journal of Wildlife Diseases. 57:238\u2013241 <a href=\"https:\/\/meridian.allenpress.com\/jwd\/article-abstract\/57\/1\/238\/446591\/High-Body-Temperature-is-an-Unlikely-Cause-of-High?redirectedFrom=fulltext\">DOI: 10.7589\/JWD-D-20-00079<\/a><\/p>\n<p>19. Dausmann, K.H, <strong>D.L. Levesque<\/strong>, J. Wein, J. Nowack. 2020. Ambient temperature cycles affect daily torpor and hibernation patterns in Malagasy tenrecs. Frontiers in Physiology 11:522 <a href=\"https:\/\/www.frontiersin.org\/articles\/10.3389\/fphys.2020.00522\/full\">DOI:10.3389\/fphys.2020.00522<\/a><\/p>\n<p>18. Tattersall, G.J. R.M Danner, J. Chaves, <strong>D.L. Levesque<\/strong>. 2020. Activity analysis of thermal imaging videos using a difference imaging approach. Journal of Thermal Biology 91:102611 <a href=\"https:\/\/www.sciencedirect.com\/science\/article\/abs\/pii\/S0306456520300711\">DOI: 10.1016\/j.therbio.2020.102611<\/a><\/p>\n<p>17. Nowack, J., <strong>D.L. Levesque<\/strong>, S. Reher and K. Dausmann. 2020. Variable climates lead to varying phenotypes: \u2018weird\u2019 mammalian torpor and lessons from non-Holarctic. Frontiers in Ecology and Evolution 8:60 <a href=\"https:\/\/www.frontiersin.org\/articles\/10.3389\/fevo.2020.00060\/full\">DOI:10.3389\/fevo.2020.00060<\/a><\/p>\n<p>16. Thonis, A.*, R.M. Ceballos, A.A. Tuen, B.G. Lovegrove and <strong>D.L. Levesque<\/strong>. 2020. High upper limits and a large thermoneutral zone in a small tropical mammal. <em>Physiological and Biochemical Zoology<\/em> 93:199-209 <a href=\"https:\/\/www.journals.uchicago.edu\/doi\/abs\/10.1086\/708467\">DOI:10.1086\/708467<\/a><\/p>\n<p>15. Boyles, J. G., <strong>Levesque, D. L.<\/strong>, Nowack, J., Wojciechowski, M. S., Stawski, C., Fuller, A., Smit, B. and Tattersall, G. J. 2019. An oversimplification of physiological principles leads to flawed macroecological analyses. Ecology and Evolution 9:12020-12025 <a href=\"https:\/\/onlinelibrary.wiley.com\/doi\/10.1002\/ece3.5721\">DOI\u00a0: 10.1002\/ece3.5721<\/a><\/p>\n<p>14.\u00a0<strong>Levesque, D.L.<\/strong>, A.A. Tuen, B.G. Lovegrove. 2018. Staying hot to fight the heat- high body temperatures accompany a diurnal endothermic lifestyle in the tropics. Journal of Comparative Physiology B <a href=\"https:\/\/link.springer.com\/article\/10.1007%2Fs00360-018-1160-7\">DOI : 10.1007\/s00360-018-1160-7<\/a><\/p>\n<\/div>\n<p>13.\u00a0<strong>Levesque, D.L.<\/strong>, A. Menzies, G. Larocque, M. Landry-Cuerrier, M.M. Humphries. 2017. Embracing heterothermic diversity: non-stationary waveform analysis of temperature variation in endotherms. <em>Journal of Comparative Physiology B <\/em>187:749-757<em>\u00a0<\/em>DOI:<a class=\"libx-autolink\" href=\"http:\/\/qq4nm4zz3u.search.serialssolutions.com\/?__char_set=utf8&amp;id=doi:10.1007\/s00360-017-1074-9&amp;sid=libx&amp;genre=article\">10.1007\/s00360-017-1074-9<\/a><\/p>\n<p>12. <strong>Levesque, D.L.,<\/strong> J. Nowack and C. Stawski. 2016. Modelling mammalian energetics: the heterothermy problem. <em>Climate Change Responses<\/em>. 3:7 <a href=\"https:\/\/climatechangeresponses.biomedcentral.com\/articles\/10.1186\/s40665-016-0022-3\" target=\"_blank\" rel=\"noopener noreferrer\">DOI: 10.1186\/s40665-016-0022-3<\/a><\/p>\n<p>11. Sinclair, B, K. Marshall, M. Sewell, <strong>D.L. Levesque<\/strong>, C.Willett, S. Slotsbo, Y. Dong, C. Harley, D. Marshall, B. Helmuth, R. Huey.\u00a02016. Can we predict ectotherm responses to climate change using thermal performance curves and body temperatures? <em>Ecology Letters<\/em>\u00a019:1372-1385. <a href=\"http:\/\/onlinelibrary.wiley.com\/doi\/10.1111\/ele.12686\/full\" target=\"_blank\" rel=\"noopener noreferrer\">DOI:10.1111\/ele.12686<\/a><\/p>\n<\/div>\n<div class=\"paragraph\">10.\u00a0Lovegrove, B.G., K.D. Lobban and\u00a0<strong>D.L. Levesque<\/strong>. 2014. <a href=\"https:\/\/umaine.edu\/levesquelab\/wp-content\/uploads\/sites\/115\/2015\/12\/Lovegrove-et-al-2014-Hibernation-in-tenrec.pdf\">Mammal survival at the Cretaceous\u2013Palaeogene boundary: metabolic homeostasis in prolonged tropical hibernation in tenrecs<\/a>. Proceedings of the Royal Society B: Biological Sciences 281 (1796): 20141304.\u00a0<a title=\"\" href=\"http:\/\/rspb.royalsocietypublishing.org\/content\/281\/1796\/20141304.short?rss=1\" target=\"_blank\" rel=\"noopener noreferrer\">DOI:\u00a0<\/a><a title=\"\" href=\"http:\/\/rspb.royalsocietypublishing.org\/content\/281\/1796\/20141304.short?rss=1\" target=\"_blank\" rel=\"noopener noreferrer\">10.1098\/rspb.2014.1304<\/a><\/div>\n<div class=\"paragraph\">\n<p>9.\u00a0<strong>Levesque, D.L.<\/strong>, K.D. Lobban and B.G. Lovegrove. 2014. <a href=\"https:\/\/umaine.edu\/levesquelab\/wp-content\/uploads\/sites\/115\/2015\/12\/Levesque-et-al-2014-Effects-of-repro-status-and-high-Ta-on-Tb-of-basoendotherm.pdf\">Effects of reproductive status and high ambient temperatures on the body temperature of a free-ranging basoendotherm<\/a>. Journal of Comparative Physiology B. 184: 1041-1053.\u00a0<a title=\"\" href=\"http:\/\/link.springer.com\/article\/10.1007\/s00360-014-0858-4\"><span style=\"color: #3387a2\">DOI: 10.1007\/s00360-014-0858-4<\/span><\/a><\/p>\n<p>8.<strong>\u00a0Levesque, D.L.<\/strong>, D. and B.G. Lovegrove. 2014. <a href=\"https:\/\/umaine.edu\/levesquelab\/wp-content\/uploads\/sites\/115\/2015\/12\/Levesque-and-Lovegrove-2014-Homeothermy-during-repro-in-a-tenrec.pdf\">Increased homeothermy during reproduction in a basal placental mammal<\/a>. Journal of Experimental Biology 217, 1535-1542<span style=\"color: #3387a2\">\u00a0DOI:<\/span>\u00a0<a title=\"\" href=\"http:\/\/jeb.biologists.org\/content\/early\/2014\/01\/30\/jeb.098848.abstract\" target=\"_blank\" rel=\"noopener noreferrer\">JEXBIO\/2013\/098848<\/a><\/p>\n<p>7. Lovegrove B.G., C.I. Canale,\u00a0<strong>D.L. Levesque<\/strong>, G. Fluch, M. \u0158eh\u00e1kov\u00e1-Petr\u016f and T. Ruf. 2014. <a href=\"http:\/\/borneomammalthermoregulation.weebly.com\/uploads\/2\/6\/8\/9\/26897404\/lovegrove_et_al_2014.pdf\" target=\"_blank\" rel=\"noopener noreferrer\">Are tropical mammals physiologically vulnerable to Arrhenius effects and climate change?<\/a> Physiological and Biochemical Zoology 87 (1): 30-45\u00a0<a title=\"\" href=\"https:\/\/www.researchgate.net\/publication\/259882136_Are_tropical_small_mammals_physiologically_vulnerable_to_arrhenius_effects_and_climate_change_*?ev=prf_pub\" target=\"_blank\" rel=\"noopener noreferrer\">DOI: 10.1086\/673313<\/a><\/p>\n<p>6.<strong>\u00a0Levesque, D. L.<\/strong>, O. M. A. Lovasoa, S. N. Rakotoharimalala &amp; B. G. Lovegrove. 2013. <a href=\"http:\/\/borneomammalthermoregulation.weebly.com\/uploads\/2\/6\/8\/9\/26897404\/levesque_et_al_2013_setifer_life_history.pdf\" target=\"_blank\" rel=\"noopener noreferrer\">High mortality and annual fecundity in a free-ranging basal placental mammal, <em>Setifer setosus<\/em> (Tenrecidae: Afrosoricida). <\/a>Journal of Zoology 291 (3):205-212.\u00a0<a title=\"\" href=\"http:\/\/onlinelibrary.wiley.com\/doi\/10.1111\/jzo.12063\/abstract\" target=\"_blank\" rel=\"noopener noreferrer\">DOI:10.1111\/jzo.12063<\/a><\/p>\n<p>5. Canale, C.I.,\u00a0<strong>D.L<\/strong>\u00a0<strong>Levesque (joint first author)<\/strong>, and B.G. Lovegrove. 2012.<a href=\"http:\/\/borneomammalthermoregulation.weebly.com\/uploads\/2\/6\/8\/9\/26897404\/canale_et_al_2012_tropical_heterothermy-_ihs_chapter.pdf\" target=\"_blank\" rel=\"noopener noreferrer\"> Tropical heterothermy &#8211; does the exception prove the rule or force a re-definition?<\/a> In: Ruf T, Bieber C, Arnold W, Millesi E(eds) Living in A Seasonal World: Thermoregulatory and Metabolic Adaptations. Springer, Heidelberg. pp 29-40.\u00a0<a title=\"\" href=\"http:\/\/link.springer.com\/chapter\/10.1007%2F978-3-642-28678-0_3\" target=\"_blank\" rel=\"noopener noreferrer\">DOI: 10.1007\/978-3-642-28678-0_3<\/a><\/p>\n<p>4.<strong>\u00a0Levesque, D.L.<\/strong>, D. Rakotondravony, D. and B.G. Lovegrove. 2012. <a href=\"http:\/\/borneomammalthermoregulation.weebly.com\/uploads\/2\/6\/8\/9\/26897404\/levesque_et_al_2012_home_range_of_s_setosus.pdf\" target=\"_blank\" rel=\"noopener noreferrer\">Home range and shelter site selection in the greater hedgehog tenrec in the dry deciduous forest of Western Madagascar<\/a>. Journal of Zoology 287(3): 161-168.\u00a0<a title=\"\" href=\"http:\/\/onlinelibrary.wiley.com\/doi\/10.1111\/j.1469-7998.2012.00899.x\/abstract\" target=\"_blank\" rel=\"noopener noreferrer\">DOI 10.1111\/j.1469-7998.2012.00899.x<\/a><\/p>\n<p>3. Mares, R., A.J. Young,\u00a0<strong>D.L. Levesque<\/strong>, N. Harrison and T.H. Clutton-Brock. 2011. Responses to intruder scents in the cooperatively breeding meerkat: sex and social status differences and temporal variation. Behavioral Ecology 22(3):594-600\u00a0<a title=\"\" href=\"http:\/\/beheco.oxfordjournals.org\/content\/22\/3\/594.short\" target=\"_blank\" rel=\"noopener noreferrer\">DOI:10.1093\/beheco\/arr021<\/a><\/p>\n<p>2.<strong>\u00a0Levesque, D.L.\u00a0<\/strong>and G.J. Tattersall.<a title=\"\">\u00a0<\/a><span style=\"color: #2a2a2a\">2010. S<a href=\"http:\/\/borneomammalthermoregulation.weebly.com\/uploads\/2\/6\/8\/9\/26897404\/levesque_and_tattersall_2010_seasonality_in_chipmunks.pdf\" target=\"_blank\" rel=\"noopener noreferrer\">easonal torpor and normothermic energy metabolism in the Eastern chipmunk (<em>Tamias striatus<\/em>)<\/a><\/span>. Journal of Comparative Physiology B-Biochemical Systemic and Environmental Physiology 180:279-292.\u00a0<a title=\"\" href=\"http:\/\/link.springer.com\/article\/10.1007\/s00360-009-0405-x\" target=\"_blank\" rel=\"noopener noreferrer\">DOI 10.1007\/s00360-009-0405-x<\/a><\/p>\n<p>1.<strong>\u00a0Levesque, D.L.\u00a0<\/strong>and G.J. Tattersall. 2009. <a href=\"http:\/\/borneomammalthermoregulation.weebly.com\/uploads\/2\/6\/8\/9\/26897404\/levesque_and_tattersall_2009_hypoxia_and_seasonality.pdf\" target=\"_blank\" rel=\"noopener noreferrer\">Seasonal changes in thermoregulatory responses to hypoxia in normothermic Eastern chipmunks (<em>Tamias striatus<\/em>)<\/a>. Journal of Experimental Biology 212:1801-1810.\u00a0<a title=\"\" href=\"http:\/\/jeb.biologists.org\/content\/212\/12\/1801.short\" target=\"_blank\" rel=\"noopener noreferrer\">DOI:10.1242\/jeb.027094<\/a><\/p>\n<p>**indicates graduate students and *undergraduates<\/p>\n<p><a style=\"color: #1c2128\" href=\"https:\/\/umaine.edu\/levesquelab\/wp-content\/uploads\/sites\/115\/2015\/12\/lAB2.png\"><img loading=\"lazy\" decoding=\"async\" class=\"wp-image-181 aligncenter\" src=\"https:\/\/umaine.edu\/levesquelab\/wp-content\/uploads\/sites\/115\/2015\/12\/lAB2-300x169.png\" alt=\"\" width=\"342\" height=\"193\" srcset=\"https:\/\/umaine.edu\/levesquelab\/wp-content\/uploads\/sites\/115\/2015\/12\/lAB2-300x169.png 300w, https:\/\/umaine.edu\/levesquelab\/wp-content\/uploads\/sites\/115\/2015\/12\/lAB2-105x59.png 105w, https:\/\/umaine.edu\/levesquelab\/wp-content\/uploads\/sites\/115\/2015\/12\/lAB2-600x338.png 600w, https:\/\/umaine.edu\/levesquelab\/wp-content\/uploads\/sites\/115\/2015\/12\/lAB2-317x179.png 317w, https:\/\/umaine.edu\/levesquelab\/wp-content\/uploads\/sites\/115\/2015\/12\/lAB2-423x239.png 423w, https:\/\/umaine.edu\/levesquelab\/wp-content\/uploads\/sites\/115\/2015\/12\/lAB2-320x180.png 320w, https:\/\/umaine.edu\/levesquelab\/wp-content\/uploads\/sites\/115\/2015\/12\/lAB2.png 620w\" sizes=\"auto, (max-width: 320px) 85vw, (max-width: 768px) 67vw, (max-width: 1024px) 62vw,342px\" \/><\/a><\/p>\n<\/div>\n<h3 class=\"wsite-content-title\"><span style=\"font-size: x-large\">Other Publicatio<\/span><span style=\"font-size: x-large\">ns\u00a0<\/span><\/h3>\n<div class=\"paragraph\"><strong>Levesque, D.L.<\/strong> 2015. <a href=\"http:\/\/jeb.biologists.org\/content\/218\/21\/3348.1\" target=\"_blank\" rel=\"noopener noreferrer\">Going torpid to pass through hard times.<\/a> <em>Journal of Experimental Biology<\/em> 218:3348. <span class=\"highwire-cite-metadata-doi highwire-cite-metadata\">DOI: 10.1242\/jeb.112672<\/span><\/div>\n<div class=\"paragraph\"><strong>Levesque, D.L.<\/strong> 2015. <a href=\"http:\/\/jeb.biologists.org\/content\/218\/13\/1978.1\" target=\"_blank\" rel=\"noopener noreferrer\">Some hibernating bats like it hot.<\/a> <em>Journal of Experimental Biology<\/em> 218: 1978. DOI: 10.1242\/jeb.112508<\/div>\n<div class=\"paragraph\"><strong>Levesque, D.L.<\/strong> 2015. <a href=\"http:\/\/jeb.biologists.org\/content\/218\/9\/1279\" target=\"_blank\" rel=\"noopener noreferrer\">Taking the long way saves energy for high flying birds<\/a>. <em>Journal of Experimental Biology<\/em> 218:1279. DOI: 10.1242\/jeb.112193<\/div>\n<div class=\"paragraph\"><strong>Levesque, D.L.<\/strong> 2015. <a href=\"http:\/\/jeb.biologists.org\/content\/218\/3\/331.2\" target=\"_blank\" rel=\"noopener noreferrer\">Lizard colour changes to a daily rhythm<\/a>. <em>Journal of Experimental Biology<\/em> 218:331-332. DOI: 10.1242\/jeb.112060<\/div>\n<div class=\"paragraph\"><strong>Levesque, D.L<\/strong>. 2014. <a href=\"http:\/\/jeb.biologists.org\/content\/217\/21\/3772\" target=\"_blank\" rel=\"noopener noreferrer\">Energy availability drives timing of moult in a songbird<\/a>. <em>Journal of Experimental Biology<\/em> 217:3772 DOI:10.1242\/jeb.095117<\/div>\n<div class=\"paragraph\"><strong>Levesque, D.L.<\/strong>\u00a02014\u00a0<a title=\"\" href=\"http:\/\/jeb.biologists.org\/content\/217\/15\/2626.full\">Hidden capacity for water preservation in mammals<\/a>. Journal of Experimental Biology 217(15):2026. doi: 10.1242\/jeb.094995<br \/>\n<strong>Levesque, D.L.\u00a0<\/strong>2014\u00a0<a title=\"\" href=\"http:\/\/jeb.biologists.org\/content\/217\/9\/1422.2.full\">Low energy use fuels a slow existence<\/a>. Journal of Experimental Biology 217(9) doi:10.1242\/jeb.094847<br \/>\n<strong>Levesque, D.L.\u00a0<\/strong>2014\u00a0<a title=\"\" href=\"http:\/\/jeb.biologists.org\/content\/217\/3\/314.1.full\" target=\"_blank\" rel=\"noopener noreferrer\">Getting fatter to stay warm<\/a>. Journal of Experimental Biology 217(3):iv doi:10.1242\/jeb.094722<\/div>\n<div class=\"paragraph\"><\/div>\n<div class=\"paragraph\"><\/div>\n<div class=\"paragraph\"><\/div>\n<div class=\"paragraph\"><\/div>\n<div class=\"paragraph\"><\/div>\n<div class=\"paragraph\"><\/div>\n","protected":false},"excerpt":{"rendered":"<p>Peer-Reviewed Publications\u00a0 30. Breit, A.M., T. Kleinhaus-Goldman Gedalyahou*, A.K. Ikhwan*, M. Isaac*, A.A. Tuen, and D.L. Levesque. 2023. Muted responses to heat in a nocturnal tropical rodent. Biotropica. DOI: 10.1111\/btp.13267 29.\u00a0Levesque, D. L., Breit, A. M.*, Brown, E.*, Nowack, J., &amp; S. Welman. 2023. Non-torpid heterothermy in mammals: Another point along the homeothermy-hibernation continuum. Integrative [&hellip;]<\/p>\n","protected":false},"author":297,"featured_media":0,"parent":0,"menu_order":0,"comment_status":"open","ping_status":"open","template":"","meta":{"_seopress_robots_primary_cat":"","_seopress_titles_title":"","_seopress_titles_desc":"","_seopress_robots_index":"","_kad_blocks_custom_css":"","_kad_blocks_head_custom_js":"","_kad_blocks_body_custom_js":"","_kad_blocks_footer_custom_js":"","_monsterinsights_skip_tracking":false,"_monsterinsights_sitenote_active":false,"_monsterinsights_sitenote_note":"","_monsterinsights_sitenote_category":0,"footnotes":""},"class_list":["post-37","page","type-page","status-publish","hentry"],"taxonomy_info":[],"featured_image_src_large":false,"author_info":{"display_name":"dlevesque","author_link":"https:\/\/umaine.edu\/levesquelab\/author\/dlevesque\/"},"comment_info":1,"_links":{"self":[{"href":"https:\/\/umaine.edu\/levesquelab\/wp-json\/wp\/v2\/pages\/37","targetHints":{"allow":["GET"]}}],"collection":[{"href":"https:\/\/umaine.edu\/levesquelab\/wp-json\/wp\/v2\/pages"}],"about":[{"href":"https:\/\/umaine.edu\/levesquelab\/wp-json\/wp\/v2\/types\/page"}],"author":[{"embeddable":true,"href":"https:\/\/umaine.edu\/levesquelab\/wp-json\/wp\/v2\/users\/297"}],"replies":[{"embeddable":true,"href":"https:\/\/umaine.edu\/levesquelab\/wp-json\/wp\/v2\/comments?post=37"}],"version-history":[{"count":27,"href":"https:\/\/umaine.edu\/levesquelab\/wp-json\/wp\/v2\/pages\/37\/revisions"}],"predecessor-version":[{"id":282,"href":"https:\/\/umaine.edu\/levesquelab\/wp-json\/wp\/v2\/pages\/37\/revisions\/282"}],"wp:attachment":[{"href":"https:\/\/umaine.edu\/levesquelab\/wp-json\/wp\/v2\/media?parent=37"}],"curies":[{"name":"wp","href":"https:\/\/api.w.org\/{rel}","templated":true}]}}