{"id":98,"date":"2014-07-23T11:47:26","date_gmt":"2014-07-23T15:47:26","guid":{"rendered":"http:\/\/umaine.edu\/jmb\/?page_id=98"},"modified":"2018-09-12T14:03:58","modified_gmt":"2018-09-12T18:03:58","slug":"2001-2","status":"publish","type":"page","link":"https:\/\/umaine.edu\/jmb\/back-issues\/2001-2\/","title":{"rendered":"2001"},"content":{"rendered":"<p style=\"color: #000000;text-align: left\"><strong><span style=\"color: #000000\"><span class=\"bookrevieweraffiliation\">Volume 22, Number 1, Winter<\/span><\/span><\/strong><\/p>\n<p style=\"color: #000000;text-align: left\"><span style=\"color: #000000\"><span class=\"bookrevieweraffiliation\"><span style=\"color: #336699\"><strong><a style=\"color: #336699\" title=\"Volume 22, Number 1, Winter 2001\" href=\"http:\/\/umaine.edu\/jmb\/back-issues\/2001-2\/volume-22-number-1-winter-2001\/#v22n1wt2001ab1\">Epistemic Unification<\/a><br \/>\n<\/strong><\/span>Mitchell R. Haney, Missouri Western State College and Herman E. Stark, South Suburban College<\/span><\/span><\/p>\n<p style=\"color: #000000;text-align: left\"><span style=\"color: #000000\"><span class=\"bookrevieweraffiliation\"><strong><span style=\"color: #336699\"><a style=\"color: #336699\" href=\"http:\/\/umaine.edu\/jmb\/back-issues\/2001-2\/volume-22-number-1-winter-2001\/#v22n1wt2001ab2\">Historical Origins of the Modern Mind\/Body Split<\/a><\/span><\/strong><br \/>\nRichard E. Lind, Springfield, Missouri<\/span><\/span><\/p>\n<p style=\"color: #000000;text-align: left\"><span style=\"color: #000000\"><span class=\"bookrevieweraffiliation\"><span style=\"color: #336699\"><strong><a style=\"color: #336699\" href=\"http:\/\/umaine.edu\/jmb\/back-issues\/2001-2\/volume-22-number-1-winter-2001\/#v22n1wt2001ab3\">The Case for Intrinsic Theory: V. Some Arguments from James<\/a><\/strong><\/span><br \/>\nThomas Natsoulas, University of California, Davis<\/span><\/span><\/p>\n<p style=\"color: #000000;text-align: left\"><span style=\"color: #000000\"><span class=\"bookrevieweraffiliation\"><span style=\"color: #336699\"><strong><a style=\"color: #336699\" href=\"http:\/\/umaine.edu\/jmb\/back-issues\/2001-2\/volume-22-number-1-winter-2001\/#v22n1wt2001ab4\">Right Brain Damage, Body Image, and Language: A Psychoanalytic Perspective<\/a><br \/>\n<\/strong><\/span> Catherine Morin, Institut National de la Sant\u00e9 et de la Recherche M\u00e9dicale St\u00e9phane Thibierge, Universit\u00e9 de Poitiers and Michel Perrigot, H\u00f4pital La Salp\u00eatri\u00e8re<\/span><\/span><\/p>\n<p style=\"color: #000000;text-align: left\"><span style=\"color: #000000\"><span class=\"bookrevieweraffiliation\"><strong><span style=\"color: #336699\"><a style=\"color: #336699\" href=\"http:\/\/umaine.edu\/jmb\/back-issues\/2001-2\/volume-22-number-1-winter-2001\/#v22n1wt2001ab5\">A Spinozist Approach to the Conceptual Gap in Consciousness Studies<\/a><\/span><br \/>\n<\/strong>Frederick B. Mills, Bowie State University<\/span><\/span><\/p>\n<p style=\"color: #000000;text-align: left\"><strong><span style=\"color: #000000\"><span class=\"bookrevieweraffiliation\">Book Review<\/span><\/span><\/strong><\/p>\n<p style=\"color: #000000;text-align: left\"><span style=\"color: #000000\"><span class=\"bookrevieweraffiliation\"><em><span style=\"color: #336699\"><a style=\"color: #336699\" href=\"http:\/\/umaine.edu\/jmb\/back-issues\/2001-2\/volume-22-number-1-winter-2001\/#v22n1wt2001br1\">Shamanism: The Neural Ecology of Consciousness and Healing<\/a><\/span><br \/>\n<\/em><span class=\"bookreviewer\" style=\"color: #000000\">Book Author: <\/span>Michael Winkelman<br \/>\nReviewed by Joseph Glicksohn, Bar-Ilan University<\/span><\/span><\/p>\n<div style=\"color: #000000;text-align: left\" align=\"right\">\n<div class=\"indent\"><span style=\"color: #000000\"><span class=\"bookrevieweraffiliation\">top<\/span><\/span><\/div>\n<\/div>\n<p style=\"color: #000000;text-align: left\"><strong><span style=\"color: #000000\"><span class=\"bookrevieweraffiliation\">Volume 22, Number 2, Spring<\/span><\/span><\/strong><\/p>\n<p style=\"color: #000000;text-align: left\"><span style=\"color: #000000\"><span class=\"bookrevieweraffiliation\"><strong><span style=\"color: #336699\"><a style=\"color: #336699\" title=\"Volume 22, Number 2, Spring 2001\" href=\"http:\/\/umaine.edu\/jmb\/back-issues\/2001-2\/volume-22-number-2-spring-2001\/#v22n2sp2001ab1\">The Split-Brain Debate Revisited: On the Importance of Language and Self-Recognition for Right Hemispheric Consciousness<\/a><\/span><\/strong><br \/>\nAlain Morin, Ste-Foy, Qu\u00e9bec, Canada<\/span><\/span><\/p>\n<p style=\"color: #000000;text-align: left\"><span style=\"color: #000000\"><span class=\"bookrevieweraffiliation\"><strong><span style=\"color: #336699\"><a style=\"color: #336699\" href=\"http:\/\/umaine.edu\/jmb\/back-issues\/2001-2\/volume-22-number-2-spring-2001\/#v22n2sp2001ab2\">The Case for Intrinsic Theory: VI. Incompatibilities Within the Stream of Consciousness<\/a><\/span><br \/>\n<\/strong>Thomas Natsoulas, University of California, Davis<\/span><\/span><\/p>\n<p style=\"color: #000000;text-align: left\"><span style=\"color: #000000\"><span class=\"bookrevieweraffiliation\"><span style=\"color: #336699\"><strong><a style=\"color: #336699\" href=\"http:\/\/umaine.edu\/jmb\/back-issues\/2001-2\/volume-22-number-2-spring-2001\/#v22n2sp2001ab3\">Apart from Genetics: What Makes Monozygotic Twins Similar?<\/a><\/strong><\/span><br \/>\nGeorge Mandler, University of California, San Diego and University College London<\/span><\/span><\/p>\n<p style=\"color: #000000;text-align: left\"><span style=\"color: #000000\"><span class=\"bookrevieweraffiliation\"><strong><span style=\"color: #336699\"><a style=\"color: #336699\" href=\"http:\/\/umaine.edu\/jmb\/back-issues\/2001-2\/volume-22-number-2-spring-2001\/#v22n2sp2001ab4\">The Concept of Mental Illness: An Analysis of Four Pivotal Issues<\/a><\/span><br \/>\n<\/strong>Robert L. Woolfolk, Princeton University<\/span><\/span><\/p>\n<p style=\"color: #000000;text-align: left\"><span style=\"color: #000000\"><span class=\"bookrevieweraffiliation\"><strong><span style=\"color: #336699\"><a style=\"color: #336699\" href=\"http:\/\/umaine.edu\/jmb\/back-issues\/2001-2\/volume-22-number-2-spring-2001\/#v22n2sp2001ab5\">Is Crime in the Genes? A Critical Review of Twin and Adoption Studies of Criminality and Antisocial Behavior<\/a><\/span><\/strong><br \/>\nJay Joseph, La Familia Counseling Service<\/span><\/span><\/p>\n<div style=\"color: #000000;text-align: left\" align=\"right\">\n<div class=\"indent\"><span style=\"color: #000000\"><span class=\"bookrevieweraffiliation\">top<\/span><\/span><\/div>\n<\/div>\n<p style=\"color: #000000;text-align: left\"><strong><span style=\"color: #000000\"><span class=\"bookrevieweraffiliation\">Volume 22, Number 3, Summer<\/span><\/span><\/strong><\/p>\n<p style=\"color: #000000;text-align: left\"><span style=\"color: #000000\"><span class=\"bookrevieweraffiliation\"><strong><span style=\"color: #336699\"><a style=\"color: #336699\" title=\"Volume 22, Number 3, Summer 2001\" href=\"http:\/\/umaine.edu\/jmb\/back-issues\/2001-2\/volume-22-number-3-summer-2001\/#v22n3su2001ab1\">On the Intrinsic Nature of States of Consciousness: Attempted Inroads from the First-Person Perspective<\/a><\/span><br \/>\n<\/strong>Thomas Natsoulas, University of California, Davis<\/span><\/span><\/p>\n<p style=\"color: #000000;text-align: left\"><span style=\"color: #000000\"><span class=\"bookrevieweraffiliation\"><strong><span style=\"color: #336699\"><a style=\"color: #336699\" href=\"http:\/\/umaine.edu\/jmb\/back-issues\/2001-2\/volume-22-number-3-summer-2001\/#v22n3su2001ab2\">Structural Causation and Psychological Explanation<\/a><\/span><br \/>\n<\/strong>Jeffrey Hershfiel, Wichita State University<\/span><\/span><\/p>\n<p style=\"color: #000000;text-align: left\"><span style=\"color: #000000\"><span class=\"bookrevieweraffiliation\"><strong><span style=\"color: #336699\"><a style=\"color: #336699\" href=\"http:\/\/umaine.edu\/jmb\/back-issues\/2001-2\/volume-22-number-3-summer-2001\/#v22n3su2001ab3\">Conceiving Simple Experiences<\/a><\/span><\/strong><br \/>\nMichael V. Antony, University of Haifa<\/span><\/span><\/p>\n<p style=\"color: #000000;text-align: left\"><span style=\"color: #000000\"><span class=\"bookrevieweraffiliation\"><strong><span style=\"color: #336699\"><a style=\"color: #336699\" href=\"http:\/\/umaine.edu\/jmb\/back-issues\/2001-2\/volume-22-number-3-summer-2001\/#v22n3su2001ab4\">Free Will and Events in the Brain<\/a><\/span><br \/>\n<\/strong>Grant R. Gillett, Bioethics Center, University of Otago<\/span><\/span><\/p>\n<p style=\"color: #000000;text-align: left\"><span style=\"color: #000000\"><span class=\"bookrevieweraffiliation\"><span style=\"color: #336699\"><strong><a style=\"color: #336699\" href=\"http:\/\/umaine.edu\/jmb\/back-issues\/2001-2\/volume-22-number-3-summer-2001\/#v22n3su2001ab5\">Can Dynamical Systems Explain Mental Causation?<\/a><\/strong><\/span><br \/>\nRalph D. Ellis, Clark Atlanta University<\/span><\/span><\/p>\n<p style=\"color: #000000;text-align: left\"><strong><span style=\"color: #000000\"><span class=\"bookrevieweraffiliation\">Book Reviews<\/span><\/span><\/strong><\/p>\n<p style=\"color: #000000;text-align: left\"><span style=\"color: #000000\"><span class=\"bookrevieweraffiliation\"><em><span style=\"color: #336699\"><a style=\"color: #336699\" href=\"http:\/\/umaine.edu\/jmb\/back-issues\/2001-2\/volume-22-number-3-summer-2001\/#v22n3su2001br1\">The Mind Doesn\u2019t Work That Way<\/a><\/span><br \/>\n<\/em><span class=\"bookreviewer\" style=\"color: #000000\">Book Author: <\/span>Jerry Fodor<br \/>\nReviewed by Alexander Batthyany, University of Vienna<\/span><\/span><\/p>\n<p style=\"color: #000000;text-align: left\"><span style=\"color: #000000\"><span class=\"bookrevieweraffiliation\"><em><span style=\"color: #336699\"><a style=\"color: #336699\" href=\"http:\/\/umaine.edu\/jmb\/back-issues\/2001-2\/volume-22-number-3-summer-2001\/#v22n3su2001br2\">The Vile Village<\/a><\/span><br \/>\n<\/em><span class=\"bookreviewer\" style=\"color: #000000\">Book Author: <\/span>Lemony Snicket (Daniel Handler)<br \/>\nReviewed by Steven Connelly, Indiana State University<\/span><\/span><\/p>\n<div style=\"color: #000000;text-align: left\" align=\"right\">\n<div class=\"indent\"><span style=\"color: #000000\"><span class=\"bookrevieweraffiliation\">top<\/span><\/span><\/div>\n<\/div>\n<p style=\"color: #000000;text-align: left\"><strong><span style=\"color: #000000\"><span class=\"bookrevieweraffiliation\">Volume 22, Number 4, Autumn<\/span><\/span><\/strong><\/p>\n<p style=\"color: #000000;text-align: left\"><span style=\"color: #000000\"><span class=\"bookrevieweraffiliation\"><strong><span style=\"color: #336699\"><a style=\"color: #336699\" title=\"Volume 22, Number 4, Autumn 2001\" href=\"http:\/\/umaine.edu\/jmb\/back-issues\/2001-2\/volume-22-number-4-autumn-2001\/#v22n4au2001ab1\">Metaphor and Consciousness: The Path Less Taken<\/a><\/span><br \/>\n<\/strong>Joseph Glicksohn, Bar-Ilan University<\/span><\/span><\/p>\n<p style=\"color: #000000;text-align: left\"><span style=\"color: #000000\"><span class=\"bookrevieweraffiliation\"><strong><span style=\"color: #336699\"><a style=\"color: #336699\" href=\"http:\/\/umaine.edu\/jmb\/back-issues\/2001-2\/volume-22-number-4-autumn-2001\/#v22n4au2001ab2\">Complexity Theory, Quantum Mechanics and Radically Free Self Determination<\/a><\/span><br \/>\n<\/strong>Mark Stephen Pestana, Grand Valley State University<\/span><\/span><\/p>\n<p style=\"color: #000000;text-align: left\"><span style=\"color: #000000\"><span class=\"bookrevieweraffiliation\"><strong><span style=\"color: #336699\"><a style=\"color: #336699\" href=\"http:\/\/umaine.edu\/jmb\/back-issues\/2001-2\/volume-22-number-4-autumn-2001\/#v22n4au2001ab3\">The Affiliation of Methodology with Ontology in a Scientific Psychology<\/a><\/span><br \/>\n<\/strong>Matthew P. Spackman and Richard N. Williams, Brigham Young University<\/span><\/span><\/p>\n<p style=\"color: #000000;text-align: left\"><span style=\"color: #000000\"><span class=\"bookrevieweraffiliation\"><strong><span style=\"color: #336699\"><a style=\"color: #336699\" href=\"http:\/\/umaine.edu\/jmb\/back-issues\/2001-2\/volume-22-number-4-autumn-2001\/#v22n4au2001ab4\">The Process of Knowing: A Biocognitive Epistemology<\/a><\/span><br \/>\n<\/strong>Mario E. Martinez, Institute of Biocognitive Psychology<\/span><\/span><\/p>\n<p style=\"color: #000000;text-align: left\"><span style=\"color: #000000\"><span class=\"bookrevieweraffiliation\"><strong><span style=\"color: #336699\"><a style=\"color: #336699\" href=\"http:\/\/umaine.edu\/jmb\/back-issues\/2001-2\/volume-22-number-4-autumn-2001\/#v22n4au2001ab5\">The Concrete State: The Basic Components of James\u2019s Stream of Consciousness<\/a><\/span><br \/>\n<\/strong>Thomas Natsoulas, University of California, Davis<\/span><\/span><\/p>\n<p style=\"color: #000000;text-align: left\"><span style=\"color: #000000\"><span class=\"bookrevieweraffiliation\"><strong><span style=\"color: #336699\"><a style=\"color: #336699\" href=\"http:\/\/umaine.edu\/jmb\/back-issues\/2001-2\/volume-22-number-4-autumn-2001\/#v22n4au2001ab6\">The Concrete State Continued<\/a><\/span><br \/>\n<\/strong>Thomas Natsoulas, University of California, Davis<\/span><\/span><\/p>\n<p style=\"color: #000000;text-align: left\"><strong><span style=\"color: #000000\"><span class=\"bookrevieweraffiliation\">Book Reviews<\/span><\/span><\/strong><\/p>\n<p style=\"color: #000000;text-align: left\"><span style=\"color: #000000\"><span class=\"bookrevieweraffiliation\"><em><span style=\"color: #336699\"><a style=\"color: #336699\" href=\"http:\/\/umaine.edu\/jmb\/back-issues\/2001-2\/volume-22-number-4-autumn-2001\/#v22n4au2001br1\">Animal Minds: Beyond Cognition to Consciousness<\/a><\/span><br \/>\n<\/em><span class=\"bookreviewer\" style=\"color: #000000\">Book Author: <\/span>Donald R. Griffin<br \/>\nReviewed by Dr. L.A. Kemmerer, Hoquiam, WA<\/span><\/span><\/p>\n<p style=\"color: #000000;text-align: left\"><span style=\"color: #000000\"><span class=\"bookrevieweraffiliation\"><em><span style=\"color: #336699\"><a style=\"color: #336699\" href=\"http:\/\/umaine.edu\/jmb\/back-issues\/2001-2\/volume-22-number-4-autumn-2001\/#v22n4au2001br2\">Private Heresies<\/a><\/span><br \/>\n<\/em><span class=\"bookreviewer\" style=\"color: #000000\">Book Author: <\/span>Aleksandra Kasuba<br \/>\nReviewed by Scott R. Stalcup, Indiana State University<\/span><\/span><\/p>\n","protected":false},"excerpt":{"rendered":"<p>Volume 22, Number 1, Winter Epistemic Unification Mitchell R. Haney, Missouri Western State College and Herman E. Stark, South Suburban College Historical Origins of the Modern Mind\/Body Split Richard E. Lind, Springfield, Missouri The Case for Intrinsic Theory: V. Some Arguments from James Thomas Natsoulas, University of California, Davis Right Brain Damage, Body Image, and [&hellip;]<\/p>\n","protected":false},"author":1232,"featured_media":0,"parent":17,"menu_order":16,"comment_status":"closed","ping_status":"closed","template":"","meta":{"_kad_blocks_custom_css":"","_kad_blocks_head_custom_js":"","_kad_blocks_body_custom_js":"","_kad_blocks_footer_custom_js":"","_monsterinsights_skip_tracking":false,"_monsterinsights_sitenote_active":false,"_monsterinsights_sitenote_note":"","_monsterinsights_sitenote_category":0,"footnotes":""},"class_list":["post-98","page","type-page","status-publish","hentry"],"yoast_head":"<!-- This site is optimized with the Yoast SEO plugin v27.2 - https:\/\/yoast.com\/product\/yoast-seo-wordpress\/ -->\n<title>2001 - The Journal of Mind and Behavior - University of Maine<\/title>\n<meta name=\"robots\" content=\"index, follow, max-snippet:-1, max-image-preview:large, max-video-preview:-1\" \/>\n<link rel=\"canonical\" href=\"https:\/\/umaine.edu\/jmb\/back-issues\/2001-2\/\" \/>\n<meta property=\"og:locale\" content=\"en_US\" \/>\n<meta property=\"og:type\" content=\"article\" \/>\n<meta property=\"og:title\" content=\"2001 - The Journal of Mind and Behavior - University of Maine\" \/>\n<meta property=\"og:description\" content=\"Volume 22, Number 1, Winter Epistemic Unification Mitchell R. Haney, Missouri Western State College and Herman E. Stark, South Suburban College Historical Origins of the Modern Mind\/Body Split Richard E. Lind, Springfield, Missouri The Case for Intrinsic Theory: V. Some Arguments from James Thomas Natsoulas, University of California, Davis Right Brain Damage, Body Image, and [&hellip;]\" \/>\n<meta property=\"og:url\" content=\"https:\/\/umaine.edu\/jmb\/back-issues\/2001-2\/\" \/>\n<meta property=\"og:site_name\" content=\"The Journal of Mind and Behavior\" \/>\n<meta property=\"article:modified_time\" content=\"2018-09-12T18:03:58+00:00\" \/>\n<meta name=\"twitter:card\" content=\"summary_large_image\" \/>\n<meta name=\"twitter:label1\" content=\"Est. reading time\" \/>\n\t<meta name=\"twitter:data1\" content=\"2 minutes\" \/>\n<script type=\"application\/ld+json\" class=\"yoast-schema-graph\">{\"@context\":\"https:\/\/schema.org\",\"@graph\":[{\"@type\":\"WebPage\",\"@id\":\"https:\/\/umaine.edu\/jmb\/back-issues\/2001-2\/\",\"url\":\"https:\/\/umaine.edu\/jmb\/back-issues\/2001-2\/\",\"name\":\"2001 - The Journal of Mind and Behavior - University of Maine\",\"isPartOf\":{\"@id\":\"https:\/\/umaine.edu\/jmb\/#website\"},\"datePublished\":\"2014-07-23T15:47:26+00:00\",\"dateModified\":\"2018-09-12T18:03:58+00:00\",\"breadcrumb\":{\"@id\":\"https:\/\/umaine.edu\/jmb\/back-issues\/2001-2\/#breadcrumb\"},\"inLanguage\":\"en-US\",\"potentialAction\":[{\"@type\":\"ReadAction\",\"target\":[\"https:\/\/umaine.edu\/jmb\/back-issues\/2001-2\/\"]}]},{\"@type\":\"BreadcrumbList\",\"@id\":\"https:\/\/umaine.edu\/jmb\/back-issues\/2001-2\/#breadcrumb\",\"itemListElement\":[{\"@type\":\"ListItem\",\"position\":1,\"name\":\"Home\",\"item\":\"https:\/\/umaine.edu\/jmb\/\"},{\"@type\":\"ListItem\",\"position\":2,\"name\":\"Back Issues\",\"item\":\"https:\/\/umaine.edu\/jmb\/back-issues\/\"},{\"@type\":\"ListItem\",\"position\":3,\"name\":\"2001\"}]},{\"@type\":\"WebSite\",\"@id\":\"https:\/\/umaine.edu\/jmb\/#website\",\"url\":\"https:\/\/umaine.edu\/jmb\/\",\"name\":\"The Journal of Mind and Behavior\",\"description\":\"Dedicated to the interdisciplinary approach within psychology and related fields\",\"potentialAction\":[{\"@type\":\"SearchAction\",\"target\":{\"@type\":\"EntryPoint\",\"urlTemplate\":\"https:\/\/umaine.edu\/jmb\/?s={search_term_string}\"},\"query-input\":{\"@type\":\"PropertyValueSpecification\",\"valueRequired\":true,\"valueName\":\"search_term_string\"}}],\"inLanguage\":\"en-US\"}]}<\/script>\n<!-- \/ Yoast SEO plugin. -->","yoast_head_json":{"title":"2001 - The Journal of Mind and Behavior - University of Maine","robots":{"index":"index","follow":"follow","max-snippet":"max-snippet:-1","max-image-preview":"max-image-preview:large","max-video-preview":"max-video-preview:-1"},"canonical":"https:\/\/umaine.edu\/jmb\/back-issues\/2001-2\/","og_locale":"en_US","og_type":"article","og_title":"2001 - The Journal of Mind and Behavior - University of Maine","og_description":"Volume 22, Number 1, Winter Epistemic Unification Mitchell R. Haney, Missouri Western State College and Herman E. Stark, South Suburban College Historical Origins of the Modern Mind\/Body Split Richard E. Lind, Springfield, Missouri The Case for Intrinsic Theory: V. Some Arguments from James Thomas Natsoulas, University of California, Davis Right Brain Damage, Body Image, and [&hellip;]","og_url":"https:\/\/umaine.edu\/jmb\/back-issues\/2001-2\/","og_site_name":"The Journal of Mind and Behavior","article_modified_time":"2018-09-12T18:03:58+00:00","twitter_card":"summary_large_image","twitter_misc":{"Est. reading time":"2 minutes"},"schema":{"@context":"https:\/\/schema.org","@graph":[{"@type":"WebPage","@id":"https:\/\/umaine.edu\/jmb\/back-issues\/2001-2\/","url":"https:\/\/umaine.edu\/jmb\/back-issues\/2001-2\/","name":"2001 - The Journal of Mind and Behavior - University of Maine","isPartOf":{"@id":"https:\/\/umaine.edu\/jmb\/#website"},"datePublished":"2014-07-23T15:47:26+00:00","dateModified":"2018-09-12T18:03:58+00:00","breadcrumb":{"@id":"https:\/\/umaine.edu\/jmb\/back-issues\/2001-2\/#breadcrumb"},"inLanguage":"en-US","potentialAction":[{"@type":"ReadAction","target":["https:\/\/umaine.edu\/jmb\/back-issues\/2001-2\/"]}]},{"@type":"BreadcrumbList","@id":"https:\/\/umaine.edu\/jmb\/back-issues\/2001-2\/#breadcrumb","itemListElement":[{"@type":"ListItem","position":1,"name":"Home","item":"https:\/\/umaine.edu\/jmb\/"},{"@type":"ListItem","position":2,"name":"Back Issues","item":"https:\/\/umaine.edu\/jmb\/back-issues\/"},{"@type":"ListItem","position":3,"name":"2001"}]},{"@type":"WebSite","@id":"https:\/\/umaine.edu\/jmb\/#website","url":"https:\/\/umaine.edu\/jmb\/","name":"The Journal of Mind and Behavior","description":"Dedicated to the interdisciplinary approach within psychology and related fields","potentialAction":[{"@type":"SearchAction","target":{"@type":"EntryPoint","urlTemplate":"https:\/\/umaine.edu\/jmb\/?s={search_term_string}"},"query-input":{"@type":"PropertyValueSpecification","valueRequired":true,"valueName":"search_term_string"}}],"inLanguage":"en-US"}]}},"taxonomy_info":[],"featured_image_src_large":false,"author_info":{"display_name":"rruss","author_link":"https:\/\/umaine.edu\/jmb\/author\/rruss\/"},"comment_info":0,"_links":{"self":[{"href":"https:\/\/umaine.edu\/jmb\/wp-json\/wp\/v2\/pages\/98","targetHints":{"allow":["GET"]}}],"collection":[{"href":"https:\/\/umaine.edu\/jmb\/wp-json\/wp\/v2\/pages"}],"about":[{"href":"https:\/\/umaine.edu\/jmb\/wp-json\/wp\/v2\/types\/page"}],"author":[{"embeddable":true,"href":"https:\/\/umaine.edu\/jmb\/wp-json\/wp\/v2\/users\/1232"}],"replies":[{"embeddable":true,"href":"https:\/\/umaine.edu\/jmb\/wp-json\/wp\/v2\/comments?post=98"}],"version-history":[{"count":1,"href":"https:\/\/umaine.edu\/jmb\/wp-json\/wp\/v2\/pages\/98\/revisions"}],"predecessor-version":[{"id":3261,"href":"https:\/\/umaine.edu\/jmb\/wp-json\/wp\/v2\/pages\/98\/revisions\/3261"}],"up":[{"embeddable":true,"href":"https:\/\/umaine.edu\/jmb\/wp-json\/wp\/v2\/pages\/17"}],"wp:attachment":[{"href":"https:\/\/umaine.edu\/jmb\/wp-json\/wp\/v2\/media?parent=98"}],"curies":[{"name":"wp","href":"https:\/\/api.w.org\/{rel}","templated":true}]}}