{"id":1676,"date":"2017-01-11T21:52:12","date_gmt":"2017-01-12T02:52:12","guid":{"rendered":"http:\/\/umaine.edu\/jmb\/?page_id=1676"},"modified":"2018-09-12T13:16:36","modified_gmt":"2018-09-12T17:16:36","slug":"2016-2","status":"publish","type":"page","link":"https:\/\/umaine.edu\/jmb\/back-issues\/2016-2\/","title":{"rendered":"2016"},"content":{"rendered":"<p style=\"text-align: left\"><strong>Volume 37, Number 1, Winter<br \/>\n<\/strong><\/p>\n<p style=\"color: #000000;text-align: left\"><span style=\"color: #336699\"><strong><a style=\"color: #336699\" href=\"http:\/\/umaine.edu\/jmb\/back-issues\/2016-2\/vol-37-number-1-winter-2016\/\">Which Identification is Disturbed in Misidentification Syndromes? A Structural Analysis of Fregoli and Capgras Syndromes<\/a><a style=\"color: #336699\" href=\"http:\/\/umaine.edu\/jmb\/back-issues\/2015-2\/vol-36-no-1-2-winter-spring-2015\/\"><br \/>\n<\/a><\/strong><\/span><span style=\"color: #000000\">St\u00e9phane Thibierge, Universit\u00e9 Paris-Diderot and Catherine Morin, Universit\u00e9 Pierre et Marie Curie<\/span><\/p>\n<p style=\"color: #000000;text-align: left\"><strong><span style=\"color: #336699\"><a style=\"color: #336699\" href=\"http:\/\/umaine.edu\/jmb\/back-issues\/2016-2\/vol-37-number-1-winter-2016\/\">Does Functionalism Offer an Adequate Account of Cognitive Psychology?<\/a><\/span><br \/>\n<\/strong>James M. Stedman, University of Texas Health Science Center San Antonio and Thomas L. Spalding and Christina L. Gagn\u00e9, University of Alberta<\/p>\n<p style=\"color: #000000;text-align: left\"><strong><span style=\"color: #336699\"><a style=\"color: #336699\" href=\"http:\/\/umaine.edu\/jmb\/back-issues\/2016-2\/vol-37-number-1-winter-2016\/\">Consciousness is Not a Physically Provable Property<\/a><\/span><br \/>\n<\/strong>Catherine M. Reason, London, United Kingdom<\/p>\n<p style=\"text-align: left\"><strong><span style=\"color: #336699\"><a style=\"color: #336699\" href=\"http:\/\/umaine.edu\/jmb\/back-issues\/2016-2\/vol-37-number-1-winter-2016\/\">On the Appearance and Reality of Mind<\/a><\/span><br \/>\n<\/strong>Demian Whiting, University of Hull<\/p>\n<p style=\"text-align: left\">\n<p style=\"text-align: left\"><strong>Volume 37, Number 2, Spring<br \/>\n<\/strong><\/p>\n<p style=\"color: #000000;text-align: left\"><span style=\"color: #336699\"><strong><a style=\"color: #336699\" href=\"http:\/\/umaine.edu\/jmb\/back-issues\/2016-2\/current-issues-expanded\/\">Robotic Alloparenting: A New Solution to an Old Problem?<\/a><a style=\"color: #336699\" href=\"http:\/\/umaine.edu\/jmb\/back-issues\/2015-2\/vol-36-no-1-2-winter-spring-2015\/\"><br \/>\n<\/a><\/strong><span style=\"color: #000000\">Richard T. McClelland, Nanaimo, British Columbia, Canada<\/span><\/span><\/p>\n<p style=\"color: #336699;text-align: left\"><strong><span style=\"color: #336699\"><a style=\"color: #336699\" href=\"http:\/\/umaine.edu\/jmb\/back-issues\/2016-2\/current-issues-expanded\/\">Neuroelectrical Approaches To Binding Problems<\/a><\/span><br \/>\n<\/strong><span style=\"color: #000000\">Mostyn W. Jones, Pittsburgh, Pennsylvania<\/span><\/p>\n<p style=\"color: #336699;text-align: left\"><strong><span style=\"color: #336699\"><a style=\"color: #336699\" href=\"http:\/\/umaine.edu\/jmb\/back-issues\/2016-2\/current-issues-expanded\/\">Using Operational Definitions in Research: A Best-Practices Approach<\/a><\/span><br \/>\n<\/strong><span style=\"color: #000000\">Brent D. Slife, Casey D. Wright, and Stephen C. Yanchar, Brigham Young University<\/span><\/p>\n<p style=\"text-align: left\"><strong><span style=\"color: #336699\"><a style=\"color: #336699\" href=\"http:\/\/umaine.edu\/jmb\/back-issues\/2016-2\/current-issues-expanded\/\">Science and Sympathy: \u201cIntuition\u201d and the Ethics of Human Judgment<\/a><\/span><br \/>\n<\/strong><span style=\"color: #000000\">David M. Boynton, Saint Michael\u2019s College<\/span><\/p>\n<p style=\"text-align: left\"><strong>Critical Notice<br \/>\n<\/strong><\/p>\n<p style=\"color: #000000;text-align: left\"><em><span style=\"color: #336699\"><a style=\"color: #336699\" href=\"http:\/\/umaine.edu\/jmb\/back-issues\/2016-2\/current-issues-expanded\/\">Evidence Matters: Science, Proof, and Truth in the Law<\/a><\/span><\/em><br \/>\nBook Author: Susan Haack<br \/>\nReviewed by Erica Beecher\u2013Monas, Wayne State University<\/p>\n<p style=\"text-align: left\"><strong>Book Review<br \/>\n<\/strong><\/p>\n<p style=\"color: #000000;text-align: left\"><em><span style=\"color: #336699\"><a style=\"color: #336699\" href=\"http:\/\/umaine.edu\/jmb\/back-issues\/2016-2\/current-issues-expanded\/\">Knowledge through Imagination<\/a><\/span><\/em><br \/>\nBook Editors: Amy Kind and Peter Kung<br \/>\nReviewed by Masashi Kasaki, Kyoto University and Kengo Miyazono, Hiroshima University<\/p>\n<p style=\"text-align: left\"><strong>Volume 37, Numbers 3 and 4, Summer and Autumn<br \/>\n<\/strong><\/p>\n<p style=\"color: #000000;text-align: left\"><span style=\"color: #336699\"><strong><span style=\"color: #336699\"><a style=\"color: #336699\" href=\"http:\/\/umaine.edu\/jmb\/back-issues\/2016-2\/volume-37-numbers-3-and-4-summer-and-autumn-2016\/\">Non-Human Origins of Human Perception in the Pre-Pleistocene<\/a><\/span><a style=\"color: #336699\" href=\"http:\/\/umaine.edu\/jmb\/back-issues\/2015-2\/vol-36-no-1-2-winter-spring-2015\/\"><br \/>\n<\/a><\/strong><span style=\"color: #000000\">Gregory C. Hoffmann and Michael S. Gordon, William Paterson University<\/span><\/span><\/p>\n<p style=\"color: #336699;text-align: left\"><strong><span style=\"color: #336699\"><a style=\"color: #336699\" href=\"http:\/\/umaine.edu\/jmb\/back-issues\/2016-2\/volume-37-numbers-3-and-4-summer-and-autumn-2016\/\">Scientific Realism, Psychological Realism, and Aristotelian\u2013Thomistic Realism<\/a><\/span><br \/>\n<\/strong><span style=\"color: #000000\">James M. Stedman, University of Texas Health Science Center San Antonio, Matthew Kostelecky, St. Joseph\u2019s College at the University of Alberta and Thomas L. Spalding and Christina Gagn\u00e9, University of Alberta<\/span><\/p>\n<p style=\"color: #336699;text-align: left\"><strong><span style=\"color: #336699\"><a style=\"color: #336699\" href=\"http:\/\/umaine.edu\/jmb\/back-issues\/2016-2\/volume-37-numbers-3-and-4-summer-and-autumn-2016\/\">Behavior Analytic Pragmatism<\/a><\/span><br \/>\n<\/strong><span style=\"color: #000000\">J. Moore, University of Wisconsin \u2013 Milwaukee<\/span><\/p>\n<p style=\"text-align: left\"><strong><span style=\"color: #336699\"><a style=\"color: #336699\" href=\"http:\/\/umaine.edu\/jmb\/back-issues\/2016-2\/volume-37-numbers-3-and-4-summer-and-autumn-2016\/\">Reciprocity and Reputation: A Review of Direct and Indirect Social Information Gathering<\/a><\/span><br \/>\n<\/strong><span style=\"color: #000000\">Yvan I. Russell, University of G\u00f6ttingen and Middlesex University<\/span><\/p>\n<p style=\"text-align: left\"><strong><span style=\"color: #336699\"><a style=\"color: #336699\" href=\"http:\/\/umaine.edu\/jmb\/back-issues\/2016-2\/volume-37-numbers-3-and-4-summer-and-autumn-2016\/\">A Non-Representational Understanding of Visual Experience<\/a><\/span><br \/>\n<\/strong><span style=\"color: #000000\">Kaplan Hasanoglu, Emmanuel College<\/span><\/p>\n<p style=\"text-align: left\"><strong><span style=\"color: #336699\"><a style=\"color: #336699\" href=\"http:\/\/umaine.edu\/jmb\/back-issues\/2016-2\/volume-37-numbers-3-and-4-summer-and-autumn-2016\/\">What Does Neuroscience Research Tell Us about Human Consciousness? An Overview of Benjamin Libet\u2019s Legacy<\/a> <\/span><br \/>\n<\/strong><span style=\"color: #000000\">Jimmy Y. Zhong, Georgia Institute of Technology<\/span><\/p>\n","protected":false},"excerpt":{"rendered":"<p>Volume 37, Number 1, Winter Which Identification is Disturbed in Misidentification Syndromes? A Structural Analysis of Fregoli and Capgras Syndromes St\u00e9phane Thibierge, Universit\u00e9 Paris-Diderot and Catherine Morin, Universit\u00e9 Pierre et Marie Curie Does Functionalism Offer an Adequate Account of Cognitive Psychology? James M. Stedman, University of Texas Health Science Center San Antonio and Thomas L. [&hellip;]<\/p>\n","protected":false},"author":1232,"featured_media":0,"parent":17,"menu_order":1,"comment_status":"closed","ping_status":"closed","template":"","meta":{"_kad_blocks_custom_css":"","_kad_blocks_head_custom_js":"","_kad_blocks_body_custom_js":"","_kad_blocks_footer_custom_js":"","_monsterinsights_skip_tracking":false,"_monsterinsights_sitenote_active":false,"_monsterinsights_sitenote_note":"","_monsterinsights_sitenote_category":0,"footnotes":""},"class_list":["post-1676","page","type-page","status-publish","hentry"],"yoast_head":"<!-- This site is optimized with the Yoast SEO plugin v26.9 - https:\/\/yoast.com\/product\/yoast-seo-wordpress\/ -->\n<title>2016 - The Journal of Mind and Behavior - University of Maine<\/title>\n<meta name=\"robots\" content=\"index, follow, max-snippet:-1, max-image-preview:large, max-video-preview:-1\" \/>\n<link rel=\"canonical\" href=\"https:\/\/umaine.edu\/jmb\/back-issues\/2016-2\/\" \/>\n<meta property=\"og:locale\" content=\"en_US\" \/>\n<meta property=\"og:type\" content=\"article\" \/>\n<meta property=\"og:title\" content=\"2016 - The Journal of Mind and Behavior - University of Maine\" \/>\n<meta property=\"og:description\" content=\"Volume 37, Number 1, Winter Which Identification is Disturbed in Misidentification Syndromes? A Structural Analysis of Fregoli and Capgras Syndromes St\u00e9phane Thibierge, Universit\u00e9 Paris-Diderot and Catherine Morin, Universit\u00e9 Pierre et Marie Curie Does Functionalism Offer an Adequate Account of Cognitive Psychology? James M. Stedman, University of Texas Health Science Center San Antonio and Thomas L. [&hellip;]\" \/>\n<meta property=\"og:url\" content=\"https:\/\/umaine.edu\/jmb\/back-issues\/2016-2\/\" \/>\n<meta property=\"og:site_name\" content=\"The Journal of Mind and Behavior\" \/>\n<meta property=\"article:modified_time\" content=\"2018-09-12T17:16:36+00:00\" \/>\n<meta name=\"twitter:card\" content=\"summary_large_image\" \/>\n<meta name=\"twitter:label1\" content=\"Est. reading time\" \/>\n\t<meta name=\"twitter:data1\" content=\"2 minutes\" \/>\n<script type=\"application\/ld+json\" class=\"yoast-schema-graph\">{\"@context\":\"https:\/\/schema.org\",\"@graph\":[{\"@type\":\"WebPage\",\"@id\":\"https:\/\/umaine.edu\/jmb\/back-issues\/2016-2\/\",\"url\":\"https:\/\/umaine.edu\/jmb\/back-issues\/2016-2\/\",\"name\":\"2016 - The Journal of Mind and Behavior - University of Maine\",\"isPartOf\":{\"@id\":\"https:\/\/umaine.edu\/jmb\/#website\"},\"datePublished\":\"2017-01-12T02:52:12+00:00\",\"dateModified\":\"2018-09-12T17:16:36+00:00\",\"breadcrumb\":{\"@id\":\"https:\/\/umaine.edu\/jmb\/back-issues\/2016-2\/#breadcrumb\"},\"inLanguage\":\"en-US\",\"potentialAction\":[{\"@type\":\"ReadAction\",\"target\":[\"https:\/\/umaine.edu\/jmb\/back-issues\/2016-2\/\"]}]},{\"@type\":\"BreadcrumbList\",\"@id\":\"https:\/\/umaine.edu\/jmb\/back-issues\/2016-2\/#breadcrumb\",\"itemListElement\":[{\"@type\":\"ListItem\",\"position\":1,\"name\":\"Home\",\"item\":\"https:\/\/umaine.edu\/jmb\/\"},{\"@type\":\"ListItem\",\"position\":2,\"name\":\"Back Issues\",\"item\":\"https:\/\/umaine.edu\/jmb\/back-issues\/\"},{\"@type\":\"ListItem\",\"position\":3,\"name\":\"2016\"}]},{\"@type\":\"WebSite\",\"@id\":\"https:\/\/umaine.edu\/jmb\/#website\",\"url\":\"https:\/\/umaine.edu\/jmb\/\",\"name\":\"The Journal of Mind and Behavior\",\"description\":\"Dedicated to the interdisciplinary approach within psychology and related fields\",\"potentialAction\":[{\"@type\":\"SearchAction\",\"target\":{\"@type\":\"EntryPoint\",\"urlTemplate\":\"https:\/\/umaine.edu\/jmb\/?s={search_term_string}\"},\"query-input\":{\"@type\":\"PropertyValueSpecification\",\"valueRequired\":true,\"valueName\":\"search_term_string\"}}],\"inLanguage\":\"en-US\"}]}<\/script>\n<!-- \/ Yoast SEO plugin. -->","yoast_head_json":{"title":"2016 - The Journal of Mind and Behavior - University of Maine","robots":{"index":"index","follow":"follow","max-snippet":"max-snippet:-1","max-image-preview":"max-image-preview:large","max-video-preview":"max-video-preview:-1"},"canonical":"https:\/\/umaine.edu\/jmb\/back-issues\/2016-2\/","og_locale":"en_US","og_type":"article","og_title":"2016 - The Journal of Mind and Behavior - University of Maine","og_description":"Volume 37, Number 1, Winter Which Identification is Disturbed in Misidentification Syndromes? A Structural Analysis of Fregoli and Capgras Syndromes St\u00e9phane Thibierge, Universit\u00e9 Paris-Diderot and Catherine Morin, Universit\u00e9 Pierre et Marie Curie Does Functionalism Offer an Adequate Account of Cognitive Psychology? James M. Stedman, University of Texas Health Science Center San Antonio and Thomas L. [&hellip;]","og_url":"https:\/\/umaine.edu\/jmb\/back-issues\/2016-2\/","og_site_name":"The Journal of Mind and Behavior","article_modified_time":"2018-09-12T17:16:36+00:00","twitter_card":"summary_large_image","twitter_misc":{"Est. reading time":"2 minutes"},"schema":{"@context":"https:\/\/schema.org","@graph":[{"@type":"WebPage","@id":"https:\/\/umaine.edu\/jmb\/back-issues\/2016-2\/","url":"https:\/\/umaine.edu\/jmb\/back-issues\/2016-2\/","name":"2016 - The Journal of Mind and Behavior - University of Maine","isPartOf":{"@id":"https:\/\/umaine.edu\/jmb\/#website"},"datePublished":"2017-01-12T02:52:12+00:00","dateModified":"2018-09-12T17:16:36+00:00","breadcrumb":{"@id":"https:\/\/umaine.edu\/jmb\/back-issues\/2016-2\/#breadcrumb"},"inLanguage":"en-US","potentialAction":[{"@type":"ReadAction","target":["https:\/\/umaine.edu\/jmb\/back-issues\/2016-2\/"]}]},{"@type":"BreadcrumbList","@id":"https:\/\/umaine.edu\/jmb\/back-issues\/2016-2\/#breadcrumb","itemListElement":[{"@type":"ListItem","position":1,"name":"Home","item":"https:\/\/umaine.edu\/jmb\/"},{"@type":"ListItem","position":2,"name":"Back Issues","item":"https:\/\/umaine.edu\/jmb\/back-issues\/"},{"@type":"ListItem","position":3,"name":"2016"}]},{"@type":"WebSite","@id":"https:\/\/umaine.edu\/jmb\/#website","url":"https:\/\/umaine.edu\/jmb\/","name":"The Journal of Mind and Behavior","description":"Dedicated to the interdisciplinary approach within psychology and related fields","potentialAction":[{"@type":"SearchAction","target":{"@type":"EntryPoint","urlTemplate":"https:\/\/umaine.edu\/jmb\/?s={search_term_string}"},"query-input":{"@type":"PropertyValueSpecification","valueRequired":true,"valueName":"search_term_string"}}],"inLanguage":"en-US"}]}},"taxonomy_info":[],"featured_image_src_large":false,"author_info":{"display_name":"rruss","author_link":"https:\/\/umaine.edu\/jmb\/author\/rruss\/"},"comment_info":0,"_links":{"self":[{"href":"https:\/\/umaine.edu\/jmb\/wp-json\/wp\/v2\/pages\/1676","targetHints":{"allow":["GET"]}}],"collection":[{"href":"https:\/\/umaine.edu\/jmb\/wp-json\/wp\/v2\/pages"}],"about":[{"href":"https:\/\/umaine.edu\/jmb\/wp-json\/wp\/v2\/types\/page"}],"author":[{"embeddable":true,"href":"https:\/\/umaine.edu\/jmb\/wp-json\/wp\/v2\/users\/1232"}],"replies":[{"embeddable":true,"href":"https:\/\/umaine.edu\/jmb\/wp-json\/wp\/v2\/comments?post=1676"}],"version-history":[{"count":1,"href":"https:\/\/umaine.edu\/jmb\/wp-json\/wp\/v2\/pages\/1676\/revisions"}],"predecessor-version":[{"id":3197,"href":"https:\/\/umaine.edu\/jmb\/wp-json\/wp\/v2\/pages\/1676\/revisions\/3197"}],"up":[{"embeddable":true,"href":"https:\/\/umaine.edu\/jmb\/wp-json\/wp\/v2\/pages\/17"}],"wp:attachment":[{"href":"https:\/\/umaine.edu\/jmb\/wp-json\/wp\/v2\/media?parent=1676"}],"curies":[{"name":"wp","href":"https:\/\/api.w.org\/{rel}","templated":true}]}}