{"id":6,"date":"2012-03-05T15:15:58","date_gmt":"2012-03-05T20:15:58","guid":{"rendered":"http:\/\/umaine.edu\/francoamerican\/?page_id=6"},"modified":"2025-11-24T15:50:25","modified_gmt":"2025-11-24T20:50:25","slug":"franco-american-oral-history-archives","status":"publish","type":"page","link":"https:\/\/umaine.edu\/francoamerican\/franco-american-oral-history-archives\/","title":{"rendered":"Franco-American Oral History Archives"},"content":{"rendered":"<p style=\"text-align: center\"><a href=\"https:\/\/umaine.edu\/francoamerican\/wp-content\/uploads\/sites\/314\/2012\/03\/faohgalleries.jpg\"><img loading=\"lazy\" decoding=\"async\" class=\"aligncenter size-full wp-image-31\" src=\"https:\/\/umaine.edu\/francoamerican\/wp-content\/uploads\/sites\/314\/2012\/03\/faohgalleries.jpg\" alt=\"Gallery images from Franco-American Oral History Archives\" width=\"343\" height=\"196\" srcset=\"https:\/\/umaine.edu\/francoamerican\/wp-content\/uploads\/sites\/314\/2012\/03\/faohgalleries.jpg 343w, https:\/\/umaine.edu\/francoamerican\/wp-content\/uploads\/sites\/314\/2012\/03\/faohgalleries-300x171.jpg 300w, https:\/\/umaine.edu\/francoamerican\/wp-content\/uploads\/sites\/314\/2012\/03\/faohgalleries-105x60.jpg 105w, https:\/\/umaine.edu\/francoamerican\/wp-content\/uploads\/sites\/314\/2012\/03\/faohgalleries-317x181.jpg 317w\" sizes=\"auto, (max-width: 320px) 85vw, (max-width: 768px) 67vw, (max-width: 1024px) 62vw,343px\" \/><\/a><\/p>\n<table style=\"border: 1px solid #ffffff\" border=\"0\" width=\"100%\" cellspacing=\"0\" cellpadding=\"0\">\n<tbody>\n<tr>\n<td style=\"border: 1px solid #ffffff\" valign=\"top\" width=\"48%\">\n<p style=\"text-align: justify\" align=\"justify\"><a href=\"http:\/\/www.francoamericanarchives.org\" target=\"_blank\">The Franco-American Oral History Archives<\/a> work to develop, collect, and publish oral documentation of Franco-American history and life. The archives promote storytelling, family studies, community participation, historic preservation, and new media in order to broaden how we think about the past.<\/p>\n<\/td>\n<td style=\"border: 1px solid #ffffff\" width=\"4%\"><\/td>\n<td style=\"border: 1px solid #ffffff\" valign=\"top\" width=\"48%\">\n<p style=\"text-align: justify\" align=\"justify\"><a href=\"http:\/\/www.francoamericanarchives.org\" target=\"_blank\">Les Archives d&#8217;histoire orale franco-am\u00e9ricaine<\/a> visent \u00e0 d\u00e9velopper, collectionner, et rendre disponible au grand public une documentation orale se rapportant \u00e0 l\u2019histoire et la vie franco-am\u00e9ricaines. Les archives promouvent les \u00e9tudes communautaires et de familles, la pr\u00e9servation historique, la technologie de pointe des m\u00e9dias, ceci afin d\u2019enrichir la compr\u00e9hension historique de la m\u00e9moire collective publique.<\/p>\n<\/td>\n<\/tr>\n<\/tbody>\n<\/table>\n","protected":false},"excerpt":{"rendered":"<p>The Franco-American Oral History Archives work to develop, collect, and publish oral documentation of Franco-American history and life. The archives promote storytelling, family studies, community participation, historic preservation, and new media in order to broaden how we think about the past. Les Archives d&#8217;histoire orale franco-am\u00e9ricaine visent \u00e0 d\u00e9velopper, collectionner, et rendre disponible au grand [&hellip;]<\/p>\n","protected":false},"author":2125,"featured_media":0,"parent":0,"menu_order":5,"comment_status":"closed","ping_status":"closed","template":"","meta":{"_kad_blocks_custom_css":"","_kad_blocks_head_custom_js":"","_kad_blocks_body_custom_js":"","_kad_blocks_footer_custom_js":"","_monsterinsights_skip_tracking":false,"_monsterinsights_sitenote_active":false,"_monsterinsights_sitenote_note":"","_monsterinsights_sitenote_category":0,"footnotes":""},"class_list":["post-6","page","type-page","status-publish","hentry"],"yoast_head":"<!-- This site is optimized with the Yoast SEO plugin v27.2 - https:\/\/yoast.com\/product\/yoast-seo-wordpress\/ -->\n<title>Franco-American Oral History Archives - Franco American Programs - University of Maine<\/title>\n<meta name=\"robots\" content=\"index, follow, max-snippet:-1, max-image-preview:large, max-video-preview:-1\" \/>\n<link rel=\"canonical\" href=\"https:\/\/umaine.edu\/francoamerican\/franco-american-oral-history-archives\/\" \/>\n<meta property=\"og:locale\" content=\"en_US\" \/>\n<meta property=\"og:type\" content=\"article\" \/>\n<meta property=\"og:title\" content=\"Franco-American Oral History Archives - Franco American Programs - University of Maine\" \/>\n<meta property=\"og:description\" content=\"The Franco-American Oral History Archives work to develop, collect, and publish oral documentation of Franco-American history and life. The archives promote storytelling, family studies, community participation, historic preservation, and new media in order to broaden how we think about the past. Les Archives d&#8217;histoire orale franco-am\u00e9ricaine visent \u00e0 d\u00e9velopper, collectionner, et rendre disponible au grand [&hellip;]\" \/>\n<meta property=\"og:url\" content=\"https:\/\/umaine.edu\/francoamerican\/franco-american-oral-history-archives\/\" \/>\n<meta property=\"og:site_name\" content=\"Franco American Programs\" \/>\n<meta property=\"article:publisher\" content=\"https:\/\/www.facebook.com\/UMFrancoProgram\/\" \/>\n<meta property=\"article:modified_time\" content=\"2025-11-24T20:50:25+00:00\" \/>\n<meta property=\"og:image\" content=\"https:\/\/umaine.edu\/francoamerican\/wp-content\/uploads\/sites\/314\/2012\/03\/faohgalleries.jpg\" \/>\n\t<meta property=\"og:image:width\" content=\"343\" \/>\n\t<meta property=\"og:image:height\" content=\"196\" \/>\n\t<meta property=\"og:image:type\" content=\"image\/jpeg\" \/>\n<meta name=\"twitter:card\" content=\"summary_large_image\" \/>\n<script type=\"application\/ld+json\" class=\"yoast-schema-graph\">{\"@context\":\"https:\/\/schema.org\",\"@graph\":[{\"@type\":\"WebPage\",\"@id\":\"https:\/\/umaine.edu\/francoamerican\/franco-american-oral-history-archives\/\",\"url\":\"https:\/\/umaine.edu\/francoamerican\/franco-american-oral-history-archives\/\",\"name\":\"Franco-American Oral History Archives - Franco American Programs - University of Maine\",\"isPartOf\":{\"@id\":\"https:\/\/umaine.edu\/francoamerican\/#website\"},\"primaryImageOfPage\":{\"@id\":\"https:\/\/umaine.edu\/francoamerican\/franco-american-oral-history-archives\/#primaryimage\"},\"image\":{\"@id\":\"https:\/\/umaine.edu\/francoamerican\/franco-american-oral-history-archives\/#primaryimage\"},\"thumbnailUrl\":\"https:\/\/umaine.edu\/francoamerican\/wp-content\/uploads\/sites\/314\/2012\/03\/faohgalleries.jpg\",\"datePublished\":\"2012-03-05T20:15:58+00:00\",\"dateModified\":\"2025-11-24T20:50:25+00:00\",\"breadcrumb\":{\"@id\":\"https:\/\/umaine.edu\/francoamerican\/franco-american-oral-history-archives\/#breadcrumb\"},\"inLanguage\":\"en-US\",\"potentialAction\":[{\"@type\":\"ReadAction\",\"target\":[\"https:\/\/umaine.edu\/francoamerican\/franco-american-oral-history-archives\/\"]}]},{\"@type\":\"ImageObject\",\"inLanguage\":\"en-US\",\"@id\":\"https:\/\/umaine.edu\/francoamerican\/franco-american-oral-history-archives\/#primaryimage\",\"url\":\"https:\/\/umaine.edu\/francoamerican\/wp-content\/uploads\/sites\/314\/2012\/03\/faohgalleries.jpg\",\"contentUrl\":\"https:\/\/umaine.edu\/francoamerican\/wp-content\/uploads\/sites\/314\/2012\/03\/faohgalleries.jpg\",\"width\":343,\"height\":196,\"caption\":\"Gallery images from Franco-American Oral History Archives\"},{\"@type\":\"BreadcrumbList\",\"@id\":\"https:\/\/umaine.edu\/francoamerican\/franco-american-oral-history-archives\/#breadcrumb\",\"itemListElement\":[{\"@type\":\"ListItem\",\"position\":1,\"name\":\"Home\",\"item\":\"https:\/\/umaine.edu\/francoamerican\/\"},{\"@type\":\"ListItem\",\"position\":2,\"name\":\"Franco-American Oral History Archives\"}]},{\"@type\":\"WebSite\",\"@id\":\"https:\/\/umaine.edu\/francoamerican\/#website\",\"url\":\"https:\/\/umaine.edu\/francoamerican\/\",\"name\":\"Franco American Programs\",\"description\":\"\",\"potentialAction\":[{\"@type\":\"SearchAction\",\"target\":{\"@type\":\"EntryPoint\",\"urlTemplate\":\"https:\/\/umaine.edu\/francoamerican\/?s={search_term_string}\"},\"query-input\":{\"@type\":\"PropertyValueSpecification\",\"valueRequired\":true,\"valueName\":\"search_term_string\"}}],\"inLanguage\":\"en-US\"}]}<\/script>\n<!-- \/ Yoast SEO plugin. -->","yoast_head_json":{"title":"Franco-American Oral History Archives - Franco American Programs - University of Maine","robots":{"index":"index","follow":"follow","max-snippet":"max-snippet:-1","max-image-preview":"max-image-preview:large","max-video-preview":"max-video-preview:-1"},"canonical":"https:\/\/umaine.edu\/francoamerican\/franco-american-oral-history-archives\/","og_locale":"en_US","og_type":"article","og_title":"Franco-American Oral History Archives - Franco American Programs - University of Maine","og_description":"The Franco-American Oral History Archives work to develop, collect, and publish oral documentation of Franco-American history and life. The archives promote storytelling, family studies, community participation, historic preservation, and new media in order to broaden how we think about the past. Les Archives d&#8217;histoire orale franco-am\u00e9ricaine visent \u00e0 d\u00e9velopper, collectionner, et rendre disponible au grand [&hellip;]","og_url":"https:\/\/umaine.edu\/francoamerican\/franco-american-oral-history-archives\/","og_site_name":"Franco American Programs","article_publisher":"https:\/\/www.facebook.com\/UMFrancoProgram\/","article_modified_time":"2025-11-24T20:50:25+00:00","og_image":[{"width":343,"height":196,"url":"https:\/\/umaine.edu\/francoamerican\/wp-content\/uploads\/sites\/314\/2012\/03\/faohgalleries.jpg","type":"image\/jpeg"}],"twitter_card":"summary_large_image","schema":{"@context":"https:\/\/schema.org","@graph":[{"@type":"WebPage","@id":"https:\/\/umaine.edu\/francoamerican\/franco-american-oral-history-archives\/","url":"https:\/\/umaine.edu\/francoamerican\/franco-american-oral-history-archives\/","name":"Franco-American Oral History Archives - Franco American Programs - University of Maine","isPartOf":{"@id":"https:\/\/umaine.edu\/francoamerican\/#website"},"primaryImageOfPage":{"@id":"https:\/\/umaine.edu\/francoamerican\/franco-american-oral-history-archives\/#primaryimage"},"image":{"@id":"https:\/\/umaine.edu\/francoamerican\/franco-american-oral-history-archives\/#primaryimage"},"thumbnailUrl":"https:\/\/umaine.edu\/francoamerican\/wp-content\/uploads\/sites\/314\/2012\/03\/faohgalleries.jpg","datePublished":"2012-03-05T20:15:58+00:00","dateModified":"2025-11-24T20:50:25+00:00","breadcrumb":{"@id":"https:\/\/umaine.edu\/francoamerican\/franco-american-oral-history-archives\/#breadcrumb"},"inLanguage":"en-US","potentialAction":[{"@type":"ReadAction","target":["https:\/\/umaine.edu\/francoamerican\/franco-american-oral-history-archives\/"]}]},{"@type":"ImageObject","inLanguage":"en-US","@id":"https:\/\/umaine.edu\/francoamerican\/franco-american-oral-history-archives\/#primaryimage","url":"https:\/\/umaine.edu\/francoamerican\/wp-content\/uploads\/sites\/314\/2012\/03\/faohgalleries.jpg","contentUrl":"https:\/\/umaine.edu\/francoamerican\/wp-content\/uploads\/sites\/314\/2012\/03\/faohgalleries.jpg","width":343,"height":196,"caption":"Gallery images from Franco-American Oral History Archives"},{"@type":"BreadcrumbList","@id":"https:\/\/umaine.edu\/francoamerican\/franco-american-oral-history-archives\/#breadcrumb","itemListElement":[{"@type":"ListItem","position":1,"name":"Home","item":"https:\/\/umaine.edu\/francoamerican\/"},{"@type":"ListItem","position":2,"name":"Franco-American Oral History Archives"}]},{"@type":"WebSite","@id":"https:\/\/umaine.edu\/francoamerican\/#website","url":"https:\/\/umaine.edu\/francoamerican\/","name":"Franco American Programs","description":"","potentialAction":[{"@type":"SearchAction","target":{"@type":"EntryPoint","urlTemplate":"https:\/\/umaine.edu\/francoamerican\/?s={search_term_string}"},"query-input":{"@type":"PropertyValueSpecification","valueRequired":true,"valueName":"search_term_string"}}],"inLanguage":"en-US"}]}},"taxonomy_info":[],"featured_image_src_large":false,"author_info":{"display_name":"aadams","author_link":"https:\/\/umaine.edu\/francoamerican\/author\/aadams\/"},"comment_info":0,"_links":{"self":[{"href":"https:\/\/umaine.edu\/francoamerican\/wp-json\/wp\/v2\/pages\/6","targetHints":{"allow":["GET"]}}],"collection":[{"href":"https:\/\/umaine.edu\/francoamerican\/wp-json\/wp\/v2\/pages"}],"about":[{"href":"https:\/\/umaine.edu\/francoamerican\/wp-json\/wp\/v2\/types\/page"}],"author":[{"embeddable":true,"href":"https:\/\/umaine.edu\/francoamerican\/wp-json\/wp\/v2\/users\/2125"}],"replies":[{"embeddable":true,"href":"https:\/\/umaine.edu\/francoamerican\/wp-json\/wp\/v2\/comments?post=6"}],"version-history":[{"count":4,"href":"https:\/\/umaine.edu\/francoamerican\/wp-json\/wp\/v2\/pages\/6\/revisions"}],"predecessor-version":[{"id":4139,"href":"https:\/\/umaine.edu\/francoamerican\/wp-json\/wp\/v2\/pages\/6\/revisions\/4139"}],"wp:attachment":[{"href":"https:\/\/umaine.edu\/francoamerican\/wp-json\/wp\/v2\/media?parent=6"}],"curies":[{"name":"wp","href":"https:\/\/api.w.org\/{rel}","templated":true}]}}