{"id":4071,"date":"2025-05-22T10:44:08","date_gmt":"2025-05-22T14:44:08","guid":{"rendered":"https:\/\/umaine.edu\/francoamerican\/?page_id=4071"},"modified":"2025-05-22T10:44:08","modified_gmt":"2025-05-22T14:44:08","slug":"centre","status":"publish","type":"page","link":"https:\/\/umaine.edu\/francoamerican\/centre\/","title":{"rendered":"The Franco American Centre"},"content":{"rendered":"\n<p>Le Bureau des Affaires franco-am\u00e9ricains de l\u2019Universit\u00e9 du Maine fut fond\u00e9 en 1972 par des \u00e9tudiants et des b\u00e9n\u00e9voles de la communaut\u00e9 franco-am\u00e9ricaine. Cela devint par cons\u00e9quent le Centre Franco-Am\u00e9ricain. D\u00e8s le d\u00e9part, son but fut d\u2019introduire et d\u2019int\u00e9grer le fait franco-am\u00e9ricain du Maine et de la r\u00e9gion dans la formation acad\u00e9mique post-secondaire et en particulier \u00e0 l\u2019Universit\u00e9 du Maine.<\/p>\n\n\n\n<p>Utilisez le menu et les liens \u00e0 c\u00f4t\u00e9 de cette page pour en apprendre sur notre travail et nos partenaires: Les Archives d\u2019histoire orale; Biblith\u00e8que Franco-Am\u00e9ricaine; Le fait fran\u00e7ais au Maine; Franco American Studies @ UMaine.<\/p>\n\n\n\n<h4 class=\"wp-block-heading\">Retrouvez-nous sur&nbsp;<a href=\"https:\/\/www.facebook.com\/FrancoAmericanCentre\">Facebook<\/a>.<\/h4>\n\n\n\n<p>The University of Maine Office of Franco-American Affairs was founded in 1972 by Franco-American students and community volunteers. This office subsequently became the Franco-American Centre. The purpose of the Centre has been to introduce and integrate the Maine, regional, and United States Franco-American fact in post-secondary academe and in particular the University of Maine.<\/p>\n\n\n\n<p>Please use the side menu and links to learn about our work and our partners: Franco-American Oral History Archives; Franco American Library; Maine\u2019s French Communities; Franco American Studies @ UMaine.<\/p>\n\n\n\n<h4 class=\"wp-block-heading\">Find&nbsp;us&nbsp;on&nbsp;<a href=\"https:\/\/www.facebook.com\/FrancoAmericanCentre\">Facebook<\/a>.<\/h4>\n","protected":false},"excerpt":{"rendered":"<p>Le Bureau des Affaires franco-am\u00e9ricains de l\u2019Universit\u00e9 du Maine fut fond\u00e9 en 1972 par des \u00e9tudiants et des b\u00e9n\u00e9voles de la communaut\u00e9 franco-am\u00e9ricaine. Cela devint par cons\u00e9quent le Centre Franco-Am\u00e9ricain. D\u00e8s le d\u00e9part, son but fut d\u2019introduire et d\u2019int\u00e9grer le fait franco-am\u00e9ricain du Maine et de la r\u00e9gion dans la formation acad\u00e9mique post-secondaire et en [&hellip;]<\/p>\n","protected":false},"author":1014,"featured_media":0,"parent":0,"menu_order":0,"comment_status":"closed","ping_status":"closed","template":"templates\/page-withsidebar.php","meta":{"_kad_blocks_custom_css":"","_kad_blocks_head_custom_js":"","_kad_blocks_body_custom_js":"","_kad_blocks_footer_custom_js":"","_monsterinsights_skip_tracking":false,"_monsterinsights_sitenote_active":false,"_monsterinsights_sitenote_note":"","_monsterinsights_sitenote_category":0,"footnotes":""},"class_list":["post-4071","page","type-page","status-publish","hentry"],"yoast_head":"<!-- This site is optimized with the Yoast SEO plugin v26.9 - https:\/\/yoast.com\/product\/yoast-seo-wordpress\/ -->\n<title>The Franco American Centre - Franco American Programs - University of Maine<\/title>\n<meta name=\"robots\" content=\"index, follow, max-snippet:-1, max-image-preview:large, max-video-preview:-1\" \/>\n<link rel=\"canonical\" href=\"https:\/\/umaine.edu\/francoamerican\/centre\/\" \/>\n<meta property=\"og:locale\" content=\"en_US\" \/>\n<meta property=\"og:type\" content=\"article\" \/>\n<meta property=\"og:title\" content=\"The Franco American Centre - Franco American Programs - University of Maine\" \/>\n<meta property=\"og:description\" content=\"Le Bureau des Affaires franco-am\u00e9ricains de l\u2019Universit\u00e9 du Maine fut fond\u00e9 en 1972 par des \u00e9tudiants et des b\u00e9n\u00e9voles de la communaut\u00e9 franco-am\u00e9ricaine. Cela devint par cons\u00e9quent le Centre Franco-Am\u00e9ricain. D\u00e8s le d\u00e9part, son but fut d\u2019introduire et d\u2019int\u00e9grer le fait franco-am\u00e9ricain du Maine et de la r\u00e9gion dans la formation acad\u00e9mique post-secondaire et en [&hellip;]\" \/>\n<meta property=\"og:url\" content=\"https:\/\/umaine.edu\/francoamerican\/centre\/\" \/>\n<meta property=\"og:site_name\" content=\"Franco American Programs\" \/>\n<meta property=\"article:publisher\" content=\"https:\/\/www.facebook.com\/UMFrancoProgram\/\" \/>\n<meta name=\"twitter:card\" content=\"summary_large_image\" \/>\n<meta name=\"twitter:label1\" content=\"Est. reading time\" \/>\n\t<meta name=\"twitter:data1\" content=\"1 minute\" \/>\n<script type=\"application\/ld+json\" class=\"yoast-schema-graph\">{\"@context\":\"https:\/\/schema.org\",\"@graph\":[{\"@type\":\"WebPage\",\"@id\":\"https:\/\/umaine.edu\/francoamerican\/centre\/\",\"url\":\"https:\/\/umaine.edu\/francoamerican\/centre\/\",\"name\":\"The Franco American Centre - Franco American Programs - University of Maine\",\"isPartOf\":{\"@id\":\"https:\/\/umaine.edu\/francoamerican\/#website\"},\"datePublished\":\"2025-05-22T14:44:08+00:00\",\"breadcrumb\":{\"@id\":\"https:\/\/umaine.edu\/francoamerican\/centre\/#breadcrumb\"},\"inLanguage\":\"en-US\",\"potentialAction\":[{\"@type\":\"ReadAction\",\"target\":[\"https:\/\/umaine.edu\/francoamerican\/centre\/\"]}]},{\"@type\":\"BreadcrumbList\",\"@id\":\"https:\/\/umaine.edu\/francoamerican\/centre\/#breadcrumb\",\"itemListElement\":[{\"@type\":\"ListItem\",\"position\":1,\"name\":\"Home\",\"item\":\"https:\/\/umaine.edu\/francoamerican\/\"},{\"@type\":\"ListItem\",\"position\":2,\"name\":\"The Franco American Centre\"}]},{\"@type\":\"WebSite\",\"@id\":\"https:\/\/umaine.edu\/francoamerican\/#website\",\"url\":\"https:\/\/umaine.edu\/francoamerican\/\",\"name\":\"Franco American Programs\",\"description\":\"\",\"potentialAction\":[{\"@type\":\"SearchAction\",\"target\":{\"@type\":\"EntryPoint\",\"urlTemplate\":\"https:\/\/umaine.edu\/francoamerican\/?s={search_term_string}\"},\"query-input\":{\"@type\":\"PropertyValueSpecification\",\"valueRequired\":true,\"valueName\":\"search_term_string\"}}],\"inLanguage\":\"en-US\"}]}<\/script>\n<!-- \/ Yoast SEO plugin. -->","yoast_head_json":{"title":"The Franco American Centre - Franco American Programs - University of Maine","robots":{"index":"index","follow":"follow","max-snippet":"max-snippet:-1","max-image-preview":"max-image-preview:large","max-video-preview":"max-video-preview:-1"},"canonical":"https:\/\/umaine.edu\/francoamerican\/centre\/","og_locale":"en_US","og_type":"article","og_title":"The Franco American Centre - Franco American Programs - University of Maine","og_description":"Le Bureau des Affaires franco-am\u00e9ricains de l\u2019Universit\u00e9 du Maine fut fond\u00e9 en 1972 par des \u00e9tudiants et des b\u00e9n\u00e9voles de la communaut\u00e9 franco-am\u00e9ricaine. Cela devint par cons\u00e9quent le Centre Franco-Am\u00e9ricain. D\u00e8s le d\u00e9part, son but fut d\u2019introduire et d\u2019int\u00e9grer le fait franco-am\u00e9ricain du Maine et de la r\u00e9gion dans la formation acad\u00e9mique post-secondaire et en [&hellip;]","og_url":"https:\/\/umaine.edu\/francoamerican\/centre\/","og_site_name":"Franco American Programs","article_publisher":"https:\/\/www.facebook.com\/UMFrancoProgram\/","twitter_card":"summary_large_image","twitter_misc":{"Est. reading time":"1 minute"},"schema":{"@context":"https:\/\/schema.org","@graph":[{"@type":"WebPage","@id":"https:\/\/umaine.edu\/francoamerican\/centre\/","url":"https:\/\/umaine.edu\/francoamerican\/centre\/","name":"The Franco American Centre - Franco American Programs - University of Maine","isPartOf":{"@id":"https:\/\/umaine.edu\/francoamerican\/#website"},"datePublished":"2025-05-22T14:44:08+00:00","breadcrumb":{"@id":"https:\/\/umaine.edu\/francoamerican\/centre\/#breadcrumb"},"inLanguage":"en-US","potentialAction":[{"@type":"ReadAction","target":["https:\/\/umaine.edu\/francoamerican\/centre\/"]}]},{"@type":"BreadcrumbList","@id":"https:\/\/umaine.edu\/francoamerican\/centre\/#breadcrumb","itemListElement":[{"@type":"ListItem","position":1,"name":"Home","item":"https:\/\/umaine.edu\/francoamerican\/"},{"@type":"ListItem","position":2,"name":"The Franco American Centre"}]},{"@type":"WebSite","@id":"https:\/\/umaine.edu\/francoamerican\/#website","url":"https:\/\/umaine.edu\/francoamerican\/","name":"Franco American Programs","description":"","potentialAction":[{"@type":"SearchAction","target":{"@type":"EntryPoint","urlTemplate":"https:\/\/umaine.edu\/francoamerican\/?s={search_term_string}"},"query-input":{"@type":"PropertyValueSpecification","valueRequired":true,"valueName":"search_term_string"}}],"inLanguage":"en-US"}]}},"taxonomy_info":[],"featured_image_src_large":false,"author_info":{"display_name":"Susan Pinette","author_link":"https:\/\/umaine.edu\/francoamerican\/author\/spinette\/"},"comment_info":0,"_links":{"self":[{"href":"https:\/\/umaine.edu\/francoamerican\/wp-json\/wp\/v2\/pages\/4071","targetHints":{"allow":["GET"]}}],"collection":[{"href":"https:\/\/umaine.edu\/francoamerican\/wp-json\/wp\/v2\/pages"}],"about":[{"href":"https:\/\/umaine.edu\/francoamerican\/wp-json\/wp\/v2\/types\/page"}],"author":[{"embeddable":true,"href":"https:\/\/umaine.edu\/francoamerican\/wp-json\/wp\/v2\/users\/1014"}],"replies":[{"embeddable":true,"href":"https:\/\/umaine.edu\/francoamerican\/wp-json\/wp\/v2\/comments?post=4071"}],"version-history":[{"count":1,"href":"https:\/\/umaine.edu\/francoamerican\/wp-json\/wp\/v2\/pages\/4071\/revisions"}],"predecessor-version":[{"id":4072,"href":"https:\/\/umaine.edu\/francoamerican\/wp-json\/wp\/v2\/pages\/4071\/revisions\/4072"}],"wp:attachment":[{"href":"https:\/\/umaine.edu\/francoamerican\/wp-json\/wp\/v2\/media?parent=4071"}],"curies":[{"name":"wp","href":"https:\/\/api.w.org\/{rel}","templated":true}]}}