{"id":15,"date":"2012-03-05T16:34:08","date_gmt":"2012-03-05T21:34:08","guid":{"rendered":"http:\/\/umaine.edu\/francoamerican\/?page_id=15"},"modified":"2025-04-09T11:02:45","modified_gmt":"2025-04-09T15:02:45","slug":"le-forum","status":"publish","type":"page","link":"https:\/\/umaine.edu\/francoamerican\/le-forum\/","title":{"rendered":"Le FORUM"},"content":{"rendered":"<style>.wp-block-kadence-spacer.kt-block-spacer-15_c89004-4e .kt-block-spacer{height:60px;}.wp-block-kadence-spacer.kt-block-spacer-15_c89004-4e .kt-divider{border-top-width:1px;height:1px;border-top-color:#eee;width:80%;border-top-style:solid;}<\/style>\n<div class=\"wp-block-kadence-spacer aligncenter kt-block-spacer-15_c89004-4e\"><div class=\"kt-block-spacer kt-block-spacer-halign-center\"><\/div><\/div>\n\n\n<style>.kb-image15_75d061-26.kb-image-is-ratio-size, .kb-image15_75d061-26 .kb-image-is-ratio-size{max-width:840px;width:100%;}.wp-block-kadence-column > .kt-inside-inner-col > .kb-image15_75d061-26.kb-image-is-ratio-size, .wp-block-kadence-column > .kt-inside-inner-col > .kb-image15_75d061-26 .kb-image-is-ratio-size{align-self:unset;}.kb-image15_75d061-26 figure{max-width:840px;}.kb-image15_75d061-26 .image-is-svg, .kb-image15_75d061-26 .image-is-svg img{width:100%;}.kb-image15_75d061-26 .kb-image-has-overlay:after{opacity:0.3;}<\/style>\n<div class=\"wp-block-kadence-image kb-image15_75d061-26\"><figure class=\"aligncenter size-full\"><img loading=\"lazy\" decoding=\"async\" width=\"853\" height=\"183\" src=\"https:\/\/umaine.edu\/francoamerican\/wp-content\/uploads\/sites\/314\/2012\/03\/farogforumlogo.jpg\" alt=\"Le FAROG Forum and Le Forum\" class=\"kb-img wp-image-16\" srcset=\"https:\/\/umaine.edu\/francoamerican\/wp-content\/uploads\/sites\/314\/2012\/03\/farogforumlogo.jpg 853w, https:\/\/umaine.edu\/francoamerican\/wp-content\/uploads\/sites\/314\/2012\/03\/farogforumlogo-300x64.jpg 300w, https:\/\/umaine.edu\/francoamerican\/wp-content\/uploads\/sites\/314\/2012\/03\/farogforumlogo-768x165.jpg 768w, https:\/\/umaine.edu\/francoamerican\/wp-content\/uploads\/sites\/314\/2012\/03\/farogforumlogo-105x23.jpg 105w, https:\/\/umaine.edu\/francoamerican\/wp-content\/uploads\/sites\/314\/2012\/03\/farogforumlogo-317x68.jpg 317w, https:\/\/umaine.edu\/francoamerican\/wp-content\/uploads\/sites\/314\/2012\/03\/farogforumlogo-423x91.jpg 423w, https:\/\/umaine.edu\/francoamerican\/wp-content\/uploads\/sites\/314\/2012\/03\/farogforumlogo-634x136.jpg 634w, https:\/\/umaine.edu\/francoamerican\/wp-content\/uploads\/sites\/314\/2012\/03\/farogforumlogo-846x181.jpg 846w\" sizes=\"auto, (max-width: 320px) 85vw, (max-width: 768px) 67vw, (max-width: 1024px) 62vw,853px\" \/><\/figure><\/div>\n\n\n<style>.kb-row-layout-id15_f9abd6-3f > .kt-row-column-wrap{align-content:start;}:where(.kb-row-layout-id15_f9abd6-3f > .kt-row-column-wrap) > .wp-block-kadence-column{justify-content:start;}.kb-row-layout-id15_f9abd6-3f > .kt-row-column-wrap{column-gap:var(--global-kb-gap-md, 2rem);row-gap:var(--global-kb-gap-md, 2rem);padding-top:var(--global-kb-spacing-sm, 1.5rem);padding-bottom:var(--global-kb-spacing-sm, 1.5rem);grid-template-columns:repeat(2, minmax(0, 1fr));}.kb-row-layout-id15_f9abd6-3f > .kt-row-layout-overlay{opacity:0.30;}@media all and (max-width: 1024px){.kb-row-layout-id15_f9abd6-3f > .kt-row-column-wrap{grid-template-columns:repeat(2, minmax(0, 1fr));}}@media all and (max-width: 767px){.kb-row-layout-id15_f9abd6-3f > .kt-row-column-wrap{grid-template-columns:minmax(0, 1fr);}}<\/style><div class=\"kb-row-layout-wrap kb-row-layout-id15_f9abd6-3f alignnone wp-block-kadence-rowlayout\"><div class=\"kt-row-column-wrap kt-has-2-columns kt-row-layout-equal kt-tab-layout-inherit kt-mobile-layout-row kt-row-valign-top\">\n<style>.kadence-column15_0b9373-03 > .kt-inside-inner-col,.kadence-column15_0b9373-03 > .kt-inside-inner-col:before{border-top-left-radius:0px;border-top-right-radius:0px;border-bottom-right-radius:0px;border-bottom-left-radius:0px;}.kadence-column15_0b9373-03 > .kt-inside-inner-col{column-gap:var(--global-kb-gap-sm, 1rem);}.kadence-column15_0b9373-03 > .kt-inside-inner-col{flex-direction:column;}.kadence-column15_0b9373-03 > .kt-inside-inner-col > .aligncenter{width:100%;}.kadence-column15_0b9373-03 > .kt-inside-inner-col:before{opacity:0.3;}.kadence-column15_0b9373-03{position:relative;}@media all and (max-width: 1024px){.kadence-column15_0b9373-03 > .kt-inside-inner-col{flex-direction:column;justify-content:center;}}@media all and (max-width: 767px){.kadence-column15_0b9373-03 > .kt-inside-inner-col{flex-direction:column;justify-content:center;}}<\/style>\n<div class=\"wp-block-kadence-column kadence-column15_0b9373-03\"><div class=\"kt-inside-inner-col\">\n<p>Le FORUM is a French bilingual, socio-cultural periodical published by the Franco-American Centre. It is a major voice for Franco Americans both throughout Maine and nationally, and has become a unique vehicle for the dissemination of works and information by and about Franco Americans.<\/p>\n<\/div><\/div>\n\n\n<style>.kadence-column15_c5e198-c9 > .kt-inside-inner-col,.kadence-column15_c5e198-c9 > .kt-inside-inner-col:before{border-top-left-radius:0px;border-top-right-radius:0px;border-bottom-right-radius:0px;border-bottom-left-radius:0px;}.kadence-column15_c5e198-c9 > .kt-inside-inner-col{column-gap:var(--global-kb-gap-sm, 1rem);}.kadence-column15_c5e198-c9 > .kt-inside-inner-col{flex-direction:column;}.kadence-column15_c5e198-c9 > .kt-inside-inner-col > .aligncenter{width:100%;}.kadence-column15_c5e198-c9 > .kt-inside-inner-col:before{opacity:0.3;}.kadence-column15_c5e198-c9{position:relative;}@media all and (max-width: 1024px){.kadence-column15_c5e198-c9 > .kt-inside-inner-col{flex-direction:column;justify-content:center;}}@media all and (max-width: 767px){.kadence-column15_c5e198-c9 > .kt-inside-inner-col{flex-direction:column;justify-content:center;}}<\/style>\n<div class=\"wp-block-kadence-column kadence-column15_c5e198-c9\"><div class=\"kt-inside-inner-col\">\n<p>Le FORUM est un p\u00e9riodique socio-culturel et bilingue fran\u00e7ais\/anglais qui est publi\u00e9 par le Centre Franco-Am\u00e9ricain. Il est devenu une voix importante pour les Franco-Am\u00e9ricains \u00e0 travers le Maine et les E.U., ainsi qu&#8217;une ressource pour l&#8217;art, la recherche g\u00e9n\u00e9alogique, et autres contributions aux communaut\u00e9s franco-am\u00e9ricaines.<\/p>\n<\/div><\/div>\n\n<\/div><\/div>\n\n\n<p>See for current and past issues of Le FORUM at <a href=\"https:\/\/digitalcommons.library.umaine.edu\/francoamericain_forum\/\">collection at the UM Digital Commons<\/a>.<\/p>\n","protected":false},"excerpt":{"rendered":"<p>Le FORUM is a French bilingual, socio-cultural periodical published by the Franco-American Centre. It is a major voice for Franco Americans both throughout Maine and nationally, and has become a unique vehicle for the dissemination of works and information by and about Franco Americans. Le FORUM est un p\u00e9riodique socio-culturel et bilingue fran\u00e7ais\/anglais qui est [&hellip;]<\/p>\n","protected":false},"author":1016,"featured_media":0,"parent":0,"menu_order":3,"comment_status":"closed","ping_status":"closed","template":"templates\/page-withsidebar.php","meta":{"_kad_blocks_custom_css":"","_kad_blocks_head_custom_js":"","_kad_blocks_body_custom_js":"","_kad_blocks_footer_custom_js":"","_monsterinsights_skip_tracking":false,"_monsterinsights_sitenote_active":false,"_monsterinsights_sitenote_note":"","_monsterinsights_sitenote_category":0,"footnotes":""},"class_list":["post-15","page","type-page","status-publish","hentry"],"yoast_head":"<!-- This site is optimized with the Yoast SEO plugin v26.9 - https:\/\/yoast.com\/product\/yoast-seo-wordpress\/ -->\n<title>Le FORUM - Franco American Programs - University of Maine<\/title>\n<meta name=\"robots\" content=\"index, follow, max-snippet:-1, max-image-preview:large, max-video-preview:-1\" \/>\n<link rel=\"canonical\" href=\"https:\/\/umaine.edu\/francoamerican\/centre-old__trashed\/le-forum\/\" \/>\n<meta property=\"og:locale\" content=\"en_US\" \/>\n<meta property=\"og:type\" content=\"article\" \/>\n<meta property=\"og:title\" content=\"Le FORUM - Franco American Programs - University of Maine\" \/>\n<meta property=\"og:description\" content=\"Le FORUM is a French bilingual, socio-cultural periodical published by the Franco-American Centre. It is a major voice for Franco Americans both throughout Maine and nationally, and has become a unique vehicle for the dissemination of works and information by and about Franco Americans. Le FORUM est un p\u00e9riodique socio-culturel et bilingue fran\u00e7ais\/anglais qui est [&hellip;]\" \/>\n<meta property=\"og:url\" content=\"https:\/\/umaine.edu\/francoamerican\/centre-old__trashed\/le-forum\/\" \/>\n<meta property=\"og:site_name\" content=\"Franco American Programs\" \/>\n<meta property=\"article:publisher\" content=\"https:\/\/www.facebook.com\/UMFrancoProgram\/\" \/>\n<meta property=\"article:modified_time\" content=\"2025-04-09T15:02:45+00:00\" \/>\n<meta property=\"og:image\" content=\"https:\/\/umaine.edu\/francoamerican\/wp-content\/uploads\/sites\/314\/2012\/03\/farogforumlogo.jpg\" \/>\n\t<meta property=\"og:image:width\" content=\"853\" \/>\n\t<meta property=\"og:image:height\" content=\"183\" \/>\n\t<meta property=\"og:image:type\" content=\"image\/jpeg\" \/>\n<meta name=\"twitter:card\" content=\"summary_large_image\" \/>\n<meta name=\"twitter:label1\" content=\"Est. reading time\" \/>\n\t<meta name=\"twitter:data1\" content=\"1 minute\" \/>\n<script type=\"application\/ld+json\" class=\"yoast-schema-graph\">{\"@context\":\"https:\/\/schema.org\",\"@graph\":[{\"@type\":\"WebPage\",\"@id\":\"https:\/\/umaine.edu\/francoamerican\/centre-old__trashed\/le-forum\/\",\"url\":\"https:\/\/umaine.edu\/francoamerican\/centre-old__trashed\/le-forum\/\",\"name\":\"Le FORUM - Franco American Programs - University of Maine\",\"isPartOf\":{\"@id\":\"https:\/\/umaine.edu\/francoamerican\/#website\"},\"primaryImageOfPage\":{\"@id\":\"https:\/\/umaine.edu\/francoamerican\/centre-old__trashed\/le-forum\/#primaryimage\"},\"image\":{\"@id\":\"https:\/\/umaine.edu\/francoamerican\/centre-old__trashed\/le-forum\/#primaryimage\"},\"thumbnailUrl\":\"https:\/\/umaine.edu\/francoamerican\/wp-content\/uploads\/sites\/314\/2012\/03\/farogforumlogo.jpg\",\"datePublished\":\"2012-03-05T21:34:08+00:00\",\"dateModified\":\"2025-04-09T15:02:45+00:00\",\"breadcrumb\":{\"@id\":\"https:\/\/umaine.edu\/francoamerican\/centre-old__trashed\/le-forum\/#breadcrumb\"},\"inLanguage\":\"en-US\",\"potentialAction\":[{\"@type\":\"ReadAction\",\"target\":[\"https:\/\/umaine.edu\/francoamerican\/centre-old__trashed\/le-forum\/\"]}]},{\"@type\":\"ImageObject\",\"inLanguage\":\"en-US\",\"@id\":\"https:\/\/umaine.edu\/francoamerican\/centre-old__trashed\/le-forum\/#primaryimage\",\"url\":\"https:\/\/umaine.edu\/francoamerican\/wp-content\/uploads\/sites\/314\/2012\/03\/farogforumlogo.jpg\",\"contentUrl\":\"https:\/\/umaine.edu\/francoamerican\/wp-content\/uploads\/sites\/314\/2012\/03\/farogforumlogo.jpg\",\"width\":853,\"height\":183,\"caption\":\"Le FAROG Forum and Le Forum\"},{\"@type\":\"BreadcrumbList\",\"@id\":\"https:\/\/umaine.edu\/francoamerican\/centre-old__trashed\/le-forum\/#breadcrumb\",\"itemListElement\":[{\"@type\":\"ListItem\",\"position\":1,\"name\":\"Home\",\"item\":\"https:\/\/umaine.edu\/francoamerican\/\"},{\"@type\":\"ListItem\",\"position\":2,\"name\":\"Le FORUM\"}]},{\"@type\":\"WebSite\",\"@id\":\"https:\/\/umaine.edu\/francoamerican\/#website\",\"url\":\"https:\/\/umaine.edu\/francoamerican\/\",\"name\":\"Franco American Programs\",\"description\":\"\",\"potentialAction\":[{\"@type\":\"SearchAction\",\"target\":{\"@type\":\"EntryPoint\",\"urlTemplate\":\"https:\/\/umaine.edu\/francoamerican\/?s={search_term_string}\"},\"query-input\":{\"@type\":\"PropertyValueSpecification\",\"valueRequired\":true,\"valueName\":\"search_term_string\"}}],\"inLanguage\":\"en-US\"}]}<\/script>\n<!-- \/ Yoast SEO plugin. -->","yoast_head_json":{"title":"Le FORUM - Franco American Programs - University of Maine","robots":{"index":"index","follow":"follow","max-snippet":"max-snippet:-1","max-image-preview":"max-image-preview:large","max-video-preview":"max-video-preview:-1"},"canonical":"https:\/\/umaine.edu\/francoamerican\/centre-old__trashed\/le-forum\/","og_locale":"en_US","og_type":"article","og_title":"Le FORUM - Franco American Programs - University of Maine","og_description":"Le FORUM is a French bilingual, socio-cultural periodical published by the Franco-American Centre. It is a major voice for Franco Americans both throughout Maine and nationally, and has become a unique vehicle for the dissemination of works and information by and about Franco Americans. Le FORUM est un p\u00e9riodique socio-culturel et bilingue fran\u00e7ais\/anglais qui est [&hellip;]","og_url":"https:\/\/umaine.edu\/francoamerican\/centre-old__trashed\/le-forum\/","og_site_name":"Franco American Programs","article_publisher":"https:\/\/www.facebook.com\/UMFrancoProgram\/","article_modified_time":"2025-04-09T15:02:45+00:00","og_image":[{"width":853,"height":183,"url":"https:\/\/umaine.edu\/francoamerican\/wp-content\/uploads\/sites\/314\/2012\/03\/farogforumlogo.jpg","type":"image\/jpeg"}],"twitter_card":"summary_large_image","twitter_misc":{"Est. reading time":"1 minute"},"schema":{"@context":"https:\/\/schema.org","@graph":[{"@type":"WebPage","@id":"https:\/\/umaine.edu\/francoamerican\/centre-old__trashed\/le-forum\/","url":"https:\/\/umaine.edu\/francoamerican\/centre-old__trashed\/le-forum\/","name":"Le FORUM - Franco American Programs - University of Maine","isPartOf":{"@id":"https:\/\/umaine.edu\/francoamerican\/#website"},"primaryImageOfPage":{"@id":"https:\/\/umaine.edu\/francoamerican\/centre-old__trashed\/le-forum\/#primaryimage"},"image":{"@id":"https:\/\/umaine.edu\/francoamerican\/centre-old__trashed\/le-forum\/#primaryimage"},"thumbnailUrl":"https:\/\/umaine.edu\/francoamerican\/wp-content\/uploads\/sites\/314\/2012\/03\/farogforumlogo.jpg","datePublished":"2012-03-05T21:34:08+00:00","dateModified":"2025-04-09T15:02:45+00:00","breadcrumb":{"@id":"https:\/\/umaine.edu\/francoamerican\/centre-old__trashed\/le-forum\/#breadcrumb"},"inLanguage":"en-US","potentialAction":[{"@type":"ReadAction","target":["https:\/\/umaine.edu\/francoamerican\/centre-old__trashed\/le-forum\/"]}]},{"@type":"ImageObject","inLanguage":"en-US","@id":"https:\/\/umaine.edu\/francoamerican\/centre-old__trashed\/le-forum\/#primaryimage","url":"https:\/\/umaine.edu\/francoamerican\/wp-content\/uploads\/sites\/314\/2012\/03\/farogforumlogo.jpg","contentUrl":"https:\/\/umaine.edu\/francoamerican\/wp-content\/uploads\/sites\/314\/2012\/03\/farogforumlogo.jpg","width":853,"height":183,"caption":"Le FAROG Forum and Le Forum"},{"@type":"BreadcrumbList","@id":"https:\/\/umaine.edu\/francoamerican\/centre-old__trashed\/le-forum\/#breadcrumb","itemListElement":[{"@type":"ListItem","position":1,"name":"Home","item":"https:\/\/umaine.edu\/francoamerican\/"},{"@type":"ListItem","position":2,"name":"Le FORUM"}]},{"@type":"WebSite","@id":"https:\/\/umaine.edu\/francoamerican\/#website","url":"https:\/\/umaine.edu\/francoamerican\/","name":"Franco American Programs","description":"","potentialAction":[{"@type":"SearchAction","target":{"@type":"EntryPoint","urlTemplate":"https:\/\/umaine.edu\/francoamerican\/?s={search_term_string}"},"query-input":{"@type":"PropertyValueSpecification","valueRequired":true,"valueName":"search_term_string"}}],"inLanguage":"en-US"}]}},"taxonomy_info":[],"featured_image_src_large":false,"author_info":{"display_name":"lmichaud","author_link":"https:\/\/umaine.edu\/francoamerican\/author\/lmichaud\/"},"comment_info":0,"_links":{"self":[{"href":"https:\/\/umaine.edu\/francoamerican\/wp-json\/wp\/v2\/pages\/15","targetHints":{"allow":["GET"]}}],"collection":[{"href":"https:\/\/umaine.edu\/francoamerican\/wp-json\/wp\/v2\/pages"}],"about":[{"href":"https:\/\/umaine.edu\/francoamerican\/wp-json\/wp\/v2\/types\/page"}],"author":[{"embeddable":true,"href":"https:\/\/umaine.edu\/francoamerican\/wp-json\/wp\/v2\/users\/1016"}],"replies":[{"embeddable":true,"href":"https:\/\/umaine.edu\/francoamerican\/wp-json\/wp\/v2\/comments?post=15"}],"version-history":[{"count":16,"href":"https:\/\/umaine.edu\/francoamerican\/wp-json\/wp\/v2\/pages\/15\/revisions"}],"predecessor-version":[{"id":4042,"href":"https:\/\/umaine.edu\/francoamerican\/wp-json\/wp\/v2\/pages\/15\/revisions\/4042"}],"wp:attachment":[{"href":"https:\/\/umaine.edu\/francoamerican\/wp-json\/wp\/v2\/media?parent=15"}],"curies":[{"name":"wp","href":"https:\/\/api.w.org\/{rel}","templated":true}]}}