{"id":2153,"date":"2010-04-09T13:08:25","date_gmt":"2010-04-09T17:08:25","guid":{"rendered":"http:\/\/umaine.edu\/canam\/?page_id=2153"},"modified":"2026-01-09T13:37:42","modified_gmt":"2026-01-09T18:37:42","slug":"grant-opportunities","status":"publish","type":"page","link":"https:\/\/umaine.edu\/canam\/grant-opportunities\/","title":{"rendered":"Grant Opportunities"},"content":{"rendered":"<style>.kb-row-layout-wrap.wp-block-kadence-rowlayout.kb-row-layout-id2153_47c20c-dd{margin-top:0px;margin-bottom:0px;}.kb-row-layout-id2153_47c20c-dd > .kt-row-column-wrap{align-content:start;}:where(.kb-row-layout-id2153_47c20c-dd > .kt-row-column-wrap) > .wp-block-kadence-column{justify-content:start;}.kb-row-layout-id2153_47c20c-dd > .kt-row-column-wrap{column-gap:60px;row-gap:var(--global-kb-gap-md, 2rem);max-width:1268px;padding-top:50px;padding-bottom:0px;grid-template-columns:minmax(0, 1fr);}.kb-row-layout-id2153_47c20c-dd{background-image:linear-gradient(60deg,rgb(8,46,88) 47%,rgb(65,118,161) 93%);}.kb-row-layout-id2153_47c20c-dd > .kt-row-layout-overlay{opacity:0.30;}@media all and (max-width: 1024px){.kb-row-layout-id2153_47c20c-dd > .kt-row-column-wrap{column-gap:var(--global-kb-gap-sm, 1rem);grid-template-columns:minmax(0, 1fr);}}@media all and (max-width: 767px){.kb-row-layout-id2153_47c20c-dd > .kt-row-column-wrap{padding-top:0px;padding-right:0px;padding-bottom:25px;padding-left:0px;grid-template-columns:minmax(0, 1fr);}}<\/style><div class=\"kb-row-layout-wrap kb-row-layout-id2153_47c20c-dd alignfull kt-row-has-bg um-UMBHHeaderNoImage wp-block-kadence-rowlayout\"><div class=\"kt-row-column-wrap kt-has-1-columns kt-row-layout-equal kt-tab-layout-inherit kt-mobile-layout-row kt-row-valign-top kb-theme-content-width\">\n<style>.kadence-column2153_ad9db1-b4 > .kt-inside-inner-col,.kadence-column2153_ad9db1-b4 > .kt-inside-inner-col:before{border-top-left-radius:0px;border-top-right-radius:0px;border-bottom-right-radius:0px;border-bottom-left-radius:0px;}.kadence-column2153_ad9db1-b4 > .kt-inside-inner-col{column-gap:var(--global-kb-gap-sm, 1rem);}.kadence-column2153_ad9db1-b4 > .kt-inside-inner-col{flex-direction:column;}.kadence-column2153_ad9db1-b4 > .kt-inside-inner-col > .aligncenter{width:100%;}.kadence-column2153_ad9db1-b4 > .kt-inside-inner-col:before{opacity:0.3;}.kadence-column2153_ad9db1-b4{position:relative;}@media all and (max-width: 1024px){.kadence-column2153_ad9db1-b4 > .kt-inside-inner-col{flex-direction:column;justify-content:center;}}@media all and (max-width: 767px){.kadence-column2153_ad9db1-b4 > .kt-inside-inner-col{flex-direction:column;justify-content:center;}}<\/style>\n<div class=\"wp-block-kadence-column kadence-column2153_ad9db1-b4\"><div class=\"kt-inside-inner-col\"><style>.wp-block-kadence-advancedheading.kt-adv-heading2153_27d0b6-d8, .wp-block-kadence-advancedheading.kt-adv-heading2153_27d0b6-d8[data-kb-block=\"kb-adv-heading2153_27d0b6-d8\"]{padding-top:0px;padding-bottom:0px;text-align:center;font-size:45px;font-weight:900;font-style:normal;font-family:stratum-1-web;text-transform:uppercase;}.wp-block-kadence-advancedheading.kt-adv-heading2153_27d0b6-d8 mark.kt-highlight, .wp-block-kadence-advancedheading.kt-adv-heading2153_27d0b6-d8[data-kb-block=\"kb-adv-heading2153_27d0b6-d8\"] mark.kt-highlight{font-style:normal;color:#f76a0c;-webkit-box-decoration-break:clone;box-decoration-break:clone;padding-top:0px;padding-right:0px;padding-bottom:0px;padding-left:0px;}.wp-block-kadence-advancedheading.kt-adv-heading2153_27d0b6-d8 img.kb-inline-image, .wp-block-kadence-advancedheading.kt-adv-heading2153_27d0b6-d8[data-kb-block=\"kb-adv-heading2153_27d0b6-d8\"] img.kb-inline-image{width:150px;vertical-align:baseline;}@media all and (max-width: 1024px){.wp-block-kadence-advancedheading.kt-adv-heading2153_27d0b6-d8, .wp-block-kadence-advancedheading.kt-adv-heading2153_27d0b6-d8[data-kb-block=\"kb-adv-heading2153_27d0b6-d8\"]{text-align:center!important;}}@media all and (max-width: 767px){.wp-block-kadence-advancedheading.kt-adv-heading2153_27d0b6-d8, .wp-block-kadence-advancedheading.kt-adv-heading2153_27d0b6-d8[data-kb-block=\"kb-adv-heading2153_27d0b6-d8\"]{padding-right:25px;padding-left:25px;text-align:center!important;}}<\/style>\n<h2 class=\"kt-adv-heading2153_27d0b6-d8 wp-block-kadence-advancedheading has-white-color has-text-color\" data-kb-block=\"kb-adv-heading2153_27d0b6-d8\">Grant Opportunities<\/h2>\n\n\n<style>.wp-block-kadence-advancedheading.kt-adv-heading2153_f0fd59-45, .wp-block-kadence-advancedheading.kt-adv-heading2153_f0fd59-45[data-kb-block=\"kb-adv-heading2153_f0fd59-45\"]{padding-right:135px;padding-left:135px;margin-top:0px;text-align:center;font-size:20px;line-height:32px;font-weight:400;font-style:normal;font-family:Fraunces;}.wp-block-kadence-advancedheading.kt-adv-heading2153_f0fd59-45 mark.kt-highlight, .wp-block-kadence-advancedheading.kt-adv-heading2153_f0fd59-45[data-kb-block=\"kb-adv-heading2153_f0fd59-45\"] mark.kt-highlight{font-size:20px;line-height:32px;font-style:normal;color:#f76a0c;-webkit-box-decoration-break:clone;box-decoration-break:clone;padding-top:0px;padding-right:0px;padding-bottom:0px;padding-left:0px;}.wp-block-kadence-advancedheading.kt-adv-heading2153_f0fd59-45 img.kb-inline-image, .wp-block-kadence-advancedheading.kt-adv-heading2153_f0fd59-45[data-kb-block=\"kb-adv-heading2153_f0fd59-45\"] img.kb-inline-image{width:150px;vertical-align:baseline;}@media all and (max-width: 1024px){.wp-block-kadence-advancedheading.kt-adv-heading2153_f0fd59-45, .wp-block-kadence-advancedheading.kt-adv-heading2153_f0fd59-45[data-kb-block=\"kb-adv-heading2153_f0fd59-45\"]{padding-right:35px;padding-left:35px;text-align:center!important;}}@media all and (max-width: 767px){.wp-block-kadence-advancedheading.kt-adv-heading2153_f0fd59-45, .wp-block-kadence-advancedheading.kt-adv-heading2153_f0fd59-45[data-kb-block=\"kb-adv-heading2153_f0fd59-45\"]{padding-right:25px;padding-left:25px;margin-right:0px;margin-left:0px;text-align:center!important;}}<\/style>\n<p class=\"kt-adv-heading2153_f0fd59-45 wp-block-kadence-advancedheading has-white-color has-text-color\" data-kb-block=\"kb-adv-heading2153_f0fd59-45\" data-aos-duration=\"1200\" data-aos-once=\"true\">Here, you&#8217;ll find links to external funding opportunities and information sheets available to University of Maine students pursuing the study of Canada <\/p>\n<\/div><\/div>\n\n<\/div><\/div>\n\n<style>.wp-block-kadence-spacer.kt-block-spacer-2153_5cc84f-ee .kt-block-spacer{height:60px;}.wp-block-kadence-spacer.kt-block-spacer-2153_5cc84f-ee .kt-divider{border-top-width:1px;height:1px;border-top-color:#eee;width:80%;border-top-style:solid;}<\/style>\n<div class=\"wp-block-kadence-spacer aligncenter kt-block-spacer-2153_5cc84f-ee\"><div class=\"kt-block-spacer kt-block-spacer-halign-center\"><hr class=\"kt-divider\" \/><\/div><\/div>\n\n\n<style>.kb-row-layout-id2153_dd1f9b-24 > .kt-row-column-wrap{align-content:start;}:where(.kb-row-layout-id2153_dd1f9b-24 > .kt-row-column-wrap) > .wp-block-kadence-column{justify-content:start;}.kb-row-layout-id2153_dd1f9b-24 > .kt-row-column-wrap{column-gap:var(--global-kb-gap-md, 2rem);row-gap:var(--global-kb-gap-md, 2rem);padding-top:var(--global-kb-spacing-sm, 1.5rem);padding-bottom:var(--global-kb-spacing-sm, 1.5rem);grid-template-columns:minmax(0, 2fr) minmax(0, 1fr);}.kb-row-layout-id2153_dd1f9b-24 > .kt-row-layout-overlay{opacity:0.30;}@media all and (max-width: 1024px){.kb-row-layout-id2153_dd1f9b-24 > .kt-row-column-wrap{grid-template-columns:minmax(0, 2fr) minmax(0, 1fr);}}@media all and (max-width: 767px){.kb-row-layout-id2153_dd1f9b-24 > .kt-row-column-wrap{grid-template-columns:minmax(0, 1fr);}}<\/style><div class=\"kb-row-layout-wrap kb-row-layout-id2153_dd1f9b-24 alignnone wp-block-kadence-rowlayout\"><div class=\"kt-row-column-wrap kt-has-2-columns kt-row-layout-left-golden kt-tab-layout-inherit kt-mobile-layout-row kt-row-valign-top\">\n<style>.kadence-column2153_3a47b6-0d > .kt-inside-inner-col,.kadence-column2153_3a47b6-0d > .kt-inside-inner-col:before{border-top-left-radius:0px;border-top-right-radius:0px;border-bottom-right-radius:0px;border-bottom-left-radius:0px;}.kadence-column2153_3a47b6-0d > .kt-inside-inner-col{column-gap:var(--global-kb-gap-sm, 1rem);}.kadence-column2153_3a47b6-0d > .kt-inside-inner-col{flex-direction:column;}.kadence-column2153_3a47b6-0d > .kt-inside-inner-col > .aligncenter{width:100%;}.kadence-column2153_3a47b6-0d > .kt-inside-inner-col:before{opacity:0.3;}.kadence-column2153_3a47b6-0d{position:relative;}@media all and (max-width: 1024px){.kadence-column2153_3a47b6-0d > .kt-inside-inner-col{flex-direction:column;justify-content:center;}}@media all and (max-width: 767px){.kadence-column2153_3a47b6-0d > .kt-inside-inner-col{flex-direction:column;justify-content:center;}}<\/style>\n<div class=\"wp-block-kadence-column kadence-column2153_3a47b6-0d\"><div class=\"kt-inside-inner-col\">\n<div class=\"wp-block-group\"><div class=\"wp-block-group__inner-container is-layout-constrained wp-block-group-is-layout-constrained\"><style>.wp-block-kadence-advancedheading.kt-adv-heading2153_ba62db-c7, .wp-block-kadence-advancedheading.kt-adv-heading2153_ba62db-c7[data-kb-block=\"kb-adv-heading2153_ba62db-c7\"]{font-style:normal;}.wp-block-kadence-advancedheading.kt-adv-heading2153_ba62db-c7 mark.kt-highlight, .wp-block-kadence-advancedheading.kt-adv-heading2153_ba62db-c7[data-kb-block=\"kb-adv-heading2153_ba62db-c7\"] mark.kt-highlight{font-style:normal;color:#f76a0c;-webkit-box-decoration-break:clone;box-decoration-break:clone;padding-top:0px;padding-right:0px;padding-bottom:0px;padding-left:0px;}.wp-block-kadence-advancedheading.kt-adv-heading2153_ba62db-c7 img.kb-inline-image, .wp-block-kadence-advancedheading.kt-adv-heading2153_ba62db-c7[data-kb-block=\"kb-adv-heading2153_ba62db-c7\"] img.kb-inline-image{width:150px;vertical-align:baseline;}<\/style>\n<h2 class=\"kt-adv-heading2153_ba62db-c7 wp-block-kadence-advancedheading\" data-kb-block=\"kb-adv-heading2153_ba62db-c7\"><strong><a href=\"https:\/\/www.fulbright.ca\/\" target=\"_blank\" rel=\"noopener noreferrer\">Fulbright Canada<\/a><\/strong><\/h2>\n\n\n\n<p>Established in 1946, the Fulbright program is a merit-based residential academic exchange program designed to promote mutual understanding, support academic excellence, and contribute to peace, prosperity, and stability. The program is widely regarded as the gold standard in educational exchange and a powerful instrument of public diplomacy.<\/p>\n<\/div><\/div>\n\n\n\n<div class=\"wp-block-group\"><div class=\"wp-block-group__inner-container is-layout-constrained wp-block-group-is-layout-constrained\">\n<p>Below are <strong>scholarship and fellowship opportunities available through Fulbright Canada:<\/strong><\/p>\n\n\n\n<ul class=\"wp-block-list\">\n<li><strong>Undergraduate Students<\/strong>\n<ul class=\"wp-block-list\">\n<li><a href=\"https:\/\/www.fulbright.ca\/programs\/killam-fellowships\">Killam Fellowship Award<\/a><\/li>\n<\/ul>\n<\/li>\n\n\n\n<li><strong>Graduate Students<\/strong> (<a href=\"\/canam\/wp-content\/uploads\/sites\/149\/2010\/04\/General-Fulbright-Poster-for-American-Students-with-Fact-Sh1.pdf\">Eligibility (PDF)<\/a>)\n<ul class=\"wp-block-list\">\n<li><a href=\"\/canam\/wp-content\/uploads\/sites\/149\/2010\/04\/Arts-Humanities-Poster1.pdf\">Arts &amp; Humanities (PDF)<\/a><\/li>\n\n\n\n<li><a href=\"\/canam\/wp-content\/uploads\/sites\/149\/2010\/04\/Professional-Fields-Poster.pdf\">Professional Fields (PDF)<\/a><\/li>\n\n\n\n<li><a href=\"\/canam\/wp-content\/uploads\/sites\/149\/2010\/04\/Public-Policy-Social-Sciences-Poster.pdf\">Public Policy &amp; Social Sciences (PDF)<\/a><\/li>\n\n\n\n<li><a href=\"\/canam\/wp-content\/uploads\/sites\/149\/2010\/04\/Sciences-Poster.pdf\">Sciences (PDF)<\/a><\/li>\n<\/ul>\n<\/li>\n\n\n\n<li><strong>Faculty and Scholars<\/strong>\n<ul class=\"wp-block-list\">\n<li><a href=\"\/canam\/wp-content\/uploads\/sites\/149\/2010\/04\/FACULTY.pdf\">Visiting Research Chairs for American Scholars in Canada (PDF)<\/a><\/li>\n\n\n\n<li><a href=\"\/canam\/wp-content\/uploads\/sites\/149\/2010\/04\/FACULTY1.pdf\">Distinguished Lecturing Chair for American Scholars in Canada (PDF)<\/a><\/li>\n\n\n\n<li><a href=\"\/canam\/wp-content\/uploads\/sites\/149\/2010\/04\/FACULTY2.pdf\">Traditional Awards for Canadian Scholars in the U.S. (PDF)<\/a><\/li>\n<\/ul>\n<\/li>\n<\/ul>\n<\/div><\/div>\n\n\n\n<div class=\"wp-block-group\"><div class=\"wp-block-group__inner-container is-layout-constrained wp-block-group-is-layout-constrained\"><style>.wp-block-kadence-spacer.kt-block-spacer-2153_4a89ef-86 .kt-block-spacer{height:32px;}.wp-block-kadence-spacer.kt-block-spacer-2153_4a89ef-86 .kt-divider{border-top-width:1px;height:1px;border-top-color:#eee;width:80%;border-top-style:solid;}<\/style>\n<div class=\"wp-block-kadence-spacer aligncenter kt-block-spacer-2153_4a89ef-86\"><div class=\"kt-block-spacer kt-block-spacer-halign-center\"><hr class=\"kt-divider\" \/><\/div><\/div>\n\n\n<style>.wp-block-kadence-advancedheading.kt-adv-heading2153_b3553c-c1, .wp-block-kadence-advancedheading.kt-adv-heading2153_b3553c-c1[data-kb-block=\"kb-adv-heading2153_b3553c-c1\"]{font-style:normal;}.wp-block-kadence-advancedheading.kt-adv-heading2153_b3553c-c1 mark.kt-highlight, .wp-block-kadence-advancedheading.kt-adv-heading2153_b3553c-c1[data-kb-block=\"kb-adv-heading2153_b3553c-c1\"] mark.kt-highlight{font-style:normal;color:#f76a0c;-webkit-box-decoration-break:clone;box-decoration-break:clone;padding-top:0px;padding-right:0px;padding-bottom:0px;padding-left:0px;}.wp-block-kadence-advancedheading.kt-adv-heading2153_b3553c-c1 img.kb-inline-image, .wp-block-kadence-advancedheading.kt-adv-heading2153_b3553c-c1[data-kb-block=\"kb-adv-heading2153_b3553c-c1\"] img.kb-inline-image{width:150px;vertical-align:baseline;}<\/style>\n<h2 class=\"kt-adv-heading2153_b3553c-c1 wp-block-kadence-advancedheading\" data-kb-block=\"kb-adv-heading2153_b3553c-c1\"><strong>Qu\u00e9bec Government Grants<\/strong><\/h2>\n\n\n\n<p>The Qu\u00e9bec Government has grants available for faculty to revise currently taught courses to include Qu\u00e9bec content or to create new courses focused on Qu\u00e9bec. There are also grants for bringing speakers from Qu\u00e9bec, for library acquisitions and for other programming.<\/p>\n<\/div><\/div>\n<\/div><\/div>\n\n\n<style>.kadence-column2153_dc1221-0f > .kt-inside-inner-col,.kadence-column2153_dc1221-0f > .kt-inside-inner-col:before{border-top-left-radius:0px;border-top-right-radius:0px;border-bottom-right-radius:0px;border-bottom-left-radius:0px;}.kadence-column2153_dc1221-0f > .kt-inside-inner-col{column-gap:var(--global-kb-gap-sm, 1rem);}.kadence-column2153_dc1221-0f > .kt-inside-inner-col{flex-direction:column;}.kadence-column2153_dc1221-0f > .kt-inside-inner-col > .aligncenter{width:100%;}.kadence-column2153_dc1221-0f > .kt-inside-inner-col:before{opacity:0.3;}.kadence-column2153_dc1221-0f{position:relative;}@media all and (max-width: 1024px){.kadence-column2153_dc1221-0f > .kt-inside-inner-col{flex-direction:column;justify-content:center;}}@media all and (max-width: 767px){.kadence-column2153_dc1221-0f > .kt-inside-inner-col{flex-direction:column;justify-content:center;}}<\/style>\n<div class=\"wp-block-kadence-column kadence-column2153_dc1221-0f\"><div class=\"kt-inside-inner-col\"><style>.kt-post-loop2153_a6fdf8-ca .kadence-post-image{padding-top:0px;padding-right:0px;padding-bottom:0px;padding-left:0px;}.kt-post-loop2153_a6fdf8-ca .kt-post-grid-wrap{gap:30px 30px;}.kt-post-loop2153_a6fdf8-ca .kt-blocks-post-grid-item{border-top-left-radius:0px;border-top-right-radius:0px;border-bottom-right-radius:0px;border-bottom-left-radius:0px;overflow:hidden;}.kt-post-loop2153_a6fdf8-ca .kt-blocks-post-grid-item .kt-blocks-post-grid-item-inner{padding-top:0px;padding-right:30px;padding-bottom:0px;padding-left:30px;}.kt-post-loop2153_a6fdf8-ca .kt-blocks-post-grid-item header{padding-top:0px;padding-right:15px;padding-bottom:10px;padding-left:15px;margin-top:-30px;margin-right:0px;margin-bottom:0px;margin-left:0px;background-color:#ffffff;}.kt-post-loop2153_a6fdf8-ca .kt-blocks-post-grid-item .entry-title{padding-top:10px;padding-right:0px;padding-bottom:5px;padding-left:0px;margin-top:0px;margin-right:0px;margin-bottom:0px;margin-left:0px;font-size:28px;line-height:40px;}.kt-post-loop2153_a6fdf8-ca .entry-content{padding-top:0px;padding-right:15px;padding-bottom:0px;padding-left:15px;margin-top:0px;margin-right:0px;margin-bottom:0px;margin-left:0px;}.kt-post-loop2153_a6fdf8-ca .kt-blocks-post-footer{border-top-width:0px;border-right-width:0px;border-bottom-width:0px;border-left-width:0px;padding-top:0px;padding-right:15px;padding-bottom:5px;padding-left:15px;margin-top:0px;margin-right:0px;margin-bottom:0px;margin-left:0px;}.kt-post-loop2153_a6fdf8-ca .entry-content:after{height:0px;}.kt-post-loop2153_a6fdf8-ca .entry-content .kt-blocks-post-readmore{background-color:#ffffff;border-color:#333333;color:#333333;border-width:1px;padding-top:5px;padding-right:16px;padding-bottom:5px;padding-left:16px;margin-top:0px;margin-right:0px;margin-bottom:0px;margin-left:0px;}.kt-post-loop2153_a6fdf8-ca .entry-content .kt-blocks-post-readmore:hover{color:#ffffff;border-color:#333333;background-color:#333333;}.kt-post-loop2153_a6fdf8-ca .kb-filter-item{border-top-width:0px;border-right-width:0px;border-bottom-width:2px;border-left-width:0px;padding-top:5px;padding-right:8px;padding-bottom:5px;padding-left:8px;margin-top:0px;margin-right:10px;margin-bottom:0px;margin-left:0px;}.kt-post-loop2153_a6fdf8-ca.kt-post-grid-layout-carousel .kb-post-grid-pause-button{color:#fff;background-color:rgba(0, 0, 0, 0.5);border:1px solid transparent;}<\/style><div class=\"wp-block-kadence-postgrid kt-blocks-post-loop-block alignnone kt-post-loop2153_a6fdf8-ca kt-post-grid-layout-carousel kadence-splide-wrap \"><div class=\"kt-post-grid-layout-carousel-wrap splide kt-carousel-arrowstyle-whiteondark kt-carousel-dotstyle-dark kb-slider-group-arrow kb-slider-arrow-position-center\" data-columns-xxl=\"1\" data-columns-xl=\"1\" data-columns-md=\"1\" data-columns-sm=\"1\" data-columns-xs=\"1\" data-columns-ss=\"1\" data-slider-anim-speed=\"400\" data-slider-scroll=\"1\" data-slider-dots=\"true\" data-slider-arrows=\"true\" data-slider-hover-pause=\"false\" data-slider-auto=\"false\"  data-slider-auto-scroll=\"false\" data-slider-speed=\"7000\" data-slider-gap=\"30\" data-slider-gap-tablet=\"30\" data-slider-gap-mobile=\"30\" data-slider-gap-unit=\"px\" data-show-pause-button=\"false\" data-item-selector=\".kt-post-masonry-item\" aria-label=\"Post Carousel\"><div class=\"kadence-splide-slider-init splide__track\"><ul class=\"kadence-splide-slider-wrap kt-post-grid-wrap\" data-columns-xxl=\"1\" data-columns-xl=\"1\" data-columns-md=\"1\" data-columns-sm=\"1\" data-columns-xs=\"1\" data-columns-ss=\"1\"><li class=\"kt-post-slider-item post-13033 post type-post status-publish format-standard has-post-thumbnail hentry category-awards category-funding-opportunities category-killam category-news category-study-abroad category-uncategorized category-undergraduate-students\"><article class=\"kt-blocks-post-grid-item\"><div class=\"kt-blocks-post-grid-item-inner-wrap kt-feat-image-align-top kt-feat-image-mobile-align-top\"><div class=\"kadence-post-image\"><div class=\"kadence-post-image-intrisic kt-image-ratio-66-67\" style=\"padding-bottom:66.67%;\"><div class=\"kadence-post-image-inner-intrisic\"><a aria-hidden=\"true\" tabindex=\"-1\" role=\"presentation\" href=\"https:\/\/umaine.edu\/canam\/2026\/01\/four-umaine-students-awarded-killam-fellowships\/\" aria-label=\"Four UMaine students awarded Killam Fellowships\" class=\"kadence-post-image-inner-wrap\"><img loading=\"lazy\" decoding=\"async\" width=\"500\" height=\"396\" src=\"https:\/\/umaine.edu\/canam\/wp-content\/uploads\/sites\/149\/2016\/04\/815_cropped.jpg\" class=\"attachment-large size-large wp-post-image\" alt=\"Killam Fellows\" srcset=\"https:\/\/umaine.edu\/canam\/wp-content\/uploads\/sites\/149\/2016\/04\/815_cropped.jpg 500w, https:\/\/umaine.edu\/canam\/wp-content\/uploads\/sites\/149\/2016\/04\/815_cropped-300x238.jpg 300w, https:\/\/umaine.edu\/canam\/wp-content\/uploads\/sites\/149\/2016\/04\/815_cropped-105x83.jpg 105w, https:\/\/umaine.edu\/canam\/wp-content\/uploads\/sites\/149\/2016\/04\/815_cropped-317x251.jpg 317w, https:\/\/umaine.edu\/canam\/wp-content\/uploads\/sites\/149\/2016\/04\/815_cropped-423x335.jpg 423w\" sizes=\"auto, (max-width: 320px) 85vw, (max-width: 768px) 67vw, (max-width: 1024px) 62vw,500px\" \/><\/a><\/div><\/div><\/div><div class=\"kt-blocks-post-grid-item-inner\"><header><h2 class=\"entry-title\"><a href=\"https:\/\/umaine.edu\/canam\/2026\/01\/four-umaine-students-awarded-killam-fellowships\/\">Four UMaine students awarded Killam Fellowships<\/a><\/h2><div class=\"kt-blocks-post-top-meta\"><\/div><\/header><div class=\"entry-content\">Four University of Maine students have received Killam Fellowships to help fund their studies atvarious Canadian institutions of higher learning during the 25-26 academic year. The Killam Fellowships Program provides undergraduate students in Canada and the U.S. withopportunities to spend a semester or full academic year in the other country as exchange students.Recipients receive a [&hellip;]<div class=\"kt-blocks-post-readmore-wrap\"><a class=\"kt-blocks-post-readmore\" href=\"https:\/\/umaine.edu\/canam\/2026\/01\/four-umaine-students-awarded-killam-fellowships\/\">Read More<span class=\"screen-reader-text\"> Four UMaine students awarded Killam Fellowships<\/span><\/a><\/div><\/div><footer class=\"kt-blocks-post-footer\"><div class=\"kt-blocks-post-footer-left\"><\/div><div class=\"kt-blocks-post-footer-right\"><\/div><\/footer><\/div><\/div><\/article><\/li><\/ul><\/div><\/div><\/div><!-- .wp-block-kadence-postgrid --><\/div><\/div>\n\n<\/div><\/div>\n\n<style>.wp-block-kadence-advancedheading.kt-adv-heading2153_c1fa61-18, .wp-block-kadence-advancedheading.kt-adv-heading2153_c1fa61-18[data-kb-block=\"kb-adv-heading2153_c1fa61-18\"]{font-style:normal;}.wp-block-kadence-advancedheading.kt-adv-heading2153_c1fa61-18 mark.kt-highlight, .wp-block-kadence-advancedheading.kt-adv-heading2153_c1fa61-18[data-kb-block=\"kb-adv-heading2153_c1fa61-18\"] mark.kt-highlight{font-style:normal;color:#f76a0c;-webkit-box-decoration-break:clone;box-decoration-break:clone;padding-top:0px;padding-right:0px;padding-bottom:0px;padding-left:0px;}.wp-block-kadence-advancedheading.kt-adv-heading2153_c1fa61-18 img.kb-inline-image, .wp-block-kadence-advancedheading.kt-adv-heading2153_c1fa61-18[data-kb-block=\"kb-adv-heading2153_c1fa61-18\"] img.kb-inline-image{width:150px;vertical-align:baseline;}<\/style>\n<h2 class=\"kt-adv-heading2153_c1fa61-18 wp-block-kadence-advancedheading\" data-kb-block=\"kb-adv-heading2153_c1fa61-18\"><br><strong>Government of Canada Faculty Enrichment Program<\/strong><\/h2>\n\n\n\n<p>The Faculty Enrichment Program (Course Development) provides faculty members an opportunity to develop or update a course with substantial Canadian content that will be offered as part of their regular teaching load. Applicants may request funding up to $6,000 and an additional $5,000 for student mobility.<\/p>\n\n\n<style>.wp-block-kadence-spacer.kt-block-spacer-2153_f3cd65-7f .kt-block-spacer{height:60px;}.wp-block-kadence-spacer.kt-block-spacer-2153_f3cd65-7f .kt-divider{border-top-width:1px;height:1px;border-top-color:#eee;width:80%;border-top-style:solid;}<\/style>\n<div class=\"wp-block-kadence-spacer aligncenter kt-block-spacer-2153_f3cd65-7f\"><div class=\"kt-block-spacer kt-block-spacer-halign-center\"><hr class=\"kt-divider\" \/><\/div><\/div>\n\n\n<style>.wp-block-kadence-advancedheading.kt-adv-heading2153_9d93cc-bd, .wp-block-kadence-advancedheading.kt-adv-heading2153_9d93cc-bd[data-kb-block=\"kb-adv-heading2153_9d93cc-bd\"]{font-style:normal;}.wp-block-kadence-advancedheading.kt-adv-heading2153_9d93cc-bd mark.kt-highlight, .wp-block-kadence-advancedheading.kt-adv-heading2153_9d93cc-bd[data-kb-block=\"kb-adv-heading2153_9d93cc-bd\"] mark.kt-highlight{font-style:normal;color:#f76a0c;-webkit-box-decoration-break:clone;box-decoration-break:clone;padding-top:0px;padding-right:0px;padding-bottom:0px;padding-left:0px;}.wp-block-kadence-advancedheading.kt-adv-heading2153_9d93cc-bd img.kb-inline-image, .wp-block-kadence-advancedheading.kt-adv-heading2153_9d93cc-bd[data-kb-block=\"kb-adv-heading2153_9d93cc-bd\"] img.kb-inline-image{width:150px;vertical-align:baseline;}<\/style>\n<h2 class=\"kt-adv-heading2153_9d93cc-bd wp-block-kadence-advancedheading\" data-kb-block=\"kb-adv-heading2153_9d93cc-bd\"><strong>Government of Canada Research Grant Program<\/strong><\/h2>\n\n\n\n<p><strong> <\/strong>Research grants are designed to assist individual scholars or a team of scholars in writing an article-length manuscript of publishable quality that contributes to a better knowledge and understanding of Canada, its relationship with the United States, and its international affairs. Applicants may request funding up to $20,000.<\/p>\n\n\n\n<p><a href=\"https:\/\/umaine.edu\/majorscholarships\/\">Click here for Office of Major Scholarships<\/a><\/p>\n\n\n<style>.wp-block-kadence-spacer.kt-block-spacer-2153_46ea27-cb .kt-block-spacer{height:60px;}.wp-block-kadence-spacer.kt-block-spacer-2153_46ea27-cb .kt-divider{border-top-width:1px;height:1px;border-top-color:#eee;width:80%;border-top-style:solid;}<\/style>\n<div class=\"wp-block-kadence-spacer aligncenter kt-block-spacer-2153_46ea27-cb\"><div class=\"kt-block-spacer kt-block-spacer-halign-center\"><hr class=\"kt-divider\" \/><\/div><\/div>\n\n\n\n<p><\/p>\n","protected":false},"excerpt":{"rendered":"<p>Explore grant and funding opportunities available through the Canadian-American Center. <\/p>\n","protected":false},"author":365,"featured_media":8708,"parent":0,"menu_order":14,"comment_status":"closed","ping_status":"closed","template":"","meta":{"_seopress_robots_primary_cat":"","_seopress_titles_title":"","_seopress_titles_desc":"","_seopress_robots_index":"","_kad_blocks_custom_css":"","_kad_blocks_head_custom_js":"","_kad_blocks_body_custom_js":"","_kad_blocks_footer_custom_js":"","_monsterinsights_skip_tracking":false,"_monsterinsights_sitenote_active":false,"_monsterinsights_sitenote_note":"","_monsterinsights_sitenote_category":0,"footnotes":""},"class_list":["post-2153","page","type-page","status-publish","has-post-thumbnail","hentry"],"taxonomy_info":[],"featured_image_src_large":["https:\/\/umaine.edu\/canam\/wp-content\/uploads\/sites\/149\/2018\/09\/Canadian-American-Center-funding-news-feature-1024x578.jpg",1024,578,true],"author_info":{"display_name":"","author_link":"https:\/\/umaine.edu\/canam\/author\/"},"comment_info":0,"_links":{"self":[{"href":"https:\/\/umaine.edu\/canam\/wp-json\/wp\/v2\/pages\/2153","targetHints":{"allow":["GET"]}}],"collection":[{"href":"https:\/\/umaine.edu\/canam\/wp-json\/wp\/v2\/pages"}],"about":[{"href":"https:\/\/umaine.edu\/canam\/wp-json\/wp\/v2\/types\/page"}],"author":[{"embeddable":true,"href":"https:\/\/umaine.edu\/canam\/wp-json\/wp\/v2\/users\/365"}],"replies":[{"embeddable":true,"href":"https:\/\/umaine.edu\/canam\/wp-json\/wp\/v2\/comments?post=2153"}],"version-history":[{"count":15,"href":"https:\/\/umaine.edu\/canam\/wp-json\/wp\/v2\/pages\/2153\/revisions"}],"predecessor-version":[{"id":13048,"href":"https:\/\/umaine.edu\/canam\/wp-json\/wp\/v2\/pages\/2153\/revisions\/13048"}],"wp:featuredmedia":[{"embeddable":true,"href":"https:\/\/umaine.edu\/canam\/wp-json\/wp\/v2\/media\/8708"}],"wp:attachment":[{"href":"https:\/\/umaine.edu\/canam\/wp-json\/wp\/v2\/media?parent=2153"}],"curies":[{"name":"wp","href":"https:\/\/api.w.org\/{rel}","templated":true}]}}