{"id":1898,"date":"2010-03-25T10:00:39","date_gmt":"2010-03-25T14:00:39","guid":{"rendered":"http:\/\/umaine.edu\/canam\/?page_id=1898"},"modified":"2025-05-13T12:11:57","modified_gmt":"2025-05-13T16:11:57","slug":"champlain-mapthey-would-not-take-me-there","status":"publish","type":"page","link":"https:\/\/umaine.edu\/canam\/champlain-mapthey-would-not-take-me-there\/","title":{"rendered":"Champlain Map: &#8220;They Would Not Take Me There&#8221;"},"content":{"rendered":"<style>.kb-row-layout-id1898_561007-c2 > .kt-row-column-wrap{align-content:start;}:where(.kb-row-layout-id1898_561007-c2 > .kt-row-column-wrap) > .wp-block-kadence-column{justify-content:start;}.kb-row-layout-id1898_561007-c2 > .kt-row-column-wrap{column-gap:80px;row-gap:var(--global-kb-gap-md, 2rem);max-width:1268px;padding-top:75px;padding-bottom:4px;grid-template-columns:repeat(2, minmax(0, 1fr));}.kb-row-layout-id1898_561007-c2{background-color:#faf4ec;}.kb-row-layout-id1898_561007-c2 > .kt-row-layout-overlay{opacity:0.30;}@media all and (max-width: 1024px){.kb-row-layout-id1898_561007-c2 > .kt-row-column-wrap{padding-top:50px;padding-right:50px;padding-bottom:50px;padding-left:50px;grid-template-columns:minmax(0, 1fr);}}@media all and (max-width: 767px){.kb-row-layout-id1898_561007-c2 > .kt-row-column-wrap{padding-right:25px;padding-bottom:50px;padding-left:25px;grid-template-columns:minmax(0, 1fr);}}<\/style><div class=\"kb-row-layout-wrap kb-row-layout-id1898_561007-c2 alignfull kt-row-has-bg um-UMBHHeaderWithTextRightCreamBg wp-block-kadence-rowlayout\"><div class=\"kt-row-column-wrap kt-has-2-columns kt-row-layout-equal kt-tab-layout-row kt-mobile-layout-row kt-row-valign-top kb-theme-content-width\">\n<style>.kadence-column1898_e4604a-b6 > .kt-inside-inner-col{display:flex;}.kadence-column1898_e4604a-b6 > .kt-inside-inner-col{padding-top:0px;padding-bottom:0px;}.kadence-column1898_e4604a-b6 > .kt-inside-inner-col,.kadence-column1898_e4604a-b6 > .kt-inside-inner-col:before{border-top-left-radius:0px;border-top-right-radius:0px;border-bottom-right-radius:0px;border-bottom-left-radius:0px;}.kadence-column1898_e4604a-b6 > .kt-inside-inner-col{column-gap:var(--global-kb-gap-sm, 1rem);}.kadence-column1898_e4604a-b6 > .kt-inside-inner-col{flex-direction:column;align-items:center;}.kadence-column1898_e4604a-b6 > .kt-inside-inner-col > .kb-image-is-ratio-size{align-self:stretch;}.kadence-column1898_e4604a-b6 > .kt-inside-inner-col > .wp-block-kadence-advancedgallery{align-self:stretch;}.kadence-column1898_e4604a-b6 > .kt-inside-inner-col > .aligncenter{width:100%;}.kadence-column1898_e4604a-b6 > .kt-inside-inner-col:before{opacity:0.3;}.kadence-column1898_e4604a-b6{position:relative;}@media all and (max-width: 1024px){.kadence-column1898_e4604a-b6 > .kt-inside-inner-col{padding-top:15px;padding-right:100px;padding-left:100px;flex-direction:column;justify-content:flex-start;align-items:center;}}@media all and (max-width: 1024px){.kt-row-column-wrap > .kadence-column1898_e4604a-b6{align-self:flex-start;}}@media all and (max-width: 1024px){.kt-inner-column-height-full:not(.kt-has-1-columns) > .wp-block-kadence-column.kadence-column1898_e4604a-b6{align-self:auto;}}@media all and (max-width: 1024px){.kt-inner-column-height-full:not(.kt-has-1-columns) > .wp-block-kadence-column.kadence-column1898_e4604a-b6 > .kt-inside-inner-col{flex-direction:column;justify-content:flex-start;}}@media all and (max-width: 767px){.kadence-column1898_e4604a-b6 > .kt-inside-inner-col{padding-top:0px;padding-right:0px;padding-left:0px;flex-direction:column;justify-content:flex-start;align-items:center;}.kt-row-column-wrap > .kadence-column1898_e4604a-b6{align-self:flex-start;}.kt-inner-column-height-full:not(.kt-has-1-columns) > .wp-block-kadence-column.kadence-column1898_e4604a-b6{align-self:auto;}.kt-inner-column-height-full:not(.kt-has-1-columns) > .wp-block-kadence-column.kadence-column1898_e4604a-b6 > .kt-inside-inner-col{flex-direction:column;justify-content:flex-start;}}<\/style>\n<div class=\"wp-block-kadence-column kadence-column1898_e4604a-b6\"><div class=\"kt-inside-inner-col\"><style>.kb-image1898_0c30dd-ca.kb-image-is-ratio-size, .kb-image1898_0c30dd-ca .kb-image-is-ratio-size{max-width:442px;width:100%;}.wp-block-kadence-column > .kt-inside-inner-col > .kb-image1898_0c30dd-ca.kb-image-is-ratio-size, .wp-block-kadence-column > .kt-inside-inner-col > .kb-image1898_0c30dd-ca .kb-image-is-ratio-size{align-self:unset;}.kb-image1898_0c30dd-ca{max-width:442px;}.image-is-svg.kb-image1898_0c30dd-ca{-webkit-flex:0 1 100%;flex:0 1 100%;}.image-is-svg.kb-image1898_0c30dd-ca img{width:100%;}.kb-image1898_0c30dd-ca .kb-image-has-overlay:after{opacity:0.3;}<\/style>\n<figure class=\"wp-block-kadence-image kb-image1898_0c30dd-ca size-medium_large kb-image-is-ratio-size\"><div class=\"kb-is-ratio-image kb-image-ratio-port34\"><img loading=\"lazy\" decoding=\"async\" width=\"768\" height=\"994\" src=\"https:\/\/umaine.edu\/canam\/wp-content\/uploads\/sites\/149\/2009\/10\/ChamplainCover-768x994.jpg\" alt=\"&quot;They Would Not Take Me There&quot; map of Champlain's travels in Canada\" class=\"kb-img wp-image-8463\" srcset=\"https:\/\/umaine.edu\/canam\/wp-content\/uploads\/sites\/149\/2009\/10\/ChamplainCover-768x994.jpg 768w, https:\/\/umaine.edu\/canam\/wp-content\/uploads\/sites\/149\/2009\/10\/ChamplainCover-232x300.jpg 232w, https:\/\/umaine.edu\/canam\/wp-content\/uploads\/sites\/149\/2009\/10\/ChamplainCover-791x1024.jpg 791w, https:\/\/umaine.edu\/canam\/wp-content\/uploads\/sites\/149\/2009\/10\/ChamplainCover-105x136.jpg 105w, https:\/\/umaine.edu\/canam\/wp-content\/uploads\/sites\/149\/2009\/10\/ChamplainCover-317x410.jpg 317w, https:\/\/umaine.edu\/canam\/wp-content\/uploads\/sites\/149\/2009\/10\/ChamplainCover-423x547.jpg 423w, https:\/\/umaine.edu\/canam\/wp-content\/uploads\/sites\/149\/2009\/10\/ChamplainCover-634x820.jpg 634w, https:\/\/umaine.edu\/canam\/wp-content\/uploads\/sites\/149\/2009\/10\/ChamplainCover-846x1095.jpg 846w, https:\/\/umaine.edu\/canam\/wp-content\/uploads\/sites\/149\/2009\/10\/ChamplainCover-951x1231.jpg 951w, https:\/\/umaine.edu\/canam\/wp-content\/uploads\/sites\/149\/2009\/10\/ChamplainCover-1268x1641.jpg 1268w\" sizes=\"auto, (max-width: 320px) 85vw, (max-width: 768px) 67vw, (max-width: 1024px) 62vw,768px\" \/><\/div><\/figure>\n<\/div><\/div>\n\n\n<style>.kadence-column1898_7f8c1d-e4 > .kt-inside-inner-col{display:flex;}.kadence-column1898_7f8c1d-e4 > .kt-inside-inner-col,.kadence-column1898_7f8c1d-e4 > .kt-inside-inner-col:before{border-top-left-radius:0px;border-top-right-radius:0px;border-bottom-right-radius:0px;border-bottom-left-radius:0px;}.kadence-column1898_7f8c1d-e4 > .kt-inside-inner-col{column-gap:var(--global-kb-gap-sm, 1rem);}.kadence-column1898_7f8c1d-e4 > .kt-inside-inner-col{flex-direction:column;justify-content:center;}.kadence-column1898_7f8c1d-e4 > .kt-inside-inner-col > .aligncenter{width:100%;}.kt-row-column-wrap > .kadence-column1898_7f8c1d-e4{align-self:center;}.kt-inner-column-height-full:not(.kt-has-1-columns) > .wp-block-kadence-column.kadence-column1898_7f8c1d-e4{align-self:auto;}.kt-inner-column-height-full:not(.kt-has-1-columns) > .wp-block-kadence-column.kadence-column1898_7f8c1d-e4 > .kt-inside-inner-col{flex-direction:column;justify-content:center;}.kadence-column1898_7f8c1d-e4 > .kt-inside-inner-col:before{opacity:0.3;}.kadence-column1898_7f8c1d-e4{position:relative;}.kadence-column1898_7f8c1d-e4, .kt-inside-inner-col > .kadence-column1898_7f8c1d-e4:not(.specificity){margin-top:-20px;}@media all and (max-width: 1024px){.kt-row-column-wrap > .kadence-column1898_7f8c1d-e4{align-self:center;}}@media all and (max-width: 1024px){.kt-inner-column-height-full:not(.kt-has-1-columns) > .wp-block-kadence-column.kadence-column1898_7f8c1d-e4{align-self:auto;}}@media all and (max-width: 1024px){.kt-inner-column-height-full:not(.kt-has-1-columns) > .wp-block-kadence-column.kadence-column1898_7f8c1d-e4 > .kt-inside-inner-col{flex-direction:column;justify-content:center;}}@media all and (max-width: 1024px){.kadence-column1898_7f8c1d-e4 > .kt-inside-inner-col{flex-direction:column;justify-content:center;}}@media all and (max-width: 767px){.kt-row-column-wrap > .kadence-column1898_7f8c1d-e4{align-self:center;}.kt-inner-column-height-full:not(.kt-has-1-columns) > .wp-block-kadence-column.kadence-column1898_7f8c1d-e4{align-self:auto;}.kt-inner-column-height-full:not(.kt-has-1-columns) > .wp-block-kadence-column.kadence-column1898_7f8c1d-e4 > .kt-inside-inner-col{flex-direction:column;justify-content:center;}.kadence-column1898_7f8c1d-e4 > .kt-inside-inner-col{flex-direction:column;justify-content:center;align-items:center;}.kadence-column1898_7f8c1d-e4, .kt-inside-inner-col > .kadence-column1898_7f8c1d-e4:not(.specificity){margin-top:-15px;margin-bottom:0px;}}<\/style>\n<div class=\"wp-block-kadence-column kadence-column1898_7f8c1d-e4\"><div class=\"kt-inside-inner-col\"><style>.wp-block-kadence-advancedheading.kt-adv-heading1898_e12c5a-b2, .wp-block-kadence-advancedheading.kt-adv-heading1898_e12c5a-b2[data-kb-block=\"kb-adv-heading1898_e12c5a-b2\"]{font-size:32px;font-weight:900;font-style:normal;font-family:stratum-1-web;text-transform:uppercase;color:#003263;}.wp-block-kadence-advancedheading.kt-adv-heading1898_e12c5a-b2 mark.kt-highlight, .wp-block-kadence-advancedheading.kt-adv-heading1898_e12c5a-b2[data-kb-block=\"kb-adv-heading1898_e12c5a-b2\"] mark.kt-highlight{font-style:normal;color:#f76a0c;-webkit-box-decoration-break:clone;box-decoration-break:clone;padding-top:0px;padding-right:0px;padding-bottom:0px;padding-left:0px;}.wp-block-kadence-advancedheading.kt-adv-heading1898_e12c5a-b2 img.kb-inline-image, .wp-block-kadence-advancedheading.kt-adv-heading1898_e12c5a-b2[data-kb-block=\"kb-adv-heading1898_e12c5a-b2\"] img.kb-inline-image{width:150px;vertical-align:baseline;}@media all and (max-width: 1024px){.wp-block-kadence-advancedheading.kt-adv-heading1898_e12c5a-b2, .wp-block-kadence-advancedheading.kt-adv-heading1898_e12c5a-b2[data-kb-block=\"kb-adv-heading1898_e12c5a-b2\"]{text-align:center!important;}}@media all and (max-width: 767px){.wp-block-kadence-advancedheading.kt-adv-heading1898_e12c5a-b2, .wp-block-kadence-advancedheading.kt-adv-heading1898_e12c5a-b2[data-kb-block=\"kb-adv-heading1898_e12c5a-b2\"]{margin-top:0px;text-align:center!important;}}<\/style>\n<h2 class=\"kt-adv-heading1898_e12c5a-b2 wp-block-kadence-advancedheading\" data-kb-block=\"kb-adv-heading1898_e12c5a-b2\">Champlain Map: &#8220;They Would Not Take Me There&#8221;<\/h2>\n\n\n\n<p>Award-winning EXPLANATORY MAP produced by the Canadian-American Center, illustrates the travels of Samuel de Champlain as he explored what is now Canada, seeking a route between the St. Lawrence River and James Bay.<\/p>\n\n\n\n<p><em>Authors\/Cartographers:<\/em> Michael James Hermann &amp; Margaret Wickens Pearce<br><em>Translator<\/em>: Raymond Pelletier<\/p>\n\n\n<style>.wp-block-kadence-advancedbtn.kt-btns1898_0abae3-75, .site .entry-content .wp-block-kadence-advancedbtn.kt-btns1898_0abae3-75, .wp-block-kadence-advancedbtn.kb-btns1898_0abae3-75, .site .entry-content .wp-block-kadence-advancedbtn.kb-btns1898_0abae3-75{margin-bottom:0px;}.wp-block-kadence-advancedbtn.kb-btns1898_0abae3-75{gap:25px;justify-content:flex-start;align-items:center;}.kt-btns1898_0abae3-75 .kt-button{font-weight:normal;font-style:normal;}@media all and (max-width: 1024px){.wp-block-kadence-advancedbtn.kt-btns1898_0abae3-75, .site .entry-content .wp-block-kadence-advancedbtn.kt-btns1898_0abae3-75, .wp-block-kadence-advancedbtn.kb-btns1898_0abae3-75, .site .entry-content .wp-block-kadence-advancedbtn.kb-btns1898_0abae3-75{margin-bottom:0px;}}@media all and (max-width: 1024px){.wp-block-kadence-advancedbtn.kb-btns1898_0abae3-75{justify-content:center;}}@media all and (max-width: 767px){.wp-block-kadence-advancedbtn.kt-btns1898_0abae3-75, .site .entry-content .wp-block-kadence-advancedbtn.kt-btns1898_0abae3-75, .wp-block-kadence-advancedbtn.kb-btns1898_0abae3-75, .site .entry-content .wp-block-kadence-advancedbtn.kb-btns1898_0abae3-75{margin-bottom:0px;}}<\/style>\n<div class=\"wp-block-kadence-advancedbtn kb-buttons-wrap kb-btns1898_0abae3-75\"><style>.wp-block-kadence-advancedbtn .kb-btn1898_7c557a-41.kb-button, ul.menu .wp-block-kadence-advancedbtn .kb-btn1898_7c557a-41.kb-button{width:482px;}.wp-block-kadence-advancedbtn .kb-btn1898_7c557a-41.kb-button{color:#082e58;background:#79bde8;font-size:16px;font-family:'Chakra Petch';font-weight:600;text-transform:uppercase;border-top-left-radius:20px;border-top-right-radius:20px;border-bottom-right-radius:20px;border-bottom-left-radius:20px;border-top:2px solid #79bde8;border-right:2px solid #79bde8;border-bottom:2px solid #79bde8;border-left:2px solid #79bde8;margin-top:20px;margin-bottom:20px;}.wp-block-kadence-advancedbtn .kb-btn1898_7c557a-41.kb-button:hover, .wp-block-kadence-advancedbtn .kb-btn1898_7c557a-41.kb-button:focus{color:#ffffff;background:#082e58;border-top-color:#082e58;border-top-style:solid;border-right-color:#082e58;border-right-style:solid;border-bottom-color:#082e58;border-bottom-style:solid;border-left-color:#082e58;border-left-style:solid;}@media all and (max-width: 1024px){.wp-block-kadence-advancedbtn .kb-btn1898_7c557a-41.kb-button{border-top:2px solid #79bde8;border-right:2px solid #79bde8;border-bottom:2px solid #79bde8;border-left:2px solid #79bde8;}}@media all and (max-width: 1024px){.wp-block-kadence-advancedbtn .kb-btn1898_7c557a-41.kb-button:hover, .wp-block-kadence-advancedbtn .kb-btn1898_7c557a-41.kb-button:focus{border-top-color:#082e58;border-top-style:solid;border-right-color:#082e58;border-right-style:solid;border-bottom-color:#082e58;border-bottom-style:solid;border-left-color:#082e58;border-left-style:solid;}}@media all and (max-width: 767px){.wp-block-kadence-advancedbtn .kb-btn1898_7c557a-41.kb-button{border-top:2px solid #79bde8;border-right:2px solid #79bde8;border-bottom:2px solid #79bde8;border-left:2px solid #79bde8;margin-bottom:0px;}.wp-block-kadence-advancedbtn .kb-btn1898_7c557a-41.kb-button:hover, .wp-block-kadence-advancedbtn .kb-btn1898_7c557a-41.kb-button:focus{border-top-color:#082e58;border-top-style:solid;border-right-color:#082e58;border-right-style:solid;border-bottom-color:#082e58;border-bottom-style:solid;border-left-color:#082e58;border-left-style:solid;}}<\/style><a class=\"kb-button kt-button button kb-btn1898_7c557a-41 kt-btn-size-xlarge kt-btn-width-type-fixed kb-btn-global-outline  kt-btn-has-text-true kt-btn-has-svg-false  wp-block-kadence-singlebtn\" href=\"https:\/\/secure.touchnet.com\/C22921_ustores\/web\/product_detail.jsp?PRODUCTID=485&#038;SINGLESTORE=true\"><span class=\"kt-btn-inner-text\"><strong>Click here to puchase the map<\/strong><\/span><\/a><\/div>\n<\/div><\/div>\n\n<\/div><\/div>\n\n\n<p class=\"has-text-align-center\"><\/p>\n\n\n\n<ul class=\"wp-block-list\"><\/ul>\n\n\n<style>.wp-block-kadence-advancedheading.kt-adv-heading1898_00567e-56, .wp-block-kadence-advancedheading.kt-adv-heading1898_00567e-56[data-kb-block=\"kb-adv-heading1898_00567e-56\"]{font-style:normal;}.wp-block-kadence-advancedheading.kt-adv-heading1898_00567e-56 mark.kt-highlight, .wp-block-kadence-advancedheading.kt-adv-heading1898_00567e-56[data-kb-block=\"kb-adv-heading1898_00567e-56\"] mark.kt-highlight{font-style:normal;color:#f76a0c;-webkit-box-decoration-break:clone;box-decoration-break:clone;padding-top:0px;padding-right:0px;padding-bottom:0px;padding-left:0px;}.wp-block-kadence-advancedheading.kt-adv-heading1898_00567e-56 img.kb-inline-image, .wp-block-kadence-advancedheading.kt-adv-heading1898_00567e-56[data-kb-block=\"kb-adv-heading1898_00567e-56\"] img.kb-inline-image{width:150px;vertical-align:baseline;}<\/style>\n<h2 class=\"kt-adv-heading1898_00567e-56 wp-block-kadence-advancedheading\" data-kb-block=\"kb-adv-heading1898_00567e-56\"><strong><a name=\"Description\"><\/a>Description<a name=\"Description\"><\/a>:<\/strong><\/h2>\n\n\n\n<p>This map, produced by the Canadian-American Center, illustrates the travels of Samuel de Champlain as he explored Canada between 1603 and 1616. During those thirteen years, Champlain made seven trips into the interior, forging trade alliances with multiple First Nations, accompanying them in their wars against the Iroquois, building Qu\u00e9bec, and collecting geographic information for his maps and journals. These travels were dependent on the knowledge, skills, and technologies of the Algonquin, Wendat, Wabanaki, and Innu which formed the basis for his published journals, <em>Les Savauges and Les Voyages<\/em>.<\/p>\n\n\n\n<p>Although Champlain&#8217;s attention encompassed a range of economic, religious, and colonial interests, his written accounts suggest a personal passion for finding the connection between the St. Lawrence River and what is now James Bay. Drawing on Biggar&#8217;s edition of Champlain&#8217;s journals (<em>The Works of Samuel de Champlain<\/em>, H.P. Biggar, ed. 1922-36), Trigger&#8217;s ethnohistorical Huron study, <em>(The Children of Aataentsic: A History of the Huron People to 1660, <\/em>Bruce G. Trigger, 1987)<em>,<\/em> and numerous linguistic and geographical references, this cartographic work weaves together Native and non-Native experiences, negotiations, and strategies in the years before the creation of Qu\u00e9bec City and New France.<\/p>\n\n\n\n<p>We invite you to travel through the map by following the blue ribbons of his routes, upriver and over land. Along those routes, stories are told through a combination of Champlain&#8217;s voice from his journals, Native voices in an imagined dialogue, and the cartographers&#8217; voice. Contemporary, French, and Native place names from the Cayuga, Montagnais, Algonquin, Western Abenaki, Mi&#8217;kmaq, and Wendat named places are also included. Five sequential cartographic insets tell stories with greater depth for Tadoussac, Quebec City, Montreal, Morrison Island, and the Pentaguishene Peninsula.<\/p>\n\n\n\n<p><\/p>\n\n\n<style>.wp-block-kadence-advancedheading.kt-adv-heading1898_2cd1ce-8b, .wp-block-kadence-advancedheading.kt-adv-heading1898_2cd1ce-8b[data-kb-block=\"kb-adv-heading1898_2cd1ce-8b\"]{font-style:normal;}.wp-block-kadence-advancedheading.kt-adv-heading1898_2cd1ce-8b mark.kt-highlight, .wp-block-kadence-advancedheading.kt-adv-heading1898_2cd1ce-8b[data-kb-block=\"kb-adv-heading1898_2cd1ce-8b\"] mark.kt-highlight{font-style:normal;color:#f76a0c;-webkit-box-decoration-break:clone;box-decoration-break:clone;padding-top:0px;padding-right:0px;padding-bottom:0px;padding-left:0px;}.wp-block-kadence-advancedheading.kt-adv-heading1898_2cd1ce-8b img.kb-inline-image, .wp-block-kadence-advancedheading.kt-adv-heading1898_2cd1ce-8b[data-kb-block=\"kb-adv-heading1898_2cd1ce-8b\"] img.kb-inline-image{width:150px;vertical-align:baseline;}<\/style>\n<h2 class=\"kt-adv-heading1898_2cd1ce-8b wp-block-kadence-advancedheading\" data-kb-block=\"kb-adv-heading1898_2cd1ce-8b\">The Cartographers&#8217; Voices <em>: <\/em><\/h2>\n\n\n\n<p>&#8220;<em>At one level, Champlain\u2019s explorations have been extensively documented and mapped by scholars focusing on the locations and dates of Champlain\u2019s arrivals and departures. But these maps are silent with regard to the Indigenous geographies through which Champlain moved and upon which he relied for the success of his own explorations and mappings. Also, they fail to convey the human experiences which shape the emotional geographies of his journals.&#8221;<br>&#8211;<\/em> Margaret W. Pearce and Michael J. Hermann<\/p>\n\n\n\n<p><strong><em>English on one side:<br><\/em><\/strong><em>They Would Not Take Me There; People, Places and Stories from Champlain&#8217;s Travels in Canada, 1603-1616 <\/em><\/p>\n\n\n\n<p><strong><em>Fran\u00e7ais de l&#8217;autre c\u00f4t\u00e9: <br><\/em><\/strong><em>Les hommes, les lieux, et les histoires retrouv\u00e9es des Voyages de Samuel de Champlain au Canada, 1603-1616<\/em><\/p>\n\n\n\n<p><strong>Measurements<a name=\"Measurements\"><\/a>:<\/strong><br>Flat: 39 x 59 inches<br>Folded: 8 x 10 inches<br>Available rolled or folded<\/p>\n\n\n\n<p>ISBN 978-0615-23159-4<\/p>\n\n\n\n<p><strong>Publisher:<\/strong><br>The University of Maine<br>Canadian\u2013American Center<br>Orono, Maine, USA<\/p>\n\n\n\n<p><strong>Price (US):<\/strong><br>Retail: $14.99, plus postage<\/p>\n","protected":false},"excerpt":{"rendered":"<p>Champlain Map: &#8220;They Would Not Take Me There&#8221; Award-winning EXPLANATORY MAP produced by the Canadian-American Center, illustrates the travels of Samuel de Champlain as he explored what is now Canada, seeking a route between the St. Lawrence River and James Bay. Authors\/Cartographers: Michael James Hermann &amp; Margaret Wickens PearceTranslator: Raymond Pelletier Description: This map, produced [&hellip;]<\/p>\n","protected":false},"author":365,"featured_media":0,"parent":0,"menu_order":2,"comment_status":"closed","ping_status":"closed","template":"","meta":{"_seopress_robots_primary_cat":"","_seopress_titles_title":"","_seopress_titles_desc":"","_seopress_robots_index":"","_kad_blocks_custom_css":"","_kad_blocks_head_custom_js":"","_kad_blocks_body_custom_js":"","_kad_blocks_footer_custom_js":"","_monsterinsights_skip_tracking":false,"_monsterinsights_sitenote_active":false,"_monsterinsights_sitenote_note":"","_monsterinsights_sitenote_category":0,"footnotes":""},"class_list":["post-1898","page","type-page","status-publish","hentry"],"taxonomy_info":[],"featured_image_src_large":false,"author_info":{"display_name":"","author_link":"https:\/\/umaine.edu\/canam\/author\/"},"comment_info":0,"_links":{"self":[{"href":"https:\/\/umaine.edu\/canam\/wp-json\/wp\/v2\/pages\/1898","targetHints":{"allow":["GET"]}}],"collection":[{"href":"https:\/\/umaine.edu\/canam\/wp-json\/wp\/v2\/pages"}],"about":[{"href":"https:\/\/umaine.edu\/canam\/wp-json\/wp\/v2\/types\/page"}],"author":[{"embeddable":true,"href":"https:\/\/umaine.edu\/canam\/wp-json\/wp\/v2\/users\/365"}],"replies":[{"embeddable":true,"href":"https:\/\/umaine.edu\/canam\/wp-json\/wp\/v2\/comments?post=1898"}],"version-history":[{"count":4,"href":"https:\/\/umaine.edu\/canam\/wp-json\/wp\/v2\/pages\/1898\/revisions"}],"predecessor-version":[{"id":12403,"href":"https:\/\/umaine.edu\/canam\/wp-json\/wp\/v2\/pages\/1898\/revisions\/12403"}],"wp:attachment":[{"href":"https:\/\/umaine.edu\/canam\/wp-json\/wp\/v2\/media?parent=1898"}],"curies":[{"name":"wp","href":"https:\/\/api.w.org\/{rel}","templated":true}]}}