{"id":1849,"date":"2010-02-25T09:45:42","date_gmt":"2010-02-25T14:45:42","guid":{"rendered":"http:\/\/umaine.edu\/canam\/?page_id=1849"},"modified":"2025-11-21T15:44:13","modified_gmt":"2025-11-21T20:44:13","slug":"canadian-studies-faculty-distinctions","status":"publish","type":"page","link":"https:\/\/umaine.edu\/canam\/canadian-studies-faculty-distinctions\/","title":{"rendered":"Faculty Distinctions &#8211; Raymond"},"content":{"rendered":"<p><strong><a name=\"ray\"><\/a>Raymond Pelletier<\/strong><\/p>\n<ul>\n<li>20\/20 Vision Award in Recognition of Extraordinary Vision and\n<figure id=\"2134\" class=\"wp-caption alignright\"><a class=\"thickbox\" title=\"Ray\" href=\"\/canam\/wp-content\/uploads\/sites\/149\/2010\/02\/Ray5.jpg\" rel=\"same-post-1849\"><img loading=\"lazy\" decoding=\"async\" class=\"wp-image-2134 size-medium\" title=\"Ray\" src=\"https:\/\/umaine.edu\/canam\/wp-content\/uploads\/sites\/149\/2010\/04\/Ray5-249x187.jpg\" alt=\"Dr. Raymond Pelletier\" width=\"200\" height=\"150\" \/><\/a><figcaption class=\"wp-caption-text\">Dr. Raymond Pelletier<\/figcaption><\/figure>\n<p>Distinguished Performance, Association of Canadian Studies in the United States, November 24, 2009, San Diego, California<\/li>\n<li>Richard Williamson FLAME (Foreign Language Association of Maine) Leadership Award for 2009, March 17, 2009, Portland, Maine.<\/li>\n<li>Accepted, on behalf of the American Council for Qu\u00e9bec Studies, the Prix du 3-juillet- 1608 from the Conseil Sup\u00e9rieur de la Langue Fran\u00e7aise for exemplary contributions to expanding awareness of North American French language and culture. Qu\u00e9bec City, Qu\u00e9bec, Canada, March 15, 2005<\/li>\n<li>Honored for 25 years of service to the University of Maine, May 8, 2004.<\/li>\n<li>Honored as laur\u00e9at of the American Association of Teachers of French, Northeast Regional Conference of the AATF, Boston, Massachusetts, September, 1994.<\/li>\n<li>Honoree for having taken the lead in developing Academic Alliances, American Association for Higher Education, San Diego, California, June, 1992.<\/li>\n<\/ul>\n","protected":false},"excerpt":{"rendered":"<p>Raymond Pelletier 20\/20 Vision Award in Recognition of Extraordinary Vision and Distinguished Performance, Association of Canadian Studies in the United States, November 24, 2009, San Diego, California Richard Williamson FLAME (Foreign Language Association of Maine) Leadership Award for 2009, March 17, 2009, Portland, Maine. Accepted, on behalf of the American Council for Qu\u00e9bec Studies, the [&hellip;]<\/p>\n","protected":false},"author":365,"featured_media":0,"parent":0,"menu_order":2,"comment_status":"closed","ping_status":"closed","template":"","meta":{"_seopress_robots_primary_cat":"","_seopress_titles_title":"","_seopress_titles_desc":"","_seopress_robots_index":"","_kad_blocks_custom_css":"","_kad_blocks_head_custom_js":"","_kad_blocks_body_custom_js":"","_kad_blocks_footer_custom_js":"","_monsterinsights_skip_tracking":false,"_monsterinsights_sitenote_active":false,"_monsterinsights_sitenote_note":"","_monsterinsights_sitenote_category":0,"footnotes":""},"class_list":["post-1849","page","type-page","status-publish","hentry"],"taxonomy_info":[],"featured_image_src_large":false,"author_info":{"display_name":"","author_link":"https:\/\/umaine.edu\/canam\/author\/"},"comment_info":0,"_links":{"self":[{"href":"https:\/\/umaine.edu\/canam\/wp-json\/wp\/v2\/pages\/1849","targetHints":{"allow":["GET"]}}],"collection":[{"href":"https:\/\/umaine.edu\/canam\/wp-json\/wp\/v2\/pages"}],"about":[{"href":"https:\/\/umaine.edu\/canam\/wp-json\/wp\/v2\/types\/page"}],"author":[{"embeddable":true,"href":"https:\/\/umaine.edu\/canam\/wp-json\/wp\/v2\/users\/365"}],"replies":[{"embeddable":true,"href":"https:\/\/umaine.edu\/canam\/wp-json\/wp\/v2\/comments?post=1849"}],"version-history":[{"count":1,"href":"https:\/\/umaine.edu\/canam\/wp-json\/wp\/v2\/pages\/1849\/revisions"}],"predecessor-version":[{"id":12888,"href":"https:\/\/umaine.edu\/canam\/wp-json\/wp\/v2\/pages\/1849\/revisions\/12888"}],"wp:attachment":[{"href":"https:\/\/umaine.edu\/canam\/wp-json\/wp\/v2\/media?parent=1849"}],"curies":[{"name":"wp","href":"https:\/\/api.w.org\/{rel}","templated":true}]}}